{"id":15033,"date":"2025-12-16T11:31:45","date_gmt":"2025-12-16T04:31:45","guid":{"rendered":"https:\/\/hibucenter.com\/index.php\/gia-treo-da-nang-glaming-naturehike-nh20sk012\/"},"modified":"2025-12-16T11:31:57","modified_gmt":"2025-12-16T04:31:57","slug":"gia-treo-da-nang-glaming-naturehike-nh20sk012","status":"publish","type":"product","link":"https:\/\/hibucenter.com\/index.php\/gia-treo-da-nang-glaming-naturehike-nh20sk012\/","title":{"rendered":"Gi\u00e1 treo \u0111a n\u0103ng Glaming NatureHike NH20SK012"},"content":{"rendered":"<p>&#8211; Th\u01b0\u01a1ng hi\u1ec7u: NatureHike<br \/>\n&#8211; Ch\u1ea5t li\u1ec7u: S\u1eaft<br \/>\n&#8211; K\u00edch th\u01b0\u1edbc &#038; Tr\u1ecdng l\u01b0\u1ee3ng:<br \/>\n\u00a0 \u00a0+ Size to: K\u00edch th\u01b0\u1edbc s\u1eed d\u1ee5ng 15*84*75cm; K\u00edch th\u01b0\u1edbc g\u1ea5p g\u1ecdn 85.5*40cm; Tr\u1ecdng l\u01b0\u1ee3ng 11.5kg<br \/>\n&#8211; T\u1ea3i tr\u1ecdng: 60kg<br \/>\n&#8211; Ch\u1ecbu nhi\u1ec7t \u0111\u1ed9: <700\u00b0C\n- Xu\u1ea5t x\u1ee9: Trung Qu\u1ed1c\n<\/p>\n","protected":false},"excerpt":{"rendered":"<p>&#8211; Th\u01b0\u01a1ng hi\u1ec7u: NatureHike &#8211; Ch\u1ea5t li\u1ec7u: S\u1eaft &#8211; K\u00edch th\u01b0\u1edbc &#038; Tr\u1ecdng l\u01b0\u1ee3ng: \u00a0 \u00a0+ Size to: K\u00edch th\u01b0\u1edbc s\u1eed d\u1ee5ng 15*84*75cm; K\u00edch th\u01b0\u1edbc g\u1ea5p g\u1ecdn 85.5*40cm; Tr\u1ecdng l\u01b0\u1ee3ng 11.5kg &#8211; T\u1ea3i tr\u1ecdng: 60kg &#8211; Ch\u1ecbu nhi\u1ec7t \u0111\u1ed9:<\/p>\n","protected":false},"featured_media":15035,"comment_status":"closed","ping_status":"open","template":"","meta":[],"product_cat":[15],"product_tag":[],"class_list":{"0":"post-15033","1":"product","2":"type-product","3":"status-publish","4":"has-post-thumbnail","6":"product_cat-uncategorized","8":"first","9":"instock","10":"purchasable","11":"product-type-simple","12":"col-xs-6 col-sm-4","13":"col-md-3 col-lg-3","14":"un-4-cols"},"_links":{"self":[{"href":"https:\/\/hibucenter.com\/index.php\/wp-json\/wp\/v2\/product\/15033","targetHints":{"allow":["GET"]}}],"collection":[{"href":"https:\/\/hibucenter.com\/index.php\/wp-json\/wp\/v2\/product"}],"about":[{"href":"https:\/\/hibucenter.com\/index.php\/wp-json\/wp\/v2\/types\/product"}],"replies":[{"embeddable":true,"href":"https:\/\/hibucenter.com\/index.php\/wp-json\/wp\/v2\/comments?post=15033"}],"version-history":[{"count":1,"href":"https:\/\/hibucenter.com\/index.php\/wp-json\/wp\/v2\/product\/15033\/revisions"}],"predecessor-version":[{"id":15034,"href":"https:\/\/hibucenter.com\/index.php\/wp-json\/wp\/v2\/product\/15033\/revisions\/15034"}],"wp:featuredmedia":[{"embeddable":true,"href":"https:\/\/hibucenter.com\/index.php\/wp-json\/wp\/v2\/media\/15035"}],"wp:attachment":[{"href":"https:\/\/hibucenter.com\/index.php\/wp-json\/wp\/v2\/media?parent=15033"}],"wp:term":[{"taxonomy":"product_cat","embeddable":true,"href":"https:\/\/hibucenter.com\/index.php\/wp-json\/wp\/v2\/product_cat?post=15033"},{"taxonomy":"product_tag","embeddable":true,"href":"https:\/\/hibucenter.com\/index.php\/wp-json\/wp\/v2\/product_tag?post=15033"}],"curies":[{"name":"wp","href":"https:\/\/api.w.org\/{rel}","templated":true}]}}