{"id":15019,"date":"2025-12-16T11:31:45","date_gmt":"2025-12-16T04:31:45","guid":{"rendered":"https:\/\/hibucenter.com\/index.php\/tui-dung-dien-thoai-chong-nuoc-naturehike-nh20sm003\/"},"modified":"2025-12-16T11:31:55","modified_gmt":"2025-12-16T04:31:55","slug":"tui-dung-dien-thoai-chong-nuoc-naturehike-nh20sm003","status":"publish","type":"product","link":"https:\/\/hibucenter.com\/index.php\/tui-dung-dien-thoai-chong-nuoc-naturehike-nh20sm003\/","title":{"rendered":"T\u00fai \u0111\u1ef1ng \u0111i\u1ec7n tho\u1ea1i ch\u1ed1ng n\u01b0\u1edbc NatureHike NH20SM003"},"content":{"rendered":"<p>&#8211; Th\u01b0\u01a1ng hi\u1ec7u: NatureHike<br \/>\n&#8211; Ch\u1ea5t li\u1ec7u: Nh\u1ef1a d\u1ebbo TPU &#038; NyloN 420D<br \/>\n&#8211; Ch\u1ec9 s\u1ed1 ch\u1ed1ng n\u01b0\u1edbc: IPX8, ch\u1ed1ng n\u01b0\u1edbc 100%, s\u1eed d\u1ee5ng d\u01b0\u1edbi \u0111\u1ed9 s\u00e2u \u0111\u1ebfn 40m<br \/>\n&#8211; Tr\u1ecdng l\u01b0\u1ee3ng: 40g<br \/>\n&#8211; K\u00edch th\u01b0\u1edbc: 20x11x2cm<br \/>\n&#8211; Ph\u00f9 h\u1ee3p v\u1edbi c\u00e1c d\u00f2ng m\u00e1y kh\u00e1c nhau c\u00f3 s\u1ed1 \u0111o m\u00e0n h\u00ecnh d\u01b0\u1edbi 7inch<br \/>\n&#8211; Xu\u1ea5t x\u1ee9: Trung Qu\u1ed1c<br \/>\n&#8211; Th\u00edch h\u1ee3p: c\u00e1c ho\u1ea1t \u0111\u1ed9ng ngo\u00e0i tr\u1eddi khi g\u1eb7p th\u1eddi ti\u1ebft m\u01b0a, \u0111i b\u01a1i, l\u1eb7n bi\u1ec3n, c\u00e1c ho\u1ea1t \u0111\u1ed9ng vui ch\u01a1i ngo\u00e0i bi\u1ec3n&#8230;<\/p>\n","protected":false},"excerpt":{"rendered":"<p>&#8211; Th\u01b0\u01a1ng hi\u1ec7u: NatureHike &#8211; Ch\u1ea5t li\u1ec7u: Nh\u1ef1a d\u1ebbo TPU &#038; NyloN 420D &#8211; Ch\u1ec9 s\u1ed1 ch\u1ed1ng n\u01b0\u1edbc: IPX8, ch\u1ed1ng n\u01b0\u1edbc 100%, s\u1eed d\u1ee5ng d\u01b0\u1edbi \u0111\u1ed9 s\u00e2u \u0111\u1ebfn 40m &#8211; Tr\u1ecdng l\u01b0\u1ee3ng: 40g &#8211; K\u00edch th\u01b0\u1edbc: 20x11x2cm &#8211; Ph\u00f9 h\u1ee3p v\u1edbi c\u00e1c d\u00f2ng m\u00e1y kh\u00e1c nhau c\u00f3 s\u1ed1 \u0111o m\u00e0n h\u00ecnh d\u01b0\u1edbi 7inch &#8211; Xu\u1ea5t&hellip;<\/p>\n","protected":false},"featured_media":15029,"comment_status":"closed","ping_status":"open","template":"","meta":[],"product_cat":[15],"product_tag":[],"class_list":{"0":"post-15019","1":"product","2":"type-product","3":"status-publish","4":"has-post-thumbnail","6":"product_cat-uncategorized","8":"first","9":"instock","10":"purchasable","11":"product-type-simple","12":"col-xs-6 col-sm-4","13":"col-md-3 col-lg-3","14":"un-4-cols"},"_links":{"self":[{"href":"https:\/\/hibucenter.com\/index.php\/wp-json\/wp\/v2\/product\/15019","targetHints":{"allow":["GET"]}}],"collection":[{"href":"https:\/\/hibucenter.com\/index.php\/wp-json\/wp\/v2\/product"}],"about":[{"href":"https:\/\/hibucenter.com\/index.php\/wp-json\/wp\/v2\/types\/product"}],"replies":[{"embeddable":true,"href":"https:\/\/hibucenter.com\/index.php\/wp-json\/wp\/v2\/comments?post=15019"}],"version-history":[{"count":1,"href":"https:\/\/hibucenter.com\/index.php\/wp-json\/wp\/v2\/product\/15019\/revisions"}],"predecessor-version":[{"id":15020,"href":"https:\/\/hibucenter.com\/index.php\/wp-json\/wp\/v2\/product\/15019\/revisions\/15020"}],"wp:featuredmedia":[{"embeddable":true,"href":"https:\/\/hibucenter.com\/index.php\/wp-json\/wp\/v2\/media\/15029"}],"wp:attachment":[{"href":"https:\/\/hibucenter.com\/index.php\/wp-json\/wp\/v2\/media?parent=15019"}],"wp:term":[{"taxonomy":"product_cat","embeddable":true,"href":"https:\/\/hibucenter.com\/index.php\/wp-json\/wp\/v2\/product_cat?post=15019"},{"taxonomy":"product_tag","embeddable":true,"href":"https:\/\/hibucenter.com\/index.php\/wp-json\/wp\/v2\/product_tag?post=15019"}],"curies":[{"name":"wp","href":"https:\/\/api.w.org\/{rel}","templated":true}]}}