{"id":14996,"date":"2025-12-16T11:31:08","date_gmt":"2025-12-16T04:31:08","guid":{"rendered":"https:\/\/hibucenter.com\/index.php\/ghe-da-ngoai-xep-gon-naturehike-nh19y001-z\/"},"modified":"2025-12-16T11:31:36","modified_gmt":"2025-12-16T04:31:36","slug":"ghe-da-ngoai-xep-gon-naturehike-nh19y001-z","status":"publish","type":"product","link":"https:\/\/hibucenter.com\/index.php\/ghe-da-ngoai-xep-gon-naturehike-nh19y001-z\/","title":{"rendered":"Gh\u1ebf d\u00e3 ngo\u1ea1i x\u1ebfp g\u1ecdn NatureHike NH19Y001-Z"},"content":{"rendered":"<p>Th\u00f4ng tin s\u1ea3n ph\u1ea9m:<br \/>\n&#8211; Th\u01b0\u01a1ng hi\u1ec7u: Naturehike<br \/>\n&#8211; M\u00e3 s\u1ea3n ph\u1ea9m: NH19Y001-Z<br \/>\n&#8211; K\u00edch th\u01b0\u1edbc: 81x52x46cm<br \/>\n&#8211; Tr\u1ecdng l\u01b0\u1ee3ng: 2,9kg<br \/>\n&#8211; Ch\u1ea5t li\u1ec7u: h\u1ee3p kim nh\u00f4m, v\u1ea3i oxford 600D<\/p>\n<p>Gh\u1ebf x\u1ebfp d\u00e3 ngo\u1ea1i hay gh\u1ebf du l\u1ecbch l\u00e0 nh\u1eefng s\u1ea3n ph\u1ea9m quan tr\u1ecdng, \u0111\u01b0\u1ee3c t\u1eadn d\u1ee5ng nhi\u1ec1u trong c\u00e1c chuy\u1ebfn \u0111i d\u00e3 ngo\u1ea1i, c\u1eafm tr\u1ea1i kh\u00e1c nhau. Gh\u1ebf mang \u0111\u1ebfn cho ng\u01b0\u1eddi d\u00f9ng ch\u1ed7 ngh\u1ec9 ch\u00e2n ti\u1ec7n l\u1ee3i, \u0111\u1ed3ng th\u1eddi t\u1ea1o kh\u00f4ng gian sinh ho\u1ea1t t\u1ed1t h\u01a1n khi \u1edf ngo\u00e0i tr\u1eddi.<\/p>\n<p>V\u1edbi gh\u1ebf x\u1ebfp du l\u1ecbch Naturehike NH19Y001-Z, s\u1ea3n ph\u1ea9m kh\u00f4ng ch\u1ec9 mang \u0111\u1ebfn s\u1ef1 ti\u1ec7n l\u1ee3i trong c\u00e1c chuy\u1ebfn \u0111i m\u00e0 c\u00f2n gi\u00fap ng\u01b0\u1eddi d\u00f9ng c\u00f3 nhi\u1ec1u ti\u1ec7n \u00edch h\u01a1n trong sinh ho\u1ea1t th\u01b0\u1eddng ng\u00e0y.<\/p>\n","protected":false},"excerpt":{"rendered":"<p>Th\u00f4ng tin s\u1ea3n ph\u1ea9m: &#8211; Th\u01b0\u01a1ng hi\u1ec7u: Naturehike &#8211; M\u00e3 s\u1ea3n ph\u1ea9m: NH19Y001-Z &#8211; K\u00edch th\u01b0\u1edbc: 81x52x46cm &#8211; Tr\u1ecdng l\u01b0\u1ee3ng: 2,9kg &#8211; Ch\u1ea5t li\u1ec7u: h\u1ee3p kim nh\u00f4m, v\u1ea3i oxford 600D Gh\u1ebf x\u1ebfp d\u00e3 ngo\u1ea1i hay gh\u1ebf du l\u1ecbch l\u00e0 nh\u1eefng s\u1ea3n ph\u1ea9m quan tr\u1ecdng, \u0111\u01b0\u1ee3c t\u1eadn d\u1ee5ng nhi\u1ec1u trong c\u00e1c chuy\u1ebfn \u0111i d\u00e3 ngo\u1ea1i, c\u1eafm&hellip;<\/p>\n","protected":false},"featured_media":14999,"comment_status":"closed","ping_status":"open","template":"","meta":[],"product_cat":[15],"product_tag":[],"class_list":{"0":"post-14996","1":"product","2":"type-product","3":"status-publish","4":"has-post-thumbnail","6":"product_cat-uncategorized","8":"first","9":"instock","10":"purchasable","11":"product-type-simple","12":"col-xs-6 col-sm-4","13":"col-md-3 col-lg-3","14":"un-4-cols"},"_links":{"self":[{"href":"https:\/\/hibucenter.com\/index.php\/wp-json\/wp\/v2\/product\/14996","targetHints":{"allow":["GET"]}}],"collection":[{"href":"https:\/\/hibucenter.com\/index.php\/wp-json\/wp\/v2\/product"}],"about":[{"href":"https:\/\/hibucenter.com\/index.php\/wp-json\/wp\/v2\/types\/product"}],"replies":[{"embeddable":true,"href":"https:\/\/hibucenter.com\/index.php\/wp-json\/wp\/v2\/comments?post=14996"}],"version-history":[{"count":1,"href":"https:\/\/hibucenter.com\/index.php\/wp-json\/wp\/v2\/product\/14996\/revisions"}],"predecessor-version":[{"id":14997,"href":"https:\/\/hibucenter.com\/index.php\/wp-json\/wp\/v2\/product\/14996\/revisions\/14997"}],"wp:featuredmedia":[{"embeddable":true,"href":"https:\/\/hibucenter.com\/index.php\/wp-json\/wp\/v2\/media\/14999"}],"wp:attachment":[{"href":"https:\/\/hibucenter.com\/index.php\/wp-json\/wp\/v2\/media?parent=14996"}],"wp:term":[{"taxonomy":"product_cat","embeddable":true,"href":"https:\/\/hibucenter.com\/index.php\/wp-json\/wp\/v2\/product_cat?post=14996"},{"taxonomy":"product_tag","embeddable":true,"href":"https:\/\/hibucenter.com\/index.php\/wp-json\/wp\/v2\/product_tag?post=14996"}],"curies":[{"name":"wp","href":"https:\/\/api.w.org\/{rel}","templated":true}]}}