{"id":14990,"date":"2025-12-16T11:31:08","date_gmt":"2025-12-16T04:31:08","guid":{"rendered":"https:\/\/hibucenter.com\/index.php\/leu-mong-co-glamping-5-8-nguoi-naturehike-nh20zp005\/"},"modified":"2025-12-16T11:31:33","modified_gmt":"2025-12-16T04:31:33","slug":"leu-mong-co-glamping-5-8-nguoi-naturehike-nh20zp005","status":"publish","type":"product","link":"https:\/\/hibucenter.com\/index.php\/leu-mong-co-glamping-5-8-nguoi-naturehike-nh20zp005\/","title":{"rendered":"L\u1ec1u M\u00f4ng C\u1ed5 Glamping 5 &#8211; 8 ng\u01b0\u1eddi Naturehike NH20ZP005"},"content":{"rendered":"<p>TH\u00d4NG TIN S\u1ea2N PH\u1ea8M:<br \/>\n&#8211; Th\u01b0\u01a1ng hi\u1ec7u: Naturehike<br \/>\n&#8211; M\u00e3 s\u1ea3n ph\u1ea9m: NH20ZP005<br \/>\n&#8211; D\u00f2ng s\u1ea3n ph\u1ea9m: Glamping<br \/>\n&#8211; Ch\u1ea5t li\u1ec7u: v\u1ea3i s\u1ee3i cotton pha, l\u01b0\u1edbi polyester, kh\u00f3a YKK, v\u1ea3i PVC<br \/>\n&#8211; Ch\u1ec9 s\u1ed1 ch\u1ed1ng th\u1ea5m v\u1ea3i l\u1ec1u: <1000 mm\n- Ch\u1ec9 s\u1ed1 ch\u1ed1ng th\u1ea5m \u0111\u00e1y l\u1ec1u: <1000 mm\n- K\u00edch th\u01b0\u1edbc s\u1eed d\u1ee5ng: 410 x 410 x 280 cm\n- K\u00edch th\u01b0\u1edbc g\u1eadp g\u1ecdn: 78 x 28 x 38 cm\n- Tr\u1ecdng l\u01b0\u1ee3ng: 23,6 kg\n- M\u00e0u s\u1eafc: v\u00e0ng c\u00e1t\n- Ph\u1ee5 ki\u1ec7n: 2 c\u1ed9t \u0111\u1ee1, 6 d\u00e2y gi\u00f3, 20 \u0111inh c\u1ed1 \u0111\u1ecbnh\n\nL\u1ec1u M\u00f4ng c\u1ed5 Glamping Naturehike c\u00f3 ch\u00f3p l\u1ec1u cao 2,8m, kh\u00f4ng gian l\u1ec1u r\u1ea5t r\u1ed9ng t\u1edbi 4,1m, 2 c\u1eeda th\u00f4ng tho\u00e1ng t\u1ea1o c\u1ea3m gi\u00e1c r\u1ed9ng r\u00e3i tho\u00e1ng m\u00e1t. Ph\u00f9 h\u1ee3p sinh ho\u1ea1t gia \u0111\u00ecnh, nh\u00f3m b\u1ea1n ho\u1eb7c d\u00e3 ngo\u1ea1i theo nh\u00f3m.\n<\/p>\n","protected":false},"excerpt":{"rendered":"<p>TH\u00d4NG TIN S\u1ea2N PH\u1ea8M: &#8211; Th\u01b0\u01a1ng hi\u1ec7u: Naturehike &#8211; M\u00e3 s\u1ea3n ph\u1ea9m: NH20ZP005 &#8211; D\u00f2ng s\u1ea3n ph\u1ea9m: Glamping &#8211; Ch\u1ea5t li\u1ec7u: v\u1ea3i s\u1ee3i cotton pha, l\u01b0\u1edbi polyester, kh\u00f3a YKK, v\u1ea3i PVC &#8211; Ch\u1ec9 s\u1ed1 ch\u1ed1ng th\u1ea5m v\u1ea3i l\u1ec1u:<\/p>\n","protected":false},"featured_media":14992,"comment_status":"closed","ping_status":"open","template":"","meta":[],"product_cat":[15],"product_tag":[],"class_list":{"0":"post-14990","1":"product","2":"type-product","3":"status-publish","4":"has-post-thumbnail","6":"product_cat-uncategorized","8":"first","9":"instock","10":"purchasable","11":"product-type-simple","12":"col-xs-6 col-sm-4","13":"col-md-3 col-lg-3","14":"un-4-cols"},"_links":{"self":[{"href":"https:\/\/hibucenter.com\/index.php\/wp-json\/wp\/v2\/product\/14990","targetHints":{"allow":["GET"]}}],"collection":[{"href":"https:\/\/hibucenter.com\/index.php\/wp-json\/wp\/v2\/product"}],"about":[{"href":"https:\/\/hibucenter.com\/index.php\/wp-json\/wp\/v2\/types\/product"}],"replies":[{"embeddable":true,"href":"https:\/\/hibucenter.com\/index.php\/wp-json\/wp\/v2\/comments?post=14990"}],"version-history":[{"count":1,"href":"https:\/\/hibucenter.com\/index.php\/wp-json\/wp\/v2\/product\/14990\/revisions"}],"predecessor-version":[{"id":14991,"href":"https:\/\/hibucenter.com\/index.php\/wp-json\/wp\/v2\/product\/14990\/revisions\/14991"}],"wp:featuredmedia":[{"embeddable":true,"href":"https:\/\/hibucenter.com\/index.php\/wp-json\/wp\/v2\/media\/14992"}],"wp:attachment":[{"href":"https:\/\/hibucenter.com\/index.php\/wp-json\/wp\/v2\/media?parent=14990"}],"wp:term":[{"taxonomy":"product_cat","embeddable":true,"href":"https:\/\/hibucenter.com\/index.php\/wp-json\/wp\/v2\/product_cat?post=14990"},{"taxonomy":"product_tag","embeddable":true,"href":"https:\/\/hibucenter.com\/index.php\/wp-json\/wp\/v2\/product_tag?post=14990"}],"curies":[{"name":"wp","href":"https:\/\/api.w.org\/{rel}","templated":true}]}}