{"id":14948,"date":"2025-12-16T11:31:08","date_gmt":"2025-12-16T04:31:08","guid":{"rendered":"https:\/\/hibucenter.com\/index.php\/den-cam-trai-da-nang-3in1-naturehike-nh18y004-d-15-000mah\/"},"modified":"2025-12-16T11:31:20","modified_gmt":"2025-12-16T04:31:20","slug":"den-cam-trai-da-nang-3in1-naturehike-nh18y004-d-15-000mah","status":"publish","type":"product","link":"https:\/\/hibucenter.com\/index.php\/den-cam-trai-da-nang-3in1-naturehike-nh18y004-d-15-000mah\/","title":{"rendered":"\u0110\u00e8n c\u1eafm tr\u1ea1i \u0111a n\u0103ng 3in1 NatureHike NH18Y004-D (15.000mAh)"},"content":{"rendered":"<p>Th\u00f4ng tin s\u1ea3n ph\u1ea9m:<br \/>\n&#8211; Th\u01b0\u01a1ng hi\u1ec7u: Naturehike<br \/>\n&#8211; T\u00ean: Moonlight V2 3in1 Lantern<br \/>\n&#8211; M\u00e3 s\u1ea3n ph\u1ea9m: NH18Y004-D<br \/>\n&#8211; K\u00edch th\u01b0\u1edbc: 12,2 x 8,9 x 2,6cm<br \/>\n&#8211; Tr\u1ecdng l\u01b0\u1ee3ng: 0,340kg<br \/>\n&#8211; C\u00f4ng su\u1ea5t LED: 36W<br \/>\n&#8211; Lumen: 1800LM (t\u1ed1i \u0111a)<br \/>\n&#8211; Pin: 15000mAh \/ 3.7V 33.3Wh<br \/>\n&#8211; S\u1eed d\u1ee5ng trong th\u1eddi gian d\u00e0i: 7 &#8211; 180 gi\u1edd.<br \/>\n&#8211; S\u1ea1c: USB 5V 2.5A (5-7H)<br \/>\n&#8211; Ch\u1ed1ng th\u1ea5m n\u01b0\u1edbc: IP67<br \/>\n&#8211; Ch\u1ebf \u0111\u1ed9: \u00c1nh s\u00e1ng tr\u1eafng, \u00c1nh s\u00e1ng t\u1ef1 nhi\u00ean, \u00c1nh s\u00e1ng \u1ea5m, SOS<br \/>\n&#8211; Ch\u1ea5t li\u1ec7u: ABS \/ PC<br \/>\n&#8211; C\u00e1ch s\u1eed d\u1ee5ng: chi\u1ebfu s\u00e1ng, c\u1eafm tr\u1ea1i, \u0111i b\u1ed9 \u0111\u01b0\u1eddng d\u00e0i, du l\u1ecbch<\/p>\n","protected":false},"excerpt":{"rendered":"<p>Th\u00f4ng tin s\u1ea3n ph\u1ea9m: &#8211; Th\u01b0\u01a1ng hi\u1ec7u: Naturehike &#8211; T\u00ean: Moonlight V2 3in1 Lantern &#8211; M\u00e3 s\u1ea3n ph\u1ea9m: NH18Y004-D &#8211; K\u00edch th\u01b0\u1edbc: 12,2 x 8,9 x 2,6cm &#8211; Tr\u1ecdng l\u01b0\u1ee3ng: 0,340kg &#8211; C\u00f4ng su\u1ea5t LED: 36W &#8211; Lumen: 1800LM (t\u1ed1i \u0111a) &#8211; Pin: 15000mAh \/ 3.7V 33.3Wh &#8211; S\u1eed d\u1ee5ng trong th\u1eddi gian d\u00e0i: 7&hellip;<\/p>\n","protected":false},"featured_media":14950,"comment_status":"closed","ping_status":"open","template":"","meta":[],"product_cat":[15],"product_tag":[],"class_list":{"0":"post-14948","1":"product","2":"type-product","3":"status-publish","4":"has-post-thumbnail","6":"product_cat-uncategorized","8":"first","9":"instock","10":"purchasable","11":"product-type-simple","12":"col-xs-6 col-sm-4","13":"col-md-3 col-lg-3","14":"un-4-cols"},"_links":{"self":[{"href":"https:\/\/hibucenter.com\/index.php\/wp-json\/wp\/v2\/product\/14948","targetHints":{"allow":["GET"]}}],"collection":[{"href":"https:\/\/hibucenter.com\/index.php\/wp-json\/wp\/v2\/product"}],"about":[{"href":"https:\/\/hibucenter.com\/index.php\/wp-json\/wp\/v2\/types\/product"}],"replies":[{"embeddable":true,"href":"https:\/\/hibucenter.com\/index.php\/wp-json\/wp\/v2\/comments?post=14948"}],"version-history":[{"count":1,"href":"https:\/\/hibucenter.com\/index.php\/wp-json\/wp\/v2\/product\/14948\/revisions"}],"predecessor-version":[{"id":14949,"href":"https:\/\/hibucenter.com\/index.php\/wp-json\/wp\/v2\/product\/14948\/revisions\/14949"}],"wp:featuredmedia":[{"embeddable":true,"href":"https:\/\/hibucenter.com\/index.php\/wp-json\/wp\/v2\/media\/14950"}],"wp:attachment":[{"href":"https:\/\/hibucenter.com\/index.php\/wp-json\/wp\/v2\/media?parent=14948"}],"wp:term":[{"taxonomy":"product_cat","embeddable":true,"href":"https:\/\/hibucenter.com\/index.php\/wp-json\/wp\/v2\/product_cat?post=14948"},{"taxonomy":"product_tag","embeddable":true,"href":"https:\/\/hibucenter.com\/index.php\/wp-json\/wp\/v2\/product_tag?post=14948"}],"curies":[{"name":"wp","href":"https:\/\/api.w.org\/{rel}","templated":true}]}}