{"id":14887,"date":"2025-12-16T11:30:19","date_gmt":"2025-12-16T04:30:19","guid":{"rendered":"https:\/\/hibucenter.com\/index.php\/leu-glamping-hinh-chop-pyramid-co-mai-che-naturehike-nh20zp013\/"},"modified":"2025-12-16T11:30:48","modified_gmt":"2025-12-16T04:30:48","slug":"leu-glamping-hinh-chop-pyramid-co-mai-che-naturehike-nh20zp013","status":"publish","type":"product","link":"https:\/\/hibucenter.com\/index.php\/leu-glamping-hinh-chop-pyramid-co-mai-che-naturehike-nh20zp013\/","title":{"rendered":"L\u1ec1u Glamping h\u00ecnh ch\u00f3p pyramid c\u00f3 m\u00e1i che Naturehike NH20ZP013"},"content":{"rendered":"<p>TH\u00d4NG TIN S\u1ea2N PH\u1ea8M:<br \/>\n&#8211; K\u00edch th\u01b0\u1edbc: 400 x 346 x 240 cm (l\u1ec1u 4- 6 ng\u01b0\u1eddi)<br \/>\n&#8211; Tr\u1ecdng l\u01b0\u1ee3ng: 8,5 kg<br \/>\n&#8211; Ch\u1ea5t li\u1ec7u: V\u1ea3i l\u1ec1u Oxford 150D ch\u1ed1ng b\u00e1m b\u1ea9n, ch\u1ed1ng n\u01b0\u1edbc, ch\u1ed1ng s\u1eddn r\u00e1ch<br \/>\n&#8211; \u1ed0ng c\u1ecdc ch\u1ed1ng l\u1ec1u h\u1ee3p kim nh\u00f4m; S\u1ed1 l\u01b0\u1ee3ng 2 c\u1ecdc ch\u1ed1ng hi\u00ean, 1 c\u1ecdc ch\u1ed1ng trung t\u00e2m<br \/>\n&#8211; Ng\u00e0nh h\u00e0ng: L\u1ec1u c\u1eafm tr\u1ea1i; L\u1ec1u Glamping, l\u1ec1u M\u00f4ng C\u1ed5 cao c\u1ea5p<br \/>\n&#8211; Ph\u1ee7 Polyurrthane: Ch\u1ed1ng n\u01b0\u1edbc PU3000+, ch\u1ed1ng tia UV UPF50+<br \/>\nV\u1edbi k\u00edch th\u01b0\u1edbc nh\u1ecf h\u01a1n ta c\u00f3 trong l\u01b0\u1ee3ng 8.5kg v\u00e0 \u0111\u01b0\u1ee3c thi\u1ebft k\u1ebf l\u1ee5c gi\u00e1c. ph\u00f9 h\u1ee3p cho 4 &#8211; 6 ng\u01b0\u1eddi ng\u1ee7. M\u00e1i che ph\u00f9 h\u1ee3p \u0111\u1ec3 b\u00e0n gh\u1ebf ngh\u1ec9 ng\u01a1i \u1edf c\u1eeda l\u1ec1u. V\u1edbi khung h\u00ecnh b\u00e1t gi\u00e1c n\u00e0y chi\u1ebfc l\u1ec1u s\u1ebd c\u00f3 1 kho\u1ea3ng kh\u00f4ng gian trong l\u1ec1u \u0111\u1ec3 l\u00e0m khu v\u1ef1c sinh ho\u1ea1t chung nh\u01b0 \u0111\u1ec3 b\u00e0n gh\u1ebf, khu v\u1ef1c pha tr\u00e0 cafe, k\u1ebft h\u1ee3p v\u1edbi m\u00e1i che<br \/>\nH\u00e3ng c\u00f2n s\u1eed d\u1ee5ng thi\u1ebft k\u1ebf chia \u0111\u00f4i kh\u00f4ng gian. N\u1eeda cho ph\u1ea7n kh\u00f4ng gian ng\u1ee7 ngh\u1ec9 trong l\u1ec1u, n\u1eeda l\u00e0 kh\u00f4ng gian tr\u1ed1ng cho b\u00e0n gh\u1ebf, cho nh\u1eefng \u0111\u1ed3 D\u00e9cor. L\u00e0m m\u1edbi kh\u00f4ng gian trong l\u1ec1u tu\u1ef3 theo s\u1edf th\u00edch. \u00dd t\u01b0\u1edfng ng\u01b0\u1eddi d\u00f9ng, hay trong c\u00e1c \u0111\u01a1n v\u1ecb, t\u1ed5 ch\u1ee9 l\u00e0m khu l\u01b0u tr\u00fa, ngh\u1ec9 d\u01b0\u1ee1ng b\u1eb1ng l\u1ec1u Glamping.<\/p>\n","protected":false},"excerpt":{"rendered":"<p>TH\u00d4NG TIN S\u1ea2N PH\u1ea8M: &#8211; K\u00edch th\u01b0\u1edbc: 400 x 346 x 240 cm (l\u1ec1u 4- 6 ng\u01b0\u1eddi) &#8211; Tr\u1ecdng l\u01b0\u1ee3ng: 8,5 kg &#8211; Ch\u1ea5t li\u1ec7u: V\u1ea3i l\u1ec1u Oxford 150D ch\u1ed1ng b\u00e1m b\u1ea9n, ch\u1ed1ng n\u01b0\u1edbc, ch\u1ed1ng s\u1eddn r\u00e1ch &#8211; \u1ed0ng c\u1ecdc ch\u1ed1ng l\u1ec1u h\u1ee3p kim nh\u00f4m; S\u1ed1 l\u01b0\u1ee3ng 2 c\u1ecdc ch\u1ed1ng hi\u00ean, 1 c\u1ecdc ch\u1ed1ng trung&hellip;<\/p>\n","protected":false},"featured_media":14894,"comment_status":"closed","ping_status":"open","template":"","meta":[],"product_cat":[15],"product_tag":[],"class_list":{"0":"post-14887","1":"product","2":"type-product","3":"status-publish","4":"has-post-thumbnail","6":"product_cat-uncategorized","8":"first","9":"instock","10":"purchasable","11":"product-type-simple","12":"col-xs-6 col-sm-4","13":"col-md-3 col-lg-3","14":"un-4-cols"},"_links":{"self":[{"href":"https:\/\/hibucenter.com\/index.php\/wp-json\/wp\/v2\/product\/14887","targetHints":{"allow":["GET"]}}],"collection":[{"href":"https:\/\/hibucenter.com\/index.php\/wp-json\/wp\/v2\/product"}],"about":[{"href":"https:\/\/hibucenter.com\/index.php\/wp-json\/wp\/v2\/types\/product"}],"replies":[{"embeddable":true,"href":"https:\/\/hibucenter.com\/index.php\/wp-json\/wp\/v2\/comments?post=14887"}],"version-history":[{"count":1,"href":"https:\/\/hibucenter.com\/index.php\/wp-json\/wp\/v2\/product\/14887\/revisions"}],"predecessor-version":[{"id":14888,"href":"https:\/\/hibucenter.com\/index.php\/wp-json\/wp\/v2\/product\/14887\/revisions\/14888"}],"wp:featuredmedia":[{"embeddable":true,"href":"https:\/\/hibucenter.com\/index.php\/wp-json\/wp\/v2\/media\/14894"}],"wp:attachment":[{"href":"https:\/\/hibucenter.com\/index.php\/wp-json\/wp\/v2\/media?parent=14887"}],"wp:term":[{"taxonomy":"product_cat","embeddable":true,"href":"https:\/\/hibucenter.com\/index.php\/wp-json\/wp\/v2\/product_cat?post=14887"},{"taxonomy":"product_tag","embeddable":true,"href":"https:\/\/hibucenter.com\/index.php\/wp-json\/wp\/v2\/product_tag?post=14887"}],"curies":[{"name":"wp","href":"https:\/\/api.w.org\/{rel}","templated":true}]}}