{"id":14877,"date":"2025-12-16T11:30:19","date_gmt":"2025-12-16T04:30:19","guid":{"rendered":"https:\/\/hibucenter.com\/index.php\/thung-nhua-gap-gon-da-nang-naturehike-nh20sj036\/"},"modified":"2025-12-16T11:30:45","modified_gmt":"2025-12-16T04:30:45","slug":"thung-nhua-gap-gon-da-nang-naturehike-nh20sj036","status":"publish","type":"product","link":"https:\/\/hibucenter.com\/index.php\/thung-nhua-gap-gon-da-nang-naturehike-nh20sj036\/","title":{"rendered":"Th\u00f9ng nh\u1ef1a g\u1ea5p g\u1ecdn \u0111a n\u0103ng Naturehike NH20SJ036"},"content":{"rendered":"<p>TH\u00d4NG TIN S\u1ea2N PH\u1ea8M:<br \/>\n&#8211; Th\u01b0\u01a1ng hi\u1ec7u: NatureHike<br \/>\n&#8211; D\u00f2ng s\u1ea3n ph\u1ea9m: Glamping<br \/>\n&#8211; M\u00e3 s\u1ea3n ph\u1ea9m: NH20SJ036<br \/>\n&#8211; Ch\u1ea5t li\u1ec7u: Nh\u1ef1a PP cho ch\u1ea5t l\u01b0\u1ee3ng, kh\u1ea3 n\u0103ng ch\u1ecbu l\u1ef1c cao, h\u1ea1n ch\u1ebf r\u01a1i v\u1ee1 trong qu\u00e1 tr\u00ecnh s\u1eed d\u1ee5ng<br \/>\n&#8211; K\u00edch th\u01b0\u1edbc &#038; Tr\u1ecdng l\u01b0\u1ee3ng:<br \/>\n\u00a0 \u00a0 \u00a0 + Size 50L: K\u00edch th\u01b0\u1edbc s\u1eed d\u1ee5ng 52.5&#215;36.5x34cm; K\u00edch th\u01b0\u1edbc g\u1ea5p g\u1ecdn 52.5&#215;36.5&#215;10.5cm; Tr\u1ecdng l\u01b0\u1ee3ng 3kg<br \/>\n\u00a0 \u00a0 \u00a0 + Size 80L: K\u00edch th\u01b0\u1edbc s\u1eed d\u1ee5ng 64&#215;43.5x36cm; K\u00edch th\u01b0\u1edbc g\u1ea5p g\u1ecdn 64&#215;43.5&#215;8.8cm; Tr\u1ecdng l\u01b0\u1ee3ng 4.1kg<br \/>\n&#8211; M\u00e0u s\u1eafc: Xanh ng\u1ecdc, x\u00e1m<br \/>\n&#8211; S\u1eed d\u1ee5ng \u0111\u1ef1ng \u0111\u1ed3 d\u00f9ng \u0111i c\u1eafm tr\u1ea1i, d\u1ee5ng c\u1ee5 n\u1ea5u \u0103n ngo\u00e0i tr\u1eddi, c\u1ea5t tr\u1eef, b\u1ea3o qu\u1ea3n \u0111\u1ed3 d\u00f9ng gia \u0111\u00ecnh,\u2026<br \/>\n&#8211; Xu\u1ea5t x\u1ee9: Trung Qu\u1ed1c<\/p>\n","protected":false},"excerpt":{"rendered":"<p>TH\u00d4NG TIN S\u1ea2N PH\u1ea8M: &#8211; Th\u01b0\u01a1ng hi\u1ec7u: NatureHike &#8211; D\u00f2ng s\u1ea3n ph\u1ea9m: Glamping &#8211; M\u00e3 s\u1ea3n ph\u1ea9m: NH20SJ036 &#8211; Ch\u1ea5t li\u1ec7u: Nh\u1ef1a PP cho ch\u1ea5t l\u01b0\u1ee3ng, kh\u1ea3 n\u0103ng ch\u1ecbu l\u1ef1c cao, h\u1ea1n ch\u1ebf r\u01a1i v\u1ee1 trong qu\u00e1 tr\u00ecnh s\u1eed d\u1ee5ng &#8211; K\u00edch th\u01b0\u1edbc &#038; Tr\u1ecdng l\u01b0\u1ee3ng: \u00a0 \u00a0 \u00a0 + Size 50L: K\u00edch th\u01b0\u1edbc s\u1eed&hellip;<\/p>\n","protected":false},"featured_media":14886,"comment_status":"closed","ping_status":"open","template":"","meta":[],"product_cat":[15],"product_tag":[],"class_list":{"0":"post-14877","1":"product","2":"type-product","3":"status-publish","4":"has-post-thumbnail","6":"product_cat-uncategorized","8":"first","9":"instock","10":"purchasable","11":"product-type-simple","12":"col-xs-6 col-sm-4","13":"col-md-3 col-lg-3","14":"un-4-cols"},"_links":{"self":[{"href":"https:\/\/hibucenter.com\/index.php\/wp-json\/wp\/v2\/product\/14877","targetHints":{"allow":["GET"]}}],"collection":[{"href":"https:\/\/hibucenter.com\/index.php\/wp-json\/wp\/v2\/product"}],"about":[{"href":"https:\/\/hibucenter.com\/index.php\/wp-json\/wp\/v2\/types\/product"}],"replies":[{"embeddable":true,"href":"https:\/\/hibucenter.com\/index.php\/wp-json\/wp\/v2\/comments?post=14877"}],"version-history":[{"count":1,"href":"https:\/\/hibucenter.com\/index.php\/wp-json\/wp\/v2\/product\/14877\/revisions"}],"predecessor-version":[{"id":14878,"href":"https:\/\/hibucenter.com\/index.php\/wp-json\/wp\/v2\/product\/14877\/revisions\/14878"}],"wp:featuredmedia":[{"embeddable":true,"href":"https:\/\/hibucenter.com\/index.php\/wp-json\/wp\/v2\/media\/14886"}],"wp:attachment":[{"href":"https:\/\/hibucenter.com\/index.php\/wp-json\/wp\/v2\/media?parent=14877"}],"wp:term":[{"taxonomy":"product_cat","embeddable":true,"href":"https:\/\/hibucenter.com\/index.php\/wp-json\/wp\/v2\/product_cat?post=14877"},{"taxonomy":"product_tag","embeddable":true,"href":"https:\/\/hibucenter.com\/index.php\/wp-json\/wp\/v2\/product_tag?post=14877"}],"curies":[{"name":"wp","href":"https:\/\/api.w.org\/{rel}","templated":true}]}}