{"id":14547,"date":"2025-12-16T11:27:56","date_gmt":"2025-12-16T04:27:56","guid":{"rendered":"https:\/\/hibucenter.com\/index.php\/leu-cam-trai-4-nguoi-tu-bung-ango-pop-up-naturehike-nh21zp010\/"},"modified":"2025-12-16T11:28:12","modified_gmt":"2025-12-16T04:28:12","slug":"leu-cam-trai-4-nguoi-tu-bung-ango-pop-up-naturehike-nh21zp010","status":"publish","type":"product","link":"https:\/\/hibucenter.com\/index.php\/leu-cam-trai-4-nguoi-tu-bung-ango-pop-up-naturehike-nh21zp010\/","title":{"rendered":"L\u1ec1u c\u1eafm tr\u1ea1i 4 ng\u01b0\u1eddi t\u1ef1 bung Ango Pop-up Naturehike NH21ZP010"},"content":{"rendered":"<p>TH\u00d4NG TIN S\u1ea2N PH\u1ea8M:<br \/>\n&#8211; Th\u01b0\u01a1ng hi\u1ec7u: Naturehike<br \/>\n&#8211; Xu\u1ea5t x\u1ee9: Trung Qu\u1ed1c<br \/>\n&#8211; K\u00edch th\u01b0\u1edbc s\u1eed d\u1ee5ng: 240x220x175cm\u00a0<br \/>\n&#8211; K\u00edch th\u01b0\u1edbc g\u1ea5p g\u1ecdn: 100x25x25cm<br \/>\n&#8211; Tr\u1ecdng l\u01b0\u1ee3ng: 7.4kg<br \/>\n&#8211; Ch\u1ec9 s\u1ed1 ch\u1ed1ng n\u1eafng: UPF 50+<br \/>\n&#8211; Ch\u1ec9 s\u1ed1 ch\u1ed1ng n\u01b0\u1edbc: 2000mm<br \/>\n&#8211; Ch\u1ea5t li\u1ec7u:\u00a0<br \/>\n\u00a0 \u00a0 + V\u1ea3i: polyester 210T\u00a0<br \/>\n\u00a0 \u00a0 + Khung l\u1ec1u: H\u1ee3p kim nh\u00f4m + s\u1ee3i th\u1ee7y tinh<br \/>\n\u00a0 \u00a0 + G\u1eady ch\u1ed1ng c\u1eeda l\u1ec1u: S\u1eaft<br \/>\nL\u1ec1u c\u1eafm tr\u1ea1i 4 ng\u01b0\u1eddi t\u1ef1 bung Ango Pop-up Naturehike NH21ZP010 Kh\u00f4ng gian ti\u00eau chu\u1ea9n c\u1ee7a l\u1ec1u 04 ng\u01b0\u1eddi, hai ph\u1ea7n m\u00e1i hi\u00ean tr\u01b0\u1edbc sau. Sinh ho\u1ea1t v\u00f4 c\u00f9ng ti\u1ec7n l\u1ee3i, tho\u1ea3i m\u00e1i h\u01a1n v\u1edbi ph\u1ea7n c\u00e1nh r\u00e8m hai b\u00ean l\u1ec1u m\u1edbi \u0111\u01b0\u1ee3c n\u00e2ng c\u1ea5p.<br \/>\nD\u00f2ng l\u1ec1u Ango cho 04 ng\u01b0\u1eddi, m\u1ed9t d\u00f2ng l\u1ec1u \u0111\u1eb7c tr\u01b0ng cho nh\u1eefng chuy\u1ebfn \u0111i d\u00e3 ngo\u1ea1i sinh ho\u1ea1t cho m\u1ed9t gia \u0111\u00ecnh v\u1edbi \u00f4 c\u1eeda r\u1ed9ng h\u01a1n, nhi\u1ec1u \u00e1nh s\u00e1ng t\u1ef1 nhi\u00ean v\u00e0 kh\u00f4ng kh\u00ed tho\u00e1ng m\u00e1t \u0111i v\u00e0o l\u1ec1u.<\/p>\n","protected":false},"excerpt":{"rendered":"<p>TH\u00d4NG TIN S\u1ea2N PH\u1ea8M: &#8211; Th\u01b0\u01a1ng hi\u1ec7u: Naturehike &#8211; Xu\u1ea5t x\u1ee9: Trung Qu\u1ed1c &#8211; K\u00edch th\u01b0\u1edbc s\u1eed d\u1ee5ng: 240x220x175cm\u00a0 &#8211; K\u00edch th\u01b0\u1edbc g\u1ea5p g\u1ecdn: 100x25x25cm &#8211; Tr\u1ecdng l\u01b0\u1ee3ng: 7.4kg &#8211; Ch\u1ec9 s\u1ed1 ch\u1ed1ng n\u1eafng: UPF 50+ &#8211; Ch\u1ec9 s\u1ed1 ch\u1ed1ng n\u01b0\u1edbc: 2000mm &#8211; Ch\u1ea5t li\u1ec7u:\u00a0 \u00a0 \u00a0 + V\u1ea3i: polyester 210T\u00a0 \u00a0 \u00a0 + Khung&hellip;<\/p>\n","protected":false},"featured_media":14554,"comment_status":"closed","ping_status":"open","template":"","meta":[],"product_cat":[15],"product_tag":[],"class_list":{"0":"post-14547","1":"product","2":"type-product","3":"status-publish","4":"has-post-thumbnail","6":"product_cat-uncategorized","8":"first","9":"instock","10":"purchasable","11":"product-type-simple","12":"col-xs-6 col-sm-4","13":"col-md-3 col-lg-3","14":"un-4-cols"},"_links":{"self":[{"href":"https:\/\/hibucenter.com\/index.php\/wp-json\/wp\/v2\/product\/14547","targetHints":{"allow":["GET"]}}],"collection":[{"href":"https:\/\/hibucenter.com\/index.php\/wp-json\/wp\/v2\/product"}],"about":[{"href":"https:\/\/hibucenter.com\/index.php\/wp-json\/wp\/v2\/types\/product"}],"replies":[{"embeddable":true,"href":"https:\/\/hibucenter.com\/index.php\/wp-json\/wp\/v2\/comments?post=14547"}],"version-history":[{"count":1,"href":"https:\/\/hibucenter.com\/index.php\/wp-json\/wp\/v2\/product\/14547\/revisions"}],"predecessor-version":[{"id":14548,"href":"https:\/\/hibucenter.com\/index.php\/wp-json\/wp\/v2\/product\/14547\/revisions\/14548"}],"wp:featuredmedia":[{"embeddable":true,"href":"https:\/\/hibucenter.com\/index.php\/wp-json\/wp\/v2\/media\/14554"}],"wp:attachment":[{"href":"https:\/\/hibucenter.com\/index.php\/wp-json\/wp\/v2\/media?parent=14547"}],"wp:term":[{"taxonomy":"product_cat","embeddable":true,"href":"https:\/\/hibucenter.com\/index.php\/wp-json\/wp\/v2\/product_cat?post=14547"},{"taxonomy":"product_tag","embeddable":true,"href":"https:\/\/hibucenter.com\/index.php\/wp-json\/wp\/v2\/product_tag?post=14547"}],"curies":[{"name":"wp","href":"https:\/\/api.w.org\/{rel}","templated":true}]}}