{"id":14141,"date":"2025-12-16T11:24:39","date_gmt":"2025-12-16T04:24:39","guid":{"rendered":"https:\/\/hibucenter.com\/index.php\/bo-coc-dia-dung-cu-an-da-ngoai-bang-thep-naturehike-nh21sj001\/"},"modified":"2025-12-16T11:25:02","modified_gmt":"2025-12-16T04:25:02","slug":"bo-coc-dia-dung-cu-an-da-ngoai-bang-thep-naturehike-nh21sj001","status":"publish","type":"product","link":"https:\/\/hibucenter.com\/index.php\/bo-coc-dia-dung-cu-an-da-ngoai-bang-thep-naturehike-nh21sj001\/","title":{"rendered":"B\u1ed9 c\u1ed1c, \u0111\u0129a, d\u1ee5ng c\u1ee5 \u0103n d\u00e3 ngo\u1ea1i b\u1eb1ng th\u00e9p Naturehike NH21SJ001"},"content":{"rendered":"<p>TH\u00d4NG TIN S\u1ea2N PH\u1ea8M:<br \/>\n&#8211; Th\u01b0\u01a1ng hi\u1ec7u: Naturehike<br \/>\n&#8211; Xu\u1ea5t x\u1ee9: Trung Qu\u1ed1c<br \/>\n&#8211; Ch\u1ea5t li\u1ec7u: Th\u00e9p kh\u00f4ng g\u1ec9 304<br \/>\n&#8211; K\u00edch th\u01b0\u1edbc, tr\u1ecdng l\u01b0\u1ee3ng:<br \/>\n* \u0110\u0129a s\u00e2u (\u00f818)<br \/>\nK\u00edch th\u01b0\u1edbc: 180 x 18 mm (\u0110\u01b0\u1eddng k\u00ednh x chi\u1ec1u cao)<br \/>\nKh\u1ed1i l\u01b0\u1ee3ng: ~200g<\/p>\n<p>* \u0110\u0129a n\u00f4ng (\u00f820.5)<br \/>\nK\u00edch th\u01b0\u1edbc: 20.5 x 9 mm (\u0110\u01b0\u1eddng k\u00ednh x chi\u1ec1u cao)<br \/>\nKh\u1ed1i l\u01b0\u1ee3ng: ~250g<\/p>\n<p>* C\u1ed1c 350ml<br \/>\nK\u00edch th\u01b0\u1edbc: 96 x 120 x 77 (Chi\u1ec1u cao x b\u1ec1 ngang x \u0111\u01b0\u1eddng k\u00ednh)<br \/>\nKh\u1ed1i l\u01b0\u1ee3ng: ~150g<br \/>\nCh\u1ea5t li\u1ec7u tay c\u1ea7m: G\u1ed7 \u00f3c ch\u00f3<\/p>\n<p>B\u1ed9 c\u1ed1c, \u0111\u0129a, d\u1ee5ng c\u1ee5 \u0103n d\u00e3 ngo\u1ea1i b\u1eb1ng th\u00e9p Naturehike NH21SJ001 &#8211; b\u1ed9 d\u1ee5ng c\u1ee5 b\u1ebfp d\u00e3 ngo\u1ea1i bao g\u1ed3m 2 \u0111\u0129a v\u00e0 1 c\u1ed1c (B\u00e1n r\u1eddi) th\u00edch h\u1ee3p s\u1eed d\u1ee5ng cho nh\u1eefng chuy\u1ebfn glamping, c\u1eafm tr\u1ea1i, d\u00e3 ngo\u1ea1i. B\u1ed9 s\u1ea3n ph\u1ea9m th\u00edch h\u1ee3p s\u1eed d\u1ee5ng cho nh\u1eefng b\u1eefa ti\u1ec7c n\u01b0\u1edbng BBQ ngo\u00e0i tr\u1eddi, hay b\u1eefa s\u00e1ng nh\u1eb9 nh\u00e0ng v\u1edbi c\u1ed1c c\u00e0 ph\u00ea ho\u1eb7c tr\u00e0 n\u00f3ng.\u00a0<br \/>\nS\u1ea3n ph\u1ea9m s\u1eed d\u1ee5ng th\u00e9p kh\u00f4ng g\u1ec9 304 an to\u00e0n v\u1edbi v\u1edbi s\u1ee9c kh\u1ecfe &#8211; ch\u1ea5t li\u1ec7u b\u1ec1n b\u1ec9, h\u1ea1n ch\u1ebf r\u01a1i v\u1ee1 v\u00e0 h\u01b0 h\u1ecfng do va \u0111\u1eadp. M\u00e0u s\u1eafc Titanium c\u1ed5 \u0111i\u1ec3n, \u0111\u1eb9p m\u1eaft \u0111em l\u1ea1i m\u1ed9t kh\u00f4ng giam glamping, camping chuy\u00ean nghi\u1ec7p. Kh\u1ed1i l\u01b0\u1ee3ng nh\u1eb9 \u0111\u1ec3 mang theo trong m\u1ecdi chuy\u1ebfn \u0111i.\u00a0B\u1ec1 m\u1eb7t gia c\u00f4ng l\u00e1ng d\u1ec5 d\u00e0ng v\u1ec7 sinh sau khi s\u1eed d\u1ee5ng.<\/p>\n","protected":false},"excerpt":{"rendered":"<p>TH\u00d4NG TIN S\u1ea2N PH\u1ea8M: &#8211; Th\u01b0\u01a1ng hi\u1ec7u: Naturehike &#8211; Xu\u1ea5t x\u1ee9: Trung Qu\u1ed1c &#8211; Ch\u1ea5t li\u1ec7u: Th\u00e9p kh\u00f4ng g\u1ec9 304 &#8211; K\u00edch th\u01b0\u1edbc, tr\u1ecdng l\u01b0\u1ee3ng: * \u0110\u0129a s\u00e2u (\u00f818) K\u00edch th\u01b0\u1edbc: 180 x 18 mm (\u0110\u01b0\u1eddng k\u00ednh x chi\u1ec1u cao) Kh\u1ed1i l\u01b0\u1ee3ng: ~200g * \u0110\u0129a n\u00f4ng (\u00f820.5) K\u00edch th\u01b0\u1edbc: 20.5 x 9 mm (\u0110\u01b0\u1eddng k\u00ednh&hellip;<\/p>\n","protected":false},"featured_media":14152,"comment_status":"closed","ping_status":"open","template":"","meta":[],"product_cat":[15],"product_tag":[],"class_list":{"0":"post-14141","1":"product","2":"type-product","3":"status-publish","4":"has-post-thumbnail","6":"product_cat-uncategorized","8":"first","9":"instock","10":"purchasable","11":"product-type-simple","12":"col-xs-6 col-sm-4","13":"col-md-3 col-lg-3","14":"un-4-cols"},"_links":{"self":[{"href":"https:\/\/hibucenter.com\/index.php\/wp-json\/wp\/v2\/product\/14141","targetHints":{"allow":["GET"]}}],"collection":[{"href":"https:\/\/hibucenter.com\/index.php\/wp-json\/wp\/v2\/product"}],"about":[{"href":"https:\/\/hibucenter.com\/index.php\/wp-json\/wp\/v2\/types\/product"}],"replies":[{"embeddable":true,"href":"https:\/\/hibucenter.com\/index.php\/wp-json\/wp\/v2\/comments?post=14141"}],"version-history":[{"count":1,"href":"https:\/\/hibucenter.com\/index.php\/wp-json\/wp\/v2\/product\/14141\/revisions"}],"predecessor-version":[{"id":14142,"href":"https:\/\/hibucenter.com\/index.php\/wp-json\/wp\/v2\/product\/14141\/revisions\/14142"}],"wp:featuredmedia":[{"embeddable":true,"href":"https:\/\/hibucenter.com\/index.php\/wp-json\/wp\/v2\/media\/14152"}],"wp:attachment":[{"href":"https:\/\/hibucenter.com\/index.php\/wp-json\/wp\/v2\/media?parent=14141"}],"wp:term":[{"taxonomy":"product_cat","embeddable":true,"href":"https:\/\/hibucenter.com\/index.php\/wp-json\/wp\/v2\/product_cat?post=14141"},{"taxonomy":"product_tag","embeddable":true,"href":"https:\/\/hibucenter.com\/index.php\/wp-json\/wp\/v2\/product_tag?post=14141"}],"curies":[{"name":"wp","href":"https:\/\/api.w.org\/{rel}","templated":true}]}}