{"id":12597,"date":"2025-12-16T11:07:49","date_gmt":"2025-12-16T04:07:49","guid":{"rendered":"https:\/\/hibucenter.com\/index.php\/coi-xay-ca-phe-campingmoon-cc-115-cc-115-bk\/"},"modified":"2025-12-16T11:07:50","modified_gmt":"2025-12-16T04:07:50","slug":"coi-xay-ca-phe-campingmoon-cc-115-cc-115-bk","status":"publish","type":"product","link":"https:\/\/hibucenter.com\/index.php\/coi-xay-ca-phe-campingmoon-cc-115-cc-115-bk\/","title":{"rendered":"C\u1ed1i xay c\u00e0 ph\u00ea Campingmoon CC-115 \/ CC-115-BK"},"content":{"rendered":"<p>TH\u00d4NG TIN S\u1ea2N PH\u1ea8M:<br \/>\n&#8211; Th\u01b0\u01a1ng hi\u1ec7u: Campingmoon<br \/>\n&#8211; Xu\u1ea5t x\u1ee9: Trung Qu\u1ed1c<br \/>\n&#8211; K\u00edch th\u01b0\u1edbc, Tr\u1ecdng l\u01b0\u1ee3ng:\u00a0<br \/>\n+ C\u1ed1i xay Campingmoon CC-152: 178x50x156mm, 70x70x210mm (G\u1ea5p g\u1ecdn), 500g<br \/>\nL\u01b0\u1ee3ng c\u00e0 ph\u00ea c\u00f3 th\u1ec3 xay: 25-27g<br \/>\n+ C\u1ed1i xay Campingmoon CC-115: 150x45x128mm, 60x60x183mm (G\u1ea5p g\u1ecdn), 385g<br \/>\nL\u01b0\u1ee3ng c\u00e0 ph\u00ea c\u00f3 th\u1ec3 xay: 14-15g<br \/>\n&#8211; Ch\u1ea5t li\u1ec7u: th\u00e2n c\u1ed1i h\u1ee3p kim nh\u00f4m, l\u01b0\u1ee1i xay inox SUS304<br \/>\n\u2615C\u1ed1i xay c\u00e0 ph\u00ea Campingmoon CC-115 \/ Campingmoon CC-152 gi\u00fap b\u1ea1n th\u01b0\u1edfng th\u1ee9c \u0111\u00fang h\u01b0\u01a1ng v\u1ecb c\u1ee7a t\u1eebng t\u00e1ch c\u00e0 ph\u00ea \u0111\u01b0\u1ee3c xay b\u1eb1ng tay.<br \/>\n\u2615M\u1ee9c \u0111i\u1ec1u \u0111i\u1ec1u ch\u1ec9nh \u0111\u1ed9 m\u1ecbn c\u1ee7a c\u00e0 ph\u00ea theo ki\u1ec3u la b\u00e0n \u0111\u00e1p \u1ee9ng c\u00e1c y\u00eau c\u1ea7u v\u1ec1 \u0111\u1ed9 d\u00e0y h\u1ea1t c\u00e0 ph\u00ea kh\u00e1c nhau<br \/>\n[L\u01b0u \u00fd: Tr\u01b0\u1edbc khi \u0111i\u1ec1u ch\u1ec9nh, vui l\u00f2ng \u0111i\u1ec1u ch\u1ec9nh n\u00fam v\u1eb7n theo chi\u1ec1u kim \u0111\u1ed3ng h\u1ed3 \u0111\u1ebfn v\u1ecb tr\u00ed ch\u1eb7t nh\u1ea5t v\u00e0 s\u1eed d\u1ee5ng n\u00fam n\u00e0y l\u00e0m g\u1ed1c \u0111\u1ec3 xoay ng\u01b0\u1ee3c chi\u1ec1u kim \u0111\u1ed3ng h\u1ed3 \u0111\u1ebfn m\u1ee9c c\u1ea7n thi\u1ebft.<br \/>\n\u2615Ch\u1ea5t li\u1ec7u h\u1ee3p kim nh\u00f4m gi\u00fap c\u1ed1i phong c\u00e1ch h\u01a1n, khung h\u1ee3p kim nh\u00f4m v\u1edbi l\u01b0\u1ee1i xay b\u1eb1ng th\u00e9p kh\u00f4ng g\u1ec9 SUS304, t\u1ea1o c\u1ea3m gi\u00e1c xay tho\u1ea3i m\u00e1i.<br \/>\n\u2615Tay c\u1ea7m m\u1edf r\u1ed9ng v\u00e0 c\u00f3 th\u1ec3 g\u1eadp l\u1ea1i, tr\u00f2n v\u00e0 ch\u1ed1ng tr\u01b0\u1ee3t, v\u1eeba v\u1eb7n v\u1edbi h\u00ecnh d\u1ea1ng b\u00e0n tay, gi\u00fap c\u1ea7m n\u1eafm tho\u1ea3i m\u00e1i h\u01a1n.<br \/>\n\u2615N\u1eafp tr\u00ean b\u1eb1ng kim lo\u1ea1i nguy\u00ean kh\u1ed1i \u0111\u01b0\u1ee3c k\u1ebft n\u1ed1i ch\u1eb7t ch\u1ebd v\u1edbi tr\u1ee5c t\u00e2m, l\u01b0\u1ee1i c\u1eaft c\u1ee7a tr\u1ee5c t\u00e2m s\u1eafc b\u00e9n, c\u1eaft nhanh, \u00edt sinh nhi\u1ec7t. s\u1ee7 d\u1ee5ng b\u1ec1n b\u1ec9, l\u00e2u d\u00e0i<br \/>\n\u2615T\u00fai \u0111\u1ef1ng chuy\u00ean d\u1ee5ng \u0111i k\u00e8m, d\u1ec5 d\u00e0ng mang theo v\u00e0 s\u1eed d\u1ee5ng khi \u0111i ra ngo\u00e0i, g\u1ecdn nh\u1eb9 v\u00e0 ti\u1ec7n l\u1ee3i<br \/>\nH\u01b0\u1edbng d\u1eabn s\u1eed d\u1ee5ng:<br \/>\n1. \u0110\u1eb7t ng\u00f3n tr\u1ecf v\u00e0 ng\u00f3n c\u00e1i c\u1ee7a b\u1ea1n l\u00ean r\u00e3nh tr\u00f2n v\u00e0 \u0111\u1ea9y nh\u1eb9 l\u00ean tr\u00ean \u0111\u1ec3 m\u1edf n\u1eafp tr\u00ean c\u1ee7a ng\u0103n ch\u1ee9a h\u1ea1t c\u00e0 ph\u00ea<br \/>\n2. Cho l\u01b0\u1ee3ng h\u1ea1t c\u00e0 ph\u00ea v\u1eeba \u0111\u1ee7 v\u00e0o v\u00e0 \u0111\u1eady n\u1eafp khoang ch\u1ee9a h\u1ea1t c\u00e0 ph\u00ea<br \/>\n3. Gi\u1eef th\u00e2n c\u1ed1i b\u1eb1ng tay tr\u00e1i v\u00e0 xoay tay ph\u1ea3i theo chi\u1ec1u kim \u0111\u1ed3ng h\u1ed3 \u0111\u1ec3 xay<br \/>\n4. Xoay tay ph\u1ea3i ng\u01b0\u1ee3c chi\u1ec1u kim \u0111\u1ed3ng h\u1ed3, v\u1eb7n ng\u0103n ch\u1ee9a b\u1ed9t v\u00e0 \u0111\u1ed5 b\u1ed9t c\u00e0 ph\u00ea \u0111\u00e3 xay ra ngo\u00e0i<\/p>\n","protected":false},"excerpt":{"rendered":"<p>TH\u00d4NG TIN S\u1ea2N PH\u1ea8M: &#8211; Th\u01b0\u01a1ng hi\u1ec7u: Campingmoon &#8211; Xu\u1ea5t x\u1ee9: Trung Qu\u1ed1c &#8211; K\u00edch th\u01b0\u1edbc, Tr\u1ecdng l\u01b0\u1ee3ng:\u00a0 + C\u1ed1i xay Campingmoon CC-152: 178x50x156mm, 70x70x210mm (G\u1ea5p g\u1ecdn), 500g L\u01b0\u1ee3ng c\u00e0 ph\u00ea c\u00f3 th\u1ec3 xay: 25-27g + C\u1ed1i xay Campingmoon CC-115: 150x45x128mm, 60x60x183mm (G\u1ea5p g\u1ecdn), 385g L\u01b0\u1ee3ng c\u00e0 ph\u00ea c\u00f3 th\u1ec3 xay: 14-15g &#8211; Ch\u1ea5t li\u1ec7u:&hellip;<\/p>\n","protected":false},"featured_media":12602,"comment_status":"closed","ping_status":"open","template":"","meta":[],"product_cat":[15],"product_tag":[],"class_list":{"0":"post-12597","1":"product","2":"type-product","3":"status-publish","4":"has-post-thumbnail","6":"product_cat-uncategorized","8":"first","9":"instock","10":"purchasable","11":"product-type-simple","12":"col-xs-6 col-sm-4","13":"col-md-3 col-lg-3","14":"un-4-cols"},"_links":{"self":[{"href":"https:\/\/hibucenter.com\/index.php\/wp-json\/wp\/v2\/product\/12597","targetHints":{"allow":["GET"]}}],"collection":[{"href":"https:\/\/hibucenter.com\/index.php\/wp-json\/wp\/v2\/product"}],"about":[{"href":"https:\/\/hibucenter.com\/index.php\/wp-json\/wp\/v2\/types\/product"}],"replies":[{"embeddable":true,"href":"https:\/\/hibucenter.com\/index.php\/wp-json\/wp\/v2\/comments?post=12597"}],"version-history":[{"count":1,"href":"https:\/\/hibucenter.com\/index.php\/wp-json\/wp\/v2\/product\/12597\/revisions"}],"predecessor-version":[{"id":12598,"href":"https:\/\/hibucenter.com\/index.php\/wp-json\/wp\/v2\/product\/12597\/revisions\/12598"}],"wp:featuredmedia":[{"embeddable":true,"href":"https:\/\/hibucenter.com\/index.php\/wp-json\/wp\/v2\/media\/12602"}],"wp:attachment":[{"href":"https:\/\/hibucenter.com\/index.php\/wp-json\/wp\/v2\/media?parent=12597"}],"wp:term":[{"taxonomy":"product_cat","embeddable":true,"href":"https:\/\/hibucenter.com\/index.php\/wp-json\/wp\/v2\/product_cat?post=12597"},{"taxonomy":"product_tag","embeddable":true,"href":"https:\/\/hibucenter.com\/index.php\/wp-json\/wp\/v2\/product_tag?post=12597"}],"curies":[{"name":"wp","href":"https:\/\/api.w.org\/{rel}","templated":true}]}}