{"id":12571,"date":"2025-12-16T11:06:58","date_gmt":"2025-12-16T04:06:58","guid":{"rendered":"https:\/\/hibucenter.com\/index.php\/hop-dung-tra-ca-phe-hop-kim-nhom-ma-titanium-den-campingmoon-cc-50-bk-cc-51-bk\/"},"modified":"2025-12-16T11:07:33","modified_gmt":"2025-12-16T04:07:33","slug":"hop-dung-tra-ca-phe-hop-kim-nhom-ma-titanium-den-campingmoon-cc-50-bk-cc-51-bk","status":"publish","type":"product","link":"https:\/\/hibucenter.com\/index.php\/hop-dung-tra-ca-phe-hop-kim-nhom-ma-titanium-den-campingmoon-cc-50-bk-cc-51-bk\/","title":{"rendered":"H\u1ed9p \u0111\u1ef1ng tr\u00e0, c\u00e0 ph\u00ea h\u1ee3p kim nh\u00f4m m\u1ea1 titanium \u0111en Campingmoon CC-50-BK\/ CC-51-BK"},"content":{"rendered":"<p>TH\u00d4NG TIN S\u1ea2N PH\u1ea8M:<br \/>\n&#8211; Th\u01b0\u01a1ng hi\u1ec7u: Campingmoon<br \/>\n&#8211; Xu\u1ea5t x\u1ee9: Trung Qu\u1ed1c<br \/>\n&#8211; K\u00edch th\u01b0\u1edbc, Tr\u1ecdng l\u01b0\u1ee3ng:<br \/>\n+ H\u1ed9p \u0111\u1ef1ng Campingmoon (CC-50-BK): K\u00edch th\u01b0\u1edbc 120 x 46 x 46mm; Tr\u1ecdng l\u01b0\u1ee3ng 136g; Ng\u0103n nh\u1ecf 15g, 50ml; Ng\u0103n l\u1edbn 30g, 90ml<br \/>\n+ H\u1ed9p \u0111\u1ef1ng Campingmoon (CC-51-BK): K\u00edch th\u01b0\u1edbc 146 x 53 x 53mm; Tr\u1ecdng l\u01b0\u1ee3ng 186g; Ng\u0103n nh\u1ecf 27g, 80ml; Ng\u0103n l\u1edbn 54g, 150ml<br \/>\n&#8211; Ch\u1ea5t li\u1ec7u: H\u1ee3p kim nh\u00f4m m\u1ea1 Titanium \u0111en<br \/>\nH\u1ed9p \u0111\u1ef1ng tr\u00e0,\u00a0c\u00e0 ph\u00ea\u00a0Campingmoon CC-50-BK\/ CC-51-BK ch\u1ea5t li\u1ec7u h\u1ee3p kim nh\u00f4m m\u1ea1 tiatnium \u0111en nh\u1eb9, nh\u1ecf g\u1ecdn thu\u1eadn ti\u1ec7n cho vi\u1ec7c mang theo v\u00e0 l\u01b0u tr\u1eef th\u00edch h\u1ee3p cho c\u00e1c ho\u1ea1t \u0111\u1ed9ng ngo\u00e0i tr\u1eddi nh\u01b0\u00a0c\u1eafm tr\u1ea1i, d\u00e3 ngo\u1ea1i, du l\u1ecbch\u2026.H\u1ed9p g\u1ed3m 2 ng\u0103n ri\u00eang bi\u1ec7t, b\u1ea3o qu\u1ea3n theo t\u1eebng ng\u0103n v\u00e0 s\u1eed d\u1ee5ng \u0111\u01b0\u1ee3c nhi\u1ec1u m\u1ee5c \u0111\u00edch h\u01a1n (c\u00f3 th\u1ec3 \u0111\u1ef1ng c\u00e0 ph\u00ea, tr\u00e0, ho\u1eb7c k\u1ebft h\u1ee3p tr\u00e0, c\u00e0 ph\u00ea\u2026)<br \/>\nH\u1ed9p \u0111\u1ef1ng \u0111\u01b0\u1ee3c l\u00e0m b\u1eb1ng ch\u1ea5t li\u1ec7u h\u1ee3p kim nh\u00f4m \u0111\u01b0\u1ee3c m\u1ea1 titnaium \u0111en ch\u1ed1ng m\u00e0i m\u00f2n v\u00e0 ch\u1ed1ng r\u01a1i. N\u1eafp v\u1eb7n ren, thi\u1ebft k\u1ebf h\u1ed9p c\u00f3 hoa v\u0103n ch\u1ed1ng tr\u01a1n tr\u01b0\u1ee3t, \u0111\u00f3ng m\u1edf \u00eam \u00e1i, v\u1eeba kh\u00edt.<br \/>\nThi\u1ebft k\u1ebf h\u1ed9p nh\u1ecf g\u1ecdn, nh\u1eb9, d\u1ec5 d\u00e0ng c\u1ea7m b\u1eb1ng 1 tay, thu\u1eadn ti\u1ec7n cho vi\u1ec7c mang theo v\u00e0 l\u01b0u tr\u1eef th\u00edch h\u1ee3p cho c\u00e1c ho\u1ea1t \u0111\u1ed9ng ngo\u00e0i tr\u1eddi nh\u01b0 c\u1eafm tr\u1ea1i, d\u00e3 ngo\u1ea1i, du l\u1ecbch\u2026.<\/p>\n","protected":false},"excerpt":{"rendered":"<p>TH\u00d4NG TIN S\u1ea2N PH\u1ea8M: &#8211; Th\u01b0\u01a1ng hi\u1ec7u: Campingmoon &#8211; Xu\u1ea5t x\u1ee9: Trung Qu\u1ed1c &#8211; K\u00edch th\u01b0\u1edbc, Tr\u1ecdng l\u01b0\u1ee3ng: + H\u1ed9p \u0111\u1ef1ng Campingmoon (CC-50-BK): K\u00edch th\u01b0\u1edbc 120 x 46 x 46mm; Tr\u1ecdng l\u01b0\u1ee3ng 136g; Ng\u0103n nh\u1ecf 15g, 50ml; Ng\u0103n l\u1edbn 30g, 90ml + H\u1ed9p \u0111\u1ef1ng Campingmoon (CC-51-BK): K\u00edch th\u01b0\u1edbc 146 x 53 x 53mm; Tr\u1ecdng l\u01b0\u1ee3ng&hellip;<\/p>\n","protected":false},"featured_media":12578,"comment_status":"closed","ping_status":"open","template":"","meta":[],"product_cat":[15],"product_tag":[],"class_list":{"0":"post-12571","1":"product","2":"type-product","3":"status-publish","4":"has-post-thumbnail","6":"product_cat-uncategorized","8":"first","9":"instock","10":"purchasable","11":"product-type-simple","12":"col-xs-6 col-sm-4","13":"col-md-3 col-lg-3","14":"un-4-cols"},"_links":{"self":[{"href":"https:\/\/hibucenter.com\/index.php\/wp-json\/wp\/v2\/product\/12571","targetHints":{"allow":["GET"]}}],"collection":[{"href":"https:\/\/hibucenter.com\/index.php\/wp-json\/wp\/v2\/product"}],"about":[{"href":"https:\/\/hibucenter.com\/index.php\/wp-json\/wp\/v2\/types\/product"}],"replies":[{"embeddable":true,"href":"https:\/\/hibucenter.com\/index.php\/wp-json\/wp\/v2\/comments?post=12571"}],"version-history":[{"count":1,"href":"https:\/\/hibucenter.com\/index.php\/wp-json\/wp\/v2\/product\/12571\/revisions"}],"predecessor-version":[{"id":12572,"href":"https:\/\/hibucenter.com\/index.php\/wp-json\/wp\/v2\/product\/12571\/revisions\/12572"}],"wp:featuredmedia":[{"embeddable":true,"href":"https:\/\/hibucenter.com\/index.php\/wp-json\/wp\/v2\/media\/12578"}],"wp:attachment":[{"href":"https:\/\/hibucenter.com\/index.php\/wp-json\/wp\/v2\/media?parent=12571"}],"wp:term":[{"taxonomy":"product_cat","embeddable":true,"href":"https:\/\/hibucenter.com\/index.php\/wp-json\/wp\/v2\/product_cat?post=12571"},{"taxonomy":"product_tag","embeddable":true,"href":"https:\/\/hibucenter.com\/index.php\/wp-json\/wp\/v2\/product_tag?post=12571"}],"curies":[{"name":"wp","href":"https:\/\/api.w.org\/{rel}","templated":true}]}}