{"id":12023,"date":"2025-12-16T11:03:31","date_gmt":"2025-12-16T04:03:31","guid":{"rendered":"https:\/\/hibucenter.com\/index.php\/bo-day-neo-dung-leu-campingmoon-fs-5000-fs5000-bo-2-soi\/"},"modified":"2025-12-16T11:03:47","modified_gmt":"2025-12-16T04:03:47","slug":"bo-day-neo-dung-leu-campingmoon-fs-5000-fs5000-bo-2-soi","status":"publish","type":"product","link":"https:\/\/hibucenter.com\/index.php\/bo-day-neo-dung-leu-campingmoon-fs-5000-fs5000-bo-2-soi\/","title":{"rendered":"B\u1ed9 d\u00e2y neo d\u1ef1ng l\u1ec1u Campingmoon FS-5000 FS5000 (B\u1ed9 2 s\u1ee3i)"},"content":{"rendered":"<p>TH\u00d4NG TIN S\u1ea2N PH\u1ea8M:<br \/>\n&#8211; Th\u01b0\u01a1ng hi\u1ec7u: Campingmoon<br \/>\n&#8211; Xu\u1ea5t x\u1ee9: Trung Qu\u1ed1c<br \/>\n&#8211; Ch\u1ea5t li\u1ec7u: V\u1ea3i Canvas<br \/>\n&#8211; K\u00edch th\u01b0\u1edbc s\u1eed d\u1ee5ng: \u200e10m\u00d72 (\u0111\u01b0\u1eddng k\u00ednh d\u00e2y 4mm)<br \/>\n&#8211; K\u00edch th\u01b0\u1edbc \u0111\u00f3ng g\u00f3i: 17.1 x 13 x 6.6 cm<br \/>\n&#8211; Tr\u1ecdng l\u01b0\u1ee3ng: 240g<br \/>\n&#8211; M\u00e0u s\u1eafc: X\u00e1m<br \/>\n&#8211; B\u1ed9 s\u1ea3n ph\u1ea9m bao g\u1ed3m: 2 s\u1ee3i d\u00e2y neo d\u1ef1ng l\u1ec1u d\u00e0i 10m<br \/>\nD\u00f9ng \u0111\u1ec3 neo d\u1ef1ng l\u1ec1u v\u1edbi chi\u1ec1u d\u00e0i 4m v\u00e0 \u0111\u1ea7u kh\u00f3a b\u1eb1ng nh\u00f4m gi\u00fap l\u1ec1u, t\u0103ng c\u1ee7a b\u1ea1n \u0111\u01b0\u1ee3c c\u1ed1 \u0111\u1ecbnh t\u1ed1t, thao t\u00e1c d\u1ec5 d\u00e0ng, g\u1ecdn nh\u1eb9, d\u1ec5 d\u00e0ng l\u01b0u tr\u1eef<\/p>\n","protected":false},"excerpt":{"rendered":"<p>TH\u00d4NG TIN S\u1ea2N PH\u1ea8M: &#8211; Th\u01b0\u01a1ng hi\u1ec7u: Campingmoon &#8211; Xu\u1ea5t x\u1ee9: Trung Qu\u1ed1c &#8211; Ch\u1ea5t li\u1ec7u: V\u1ea3i Canvas &#8211; K\u00edch th\u01b0\u1edbc s\u1eed d\u1ee5ng: \u200e10m\u00d72 (\u0111\u01b0\u1eddng k\u00ednh d\u00e2y 4mm) &#8211; K\u00edch th\u01b0\u1edbc \u0111\u00f3ng g\u00f3i: 17.1 x 13 x 6.6 cm &#8211; Tr\u1ecdng l\u01b0\u1ee3ng: 240g &#8211; M\u00e0u s\u1eafc: X\u00e1m &#8211; B\u1ed9 s\u1ea3n ph\u1ea9m bao g\u1ed3m: 2 s\u1ee3i&hellip;<\/p>\n","protected":false},"featured_media":12025,"comment_status":"closed","ping_status":"open","template":"","meta":[],"product_cat":[15],"product_tag":[],"class_list":{"0":"post-12023","1":"product","2":"type-product","3":"status-publish","4":"has-post-thumbnail","6":"product_cat-uncategorized","8":"first","9":"instock","10":"purchasable","11":"product-type-simple","12":"col-xs-6 col-sm-4","13":"col-md-3 col-lg-3","14":"un-4-cols"},"_links":{"self":[{"href":"https:\/\/hibucenter.com\/index.php\/wp-json\/wp\/v2\/product\/12023","targetHints":{"allow":["GET"]}}],"collection":[{"href":"https:\/\/hibucenter.com\/index.php\/wp-json\/wp\/v2\/product"}],"about":[{"href":"https:\/\/hibucenter.com\/index.php\/wp-json\/wp\/v2\/types\/product"}],"replies":[{"embeddable":true,"href":"https:\/\/hibucenter.com\/index.php\/wp-json\/wp\/v2\/comments?post=12023"}],"version-history":[{"count":1,"href":"https:\/\/hibucenter.com\/index.php\/wp-json\/wp\/v2\/product\/12023\/revisions"}],"predecessor-version":[{"id":12024,"href":"https:\/\/hibucenter.com\/index.php\/wp-json\/wp\/v2\/product\/12023\/revisions\/12024"}],"wp:featuredmedia":[{"embeddable":true,"href":"https:\/\/hibucenter.com\/index.php\/wp-json\/wp\/v2\/media\/12025"}],"wp:attachment":[{"href":"https:\/\/hibucenter.com\/index.php\/wp-json\/wp\/v2\/media?parent=12023"}],"wp:term":[{"taxonomy":"product_cat","embeddable":true,"href":"https:\/\/hibucenter.com\/index.php\/wp-json\/wp\/v2\/product_cat?post=12023"},{"taxonomy":"product_tag","embeddable":true,"href":"https:\/\/hibucenter.com\/index.php\/wp-json\/wp\/v2\/product_tag?post=12023"}],"curies":[{"name":"wp","href":"https:\/\/api.w.org\/{rel}","templated":true}]}}