{"id":11996,"date":"2025-12-16T11:03:31","date_gmt":"2025-12-16T04:03:31","guid":{"rendered":"https:\/\/hibucenter.com\/index.php\/bo-coc-leu-thep-khong-gi-campingmoon-r35-4-35m-bo-4-chiec\/"},"modified":"2025-12-16T11:03:40","modified_gmt":"2025-12-16T04:03:40","slug":"bo-coc-leu-thep-khong-gi-campingmoon-r35-4-35m-bo-4-chiec","status":"publish","type":"product","link":"https:\/\/hibucenter.com\/index.php\/bo-coc-leu-thep-khong-gi-campingmoon-r35-4-35m-bo-4-chiec\/","title":{"rendered":"B\u1ed9 c\u1ecdc l\u1ec1u th\u00e9p kh\u00f4ng g\u1ec9 Campingmoon R35-4 (35m, b\u1ed9 4 chi\u1ebfc)"},"content":{"rendered":"<p>TH\u00d4NG TIN S\u1ea2N PH\u1ea8M:<br \/>\n&#8211; Th\u01b0\u01a1ng hi\u1ec7u: Campingmoon<br \/>\n&#8211; Xu\u1ea5t x\u1ee9: Trung Qu\u1ed1c<br \/>\n&#8211; Ch\u1ea5t li\u1ec7u: Th\u00e9p kh\u00f4ng g\u1ec9 420J<br \/>\n&#8211; \u0110\u1ed9 c\u1ee9ng: 250HB tr\u1edf l\u00ean (c\u1ee9ng h\u01a1n 20% -50% so v\u1edbi th\u00e9p kh\u00f4ng g\u1ec9 th\u00f4ng th\u01b0\u1eddng (SUS304))<br \/>\n&#8211; K\u00edch th\u01b0\u1edbc, Tr\u1ecdng l\u01b0\u1ee3ng (1 c\u00e1i):<br \/>\n+ R20: K\u00edch th\u01b0\u1edbc: 20 cm. Tr\u1ecdng l\u01b0\u1ee3ng: 129g<br \/>\n+ R26: K\u00edch th\u01b0\u1edbc: 26cm. Tr\u1ecdng l\u01b0\u1ee3ng: 154g<br \/>\n+ R30: K\u00edch th\u01b0\u1edbc: 30cm. Tr\u1ecdng l\u01b0\u1ee3ng: 179g<br \/>\n+ R35: K\u00edch th\u01b0\u1edbc: 35cm. Tr\u1ecdng l\u01b0\u1ee3ng: 233g<br \/>\nM\u1ed7i b\u1ed9 bao g\u1ed3m 4 c\u1ecdc<br \/>\nKhi \u0111\u00f3ng xu\u1ed1ng \u0111\u1ea5t, tai ph\u1ea7n m\u00f3c kh\u00f4ng l\u00e0m xoay c\u1ecdc, \u0111\u1ed3ng th\u1eddi ng\u0103n kh\u00f4ng cho d\u00e2y tu\u1ed9t ra.<br \/>\nL\u1ed7 tr\u00f2n tr\u00ean m\u1ed7i c\u1ecdc \u0111\u01b0\u1ee3c thi\u1ebft k\u1ebf sao cho c\u00f3 th\u1ec3 b\u00faa \u0111\u01b0\u1ee3c \u0111\u00f3ng ch\u00ednh x\u00e1c xu\u1ed1ng. D\u00e2y c\u0169ng c\u00f3 th\u1ec3 \u0111\u01b0\u1ee3c g\u1eafn v\u00e0o.<br \/>\nC\u1ecdc c\u00f3 \u0111\u1ea7u h\u00ecnh ph\u1eb3ng gi\u00fap b\u1ea1n d\u1ec5 d\u00e0ng \u0111\u00f3ng b\u00faa<br \/>\nCh\u1ea5t li\u1ec7u \u0111\u01b0\u1ee3c thi\u1ebft k\u1ebf d\u00e0y h\u01a1n theo chi\u1ec1u k\u00e9o c\u1ee7a d\u00e2y n\u00ean c\u00f3 th\u1ec3 ch\u1ecbu \u0111\u01b0\u1ee3c \u0111\u1ed9 d\u1ebbo dai.<br \/>\nV\u00ec v\u1eadt li\u1ec7u th\u00e9p kh\u00f4ng g\u1ec9 \u0111\u01b0\u1ee3c r\u00e8n n\u00ean b\u1ec1 m\u1eb7t kh\u00f4ng \u0111\u01b0\u1ee3c s\u01a1n. V\u00ec v\u1eady, kh\u00f4ng c\u1ea7n lo l\u1eafng s\u01a1n b\u1ecb bong tr\u00f3c, r\u1ec9 s\u00e9t khi d\u00f9ng b\u00faa \u0111\u1eadp v\u00e0o.<br \/>\n1. L\u00e0m th\u1ebf n\u00e0o \u0111\u1ec3 \u0111\u00f3ng c\u1ecdc?<br \/>\nG\u00f3c gi\u1eefa \u0111\u01b0\u1eddng k\u1ebb v\u00e0 ch\u1ed1t l\u00e0 g\u00f3c vu\u00f4ng (90 \u0111\u1ed9).<br \/>\nNghi\u00eang c\u00e1c ch\u1ed1t theo h\u01b0\u1edbng ng\u01b0\u1ee3c l\u1ea1i c\u1ee7a l\u1ec1u sao cho t\u1ea1o m\u1ed9t g\u00f3c 60 \u0111\u1ed9 so v\u1edbi m\u1eb7t \u0111\u1ea5t.<br \/>\n2. L\u00e0m th\u1ebf n\u00e0o \u0111\u1ec3 r\u00fat c\u1ecdc ra?\u3000<br \/>\nN\u1ebfu b\u1ea1n c\u00f3 m\u1ed9t chi\u1ebfc b\u00faa \u0111\u00f3ng c\u1ecdc, b\u1ea1n c\u00f3 th\u1ec3 d\u00f9ng m\u00f3c \u1edf ph\u00eda sau \u0111\u1ec3 k\u00e9o ra b\u1eb1ng nguy\u00ean l\u00fd \u0111\u00f2n b\u1ea9y.<br \/>\nN\u1ebfu kh\u00f4ng c\u00f3 b\u00faa m\u00f3c m\u1ed9t c\u00e1i c\u1ecdc kh\u00e1c v\u00e0o m\u00f3c c\u1ee7a ch\u1ed1t c\u1eafm xu\u1ed1ng \u0111\u1ea5t v\u00e0 k\u00e9o n\u00f3 ra b\u1eb1ng c\u00e1ch k\u00e9o ho\u1eb7c v\u1eb7n nh\u1eb9.<br \/>\n3. L\u01b0u tr\u1eef?<br \/>\nR\u1eeda s\u1ea1ch v\u1ebft b\u00f9n b\u1eb1ng n\u01b0\u1edbc tr\u01b0\u1edbc v\u00e0 lau kh\u00f4 tr\u01b0\u1edbc khi b\u1ea3o qu\u1ea3n.<\/p>\n","protected":false},"excerpt":{"rendered":"<p>TH\u00d4NG TIN S\u1ea2N PH\u1ea8M: &#8211; Th\u01b0\u01a1ng hi\u1ec7u: Campingmoon &#8211; Xu\u1ea5t x\u1ee9: Trung Qu\u1ed1c &#8211; Ch\u1ea5t li\u1ec7u: Th\u00e9p kh\u00f4ng g\u1ec9 420J &#8211; \u0110\u1ed9 c\u1ee9ng: 250HB tr\u1edf l\u00ean (c\u1ee9ng h\u01a1n 20% -50% so v\u1edbi th\u00e9p kh\u00f4ng g\u1ec9 th\u00f4ng th\u01b0\u1eddng (SUS304)) &#8211; K\u00edch th\u01b0\u1edbc, Tr\u1ecdng l\u01b0\u1ee3ng (1 c\u00e1i): + R20: K\u00edch th\u01b0\u1edbc: 20 cm. Tr\u1ecdng l\u01b0\u1ee3ng: 129g +&hellip;<\/p>\n","protected":false},"featured_media":11998,"comment_status":"closed","ping_status":"open","template":"","meta":[],"product_cat":[15],"product_tag":[],"class_list":{"0":"post-11996","1":"product","2":"type-product","3":"status-publish","4":"has-post-thumbnail","6":"product_cat-uncategorized","8":"first","9":"instock","10":"purchasable","11":"product-type-simple","12":"col-xs-6 col-sm-4","13":"col-md-3 col-lg-3","14":"un-4-cols"},"_links":{"self":[{"href":"https:\/\/hibucenter.com\/index.php\/wp-json\/wp\/v2\/product\/11996","targetHints":{"allow":["GET"]}}],"collection":[{"href":"https:\/\/hibucenter.com\/index.php\/wp-json\/wp\/v2\/product"}],"about":[{"href":"https:\/\/hibucenter.com\/index.php\/wp-json\/wp\/v2\/types\/product"}],"replies":[{"embeddable":true,"href":"https:\/\/hibucenter.com\/index.php\/wp-json\/wp\/v2\/comments?post=11996"}],"version-history":[{"count":1,"href":"https:\/\/hibucenter.com\/index.php\/wp-json\/wp\/v2\/product\/11996\/revisions"}],"predecessor-version":[{"id":11997,"href":"https:\/\/hibucenter.com\/index.php\/wp-json\/wp\/v2\/product\/11996\/revisions\/11997"}],"wp:featuredmedia":[{"embeddable":true,"href":"https:\/\/hibucenter.com\/index.php\/wp-json\/wp\/v2\/media\/11998"}],"wp:attachment":[{"href":"https:\/\/hibucenter.com\/index.php\/wp-json\/wp\/v2\/media?parent=11996"}],"wp:term":[{"taxonomy":"product_cat","embeddable":true,"href":"https:\/\/hibucenter.com\/index.php\/wp-json\/wp\/v2\/product_cat?post=11996"},{"taxonomy":"product_tag","embeddable":true,"href":"https:\/\/hibucenter.com\/index.php\/wp-json\/wp\/v2\/product_tag?post=11996"}],"curies":[{"name":"wp","href":"https:\/\/api.w.org\/{rel}","templated":true}]}}