{"id":11919,"date":"2025-12-16T11:02:41","date_gmt":"2025-12-16T04:02:41","guid":{"rendered":"https:\/\/hibucenter.com\/index.php\/ban-bep-gap-gon-cach-nhiet-solo-campingmoon-sk-127-h-sk-127-bk\/"},"modified":"2025-12-16T11:03:08","modified_gmt":"2025-12-16T04:03:08","slug":"ban-bep-gap-gon-cach-nhiet-solo-campingmoon-sk-127-h-sk-127-bk","status":"publish","type":"product","link":"https:\/\/hibucenter.com\/index.php\/ban-bep-gap-gon-cach-nhiet-solo-campingmoon-sk-127-h-sk-127-bk\/","title":{"rendered":"B\u00e0n b\u1ebfp g\u1ea5p g\u1ecdn c\u00e1ch nhi\u1ec7t Solo Campingmoon SK-127-H \/ SK-127-BK"},"content":{"rendered":"<p>TH\u00d4NG TIN S\u1ea2N PH\u1ea8M:<br \/>\n&#8211; Th\u01b0\u01a1ng hi\u1ec7u: Campingmoon<br \/>\n&#8211; Xu\u1ea5t x\u1ee9: Trung Qu\u1ed1c<br \/>\n&#8211; Ch\u1ea5t li\u1ec7u: Th\u00e9p kh\u00f4ng g\u1ec9<br \/>\n&#8211; K\u00edch th\u01b0\u1edbc s\u1eed d\u1ee5ng: 34 x 13.5 x 17 cm<br \/>\n&#8211; K\u00edch th\u01b0\u1edbc g\u1ea5p g\u1ecdn: 37 x 22 x 4 cm<br \/>\n&#8211; Tr\u1ecdng l\u01b0\u1ee3ng: 0.8kg<br \/>\n&#8211; T\u1ea3i tr\u1ecdng: 15kg<br \/>\nB\u00e0n b\u1ebfp g\u1ea5p g\u1ecdn c\u00e1ch nhi\u1ec7t Solo Campingmoon SK-127 ch\u1ea5t li\u1ec7u th\u00e9p kh\u00f4ng g\u1ec9 nh\u1eb9, ch\u1eafc ch\u1eafn, ch\u1ecbu nhi\u1ec7t \u0111\u1ed9 cao. Thi\u1ebft k\u1ebf ch\u1eef U c\u00f3 k\u1ec3 th\u1ebf h\u1ee3p v\u1edbi b\u1ebfp gas d\u00e3 ngo\u1ea1i\u00a0th\u00e0nh b\u00e0n n\u1ea5u \u0103n ho\u1eb7c b\u00e0n c\u00e0 ph\u00ea v\u00f4 c\u00f9ng ti\u1ec7n l\u1ee3i. Thi\u1ebft k\u1ebf g\u1ea5p g\u1ecdn, nh\u1eb9 d\u1ec5 d\u00e0ng cho vi\u1ec7c di chuy\u1ec3n th\u00edch h\u1ee3p v\u1edbi c\u00e1c chuy\u1ebfn \u0111i\u00a0c\u1eafm tr\u1ea1i, d\u00e3 ngo\u1ea1i.<br \/>\nS\u1eafp x\u1ebfp &#038; k\u1ebft h\u1ee3p LINH HO\u1ea0T v\u1eeba l\u00e0m b\u00e0n c\u00e0 ph\u00ea, v\u1eeba l\u00e0m k\u1ec7, b\u00e0n b\u1ebfp k\u1ebft h\u1ee3p v\u1edbi b\u1ebfp gas.<\/p>\n","protected":false},"excerpt":{"rendered":"<p>TH\u00d4NG TIN S\u1ea2N PH\u1ea8M: &#8211; Th\u01b0\u01a1ng hi\u1ec7u: Campingmoon &#8211; Xu\u1ea5t x\u1ee9: Trung Qu\u1ed1c &#8211; Ch\u1ea5t li\u1ec7u: Th\u00e9p kh\u00f4ng g\u1ec9 &#8211; K\u00edch th\u01b0\u1edbc s\u1eed d\u1ee5ng: 34 x 13.5 x 17 cm &#8211; K\u00edch th\u01b0\u1edbc g\u1ea5p g\u1ecdn: 37 x 22 x 4 cm &#8211; Tr\u1ecdng l\u01b0\u1ee3ng: 0.8kg &#8211; T\u1ea3i tr\u1ecdng: 15kg B\u00e0n b\u1ebfp g\u1ea5p g\u1ecdn c\u00e1ch nhi\u1ec7t&hellip;<\/p>\n","protected":false},"featured_media":11926,"comment_status":"closed","ping_status":"open","template":"","meta":[],"product_cat":[15],"product_tag":[],"class_list":{"0":"post-11919","1":"product","2":"type-product","3":"status-publish","4":"has-post-thumbnail","6":"product_cat-uncategorized","8":"first","9":"instock","10":"purchasable","11":"product-type-simple","12":"col-xs-6 col-sm-4","13":"col-md-3 col-lg-3","14":"un-4-cols"},"_links":{"self":[{"href":"https:\/\/hibucenter.com\/index.php\/wp-json\/wp\/v2\/product\/11919","targetHints":{"allow":["GET"]}}],"collection":[{"href":"https:\/\/hibucenter.com\/index.php\/wp-json\/wp\/v2\/product"}],"about":[{"href":"https:\/\/hibucenter.com\/index.php\/wp-json\/wp\/v2\/types\/product"}],"replies":[{"embeddable":true,"href":"https:\/\/hibucenter.com\/index.php\/wp-json\/wp\/v2\/comments?post=11919"}],"version-history":[{"count":1,"href":"https:\/\/hibucenter.com\/index.php\/wp-json\/wp\/v2\/product\/11919\/revisions"}],"predecessor-version":[{"id":11920,"href":"https:\/\/hibucenter.com\/index.php\/wp-json\/wp\/v2\/product\/11919\/revisions\/11920"}],"wp:featuredmedia":[{"embeddable":true,"href":"https:\/\/hibucenter.com\/index.php\/wp-json\/wp\/v2\/media\/11926"}],"wp:attachment":[{"href":"https:\/\/hibucenter.com\/index.php\/wp-json\/wp\/v2\/media?parent=11919"}],"wp:term":[{"taxonomy":"product_cat","embeddable":true,"href":"https:\/\/hibucenter.com\/index.php\/wp-json\/wp\/v2\/product_cat?post=11919"},{"taxonomy":"product_tag","embeddable":true,"href":"https:\/\/hibucenter.com\/index.php\/wp-json\/wp\/v2\/product_tag?post=11919"}],"curies":[{"name":"wp","href":"https:\/\/api.w.org\/{rel}","templated":true}]}}