{"id":11327,"date":"2025-12-16T10:51:12","date_gmt":"2025-12-16T03:51:12","guid":{"rendered":"https:\/\/hibucenter.com\/index.php\/muong-da-nang-titanium-keith-ti5311\/"},"modified":"2025-12-16T10:51:31","modified_gmt":"2025-12-16T03:51:31","slug":"muong-da-nang-titanium-keith-ti5311","status":"publish","type":"product","link":"https:\/\/hibucenter.com\/index.php\/muong-da-nang-titanium-keith-ti5311\/","title":{"rendered":"Mu\u1ed7ng \u0111a n\u0103ng Titanium Keith Ti5311"},"content":{"rendered":"<p>TH\u00d4NG TIN S\u1ea2N PH\u1ea8M:<br \/>\n&#8211; Tr\u1ecdng l\u01b0\u1ee3ng: 15 gram<br \/>\n&#8211; K\u00edch th\u01b0\u1edbc: 1.5 x 16.3 cm. L\u00f2ng mu\u1ed7ng r\u1ed9ng 3.7cm<br \/>\n&#8211; Xu\u1ea5t x\u1ee9: Th\u01b0\u01a1ng hi\u1ec7u M\u1ef9 &#8211; Made in China<br \/>\n&#8211; G\u1ed3m 3 ch\u1ee9c n\u0103ng \u0111a d\u1ee5ng: mu\u1ed7ng, n\u0129a v\u00e0 khui n\u1eafp bia.<br \/>\n&#8211; Thi\u1ebft k\u1ebf nh\u1ecf g\u1ecdn, tinh t\u1ebf. C\u00f3 l\u1ed7 x\u1ecf d\u00e2y.<br \/>\n&#8211; Ch\u1ea5t li\u1ec7u Titanium b\u1ec1n, nh\u1eb9, c\u1ee9ng v\u00e0 an to\u00e0n tuy\u1ec7t \u0111\u1ed1i v\u1edbi s\u1ee9c kh\u1ecfe.<br \/>\n&#8211; Gi\u1eef cho m\u00f4i c\u1ee7a b\u1ea1n lu\u00f4n an to\u00e0n, kh\u00f4ng b\u1ecb b\u1ecfng khi th\u01b0\u1edfng th\u1ee9c \u0111\u1ed3 u\u1ed1ng nhi\u1ec7t \u0111\u1ed9 cao c\u0169ng nh\u01b0 kh\u00f4ng b\u1ecb d\u00ednh da m\u00f4i v\u00e0o mu\u1ed7ng khi s\u1eed d\u1ee5ng \u1edf \u0111i\u1ec1u ki\u1ec7n b\u0103ng tuy\u1ebft.<br \/>\n&#8211; D\u1ec5 d\u00e0ng v\u1ec7 sinh sau khi s\u1eed d\u1ee5ng. C\u00f3 bao v\u1ea3i \u0111i k\u00e8m.<br \/>\nMu\u1ed7ng n\u0129a Titanium 3-in-1 ph\u00f9 h\u1ee3p mang \u0111i l\u00e0m, \u0111i du l\u1ecbch, c\u1eafm tr\u1ea1i, picnic. Ti\u1ec7n l\u1ee3i mang \u0111i b\u1ea5t c\u1ee9 \u0111\u00e2u, \u0103n u\u1ed1ng \u0111\u1ea3m b\u1ea3o v\u1ec7 sinh v\u00e0 th\u00f3i quen s\u1eed d\u1ee5ng.<\/p>\n","protected":false},"excerpt":{"rendered":"<p>TH\u00d4NG TIN S\u1ea2N PH\u1ea8M: &#8211; Tr\u1ecdng l\u01b0\u1ee3ng: 15 gram &#8211; K\u00edch th\u01b0\u1edbc: 1.5 x 16.3 cm. L\u00f2ng mu\u1ed7ng r\u1ed9ng 3.7cm &#8211; Xu\u1ea5t x\u1ee9: Th\u01b0\u01a1ng hi\u1ec7u M\u1ef9 &#8211; Made in China &#8211; G\u1ed3m 3 ch\u1ee9c n\u0103ng \u0111a d\u1ee5ng: mu\u1ed7ng, n\u0129a v\u00e0 khui n\u1eafp bia. &#8211; Thi\u1ebft k\u1ebf nh\u1ecf g\u1ecdn, tinh t\u1ebf. C\u00f3 l\u1ed7 x\u1ecf d\u00e2y. &#8211;&hellip;<\/p>\n","protected":false},"featured_media":11329,"comment_status":"closed","ping_status":"open","template":"","meta":[],"product_cat":[15],"product_tag":[],"class_list":{"0":"post-11327","1":"product","2":"type-product","3":"status-publish","4":"has-post-thumbnail","6":"product_cat-uncategorized","8":"first","9":"instock","10":"purchasable","11":"product-type-simple","12":"col-xs-6 col-sm-4","13":"col-md-3 col-lg-3","14":"un-4-cols"},"_links":{"self":[{"href":"https:\/\/hibucenter.com\/index.php\/wp-json\/wp\/v2\/product\/11327","targetHints":{"allow":["GET"]}}],"collection":[{"href":"https:\/\/hibucenter.com\/index.php\/wp-json\/wp\/v2\/product"}],"about":[{"href":"https:\/\/hibucenter.com\/index.php\/wp-json\/wp\/v2\/types\/product"}],"replies":[{"embeddable":true,"href":"https:\/\/hibucenter.com\/index.php\/wp-json\/wp\/v2\/comments?post=11327"}],"version-history":[{"count":1,"href":"https:\/\/hibucenter.com\/index.php\/wp-json\/wp\/v2\/product\/11327\/revisions"}],"predecessor-version":[{"id":11328,"href":"https:\/\/hibucenter.com\/index.php\/wp-json\/wp\/v2\/product\/11327\/revisions\/11328"}],"wp:featuredmedia":[{"embeddable":true,"href":"https:\/\/hibucenter.com\/index.php\/wp-json\/wp\/v2\/media\/11329"}],"wp:attachment":[{"href":"https:\/\/hibucenter.com\/index.php\/wp-json\/wp\/v2\/media?parent=11327"}],"wp:term":[{"taxonomy":"product_cat","embeddable":true,"href":"https:\/\/hibucenter.com\/index.php\/wp-json\/wp\/v2\/product_cat?post=11327"},{"taxonomy":"product_tag","embeddable":true,"href":"https:\/\/hibucenter.com\/index.php\/wp-json\/wp\/v2\/product_tag?post=11327"}],"curies":[{"name":"wp","href":"https:\/\/api.w.org\/{rel}","templated":true}]}}