{"id":11071,"date":"2025-12-16T10:49:00","date_gmt":"2025-12-16T03:49:00","guid":{"rendered":"https:\/\/hibucenter.com\/index.php\/bo-bi-dong-titanium-mess-kit-keith-ti3060\/"},"modified":"2025-12-16T10:49:11","modified_gmt":"2025-12-16T03:49:11","slug":"bo-bi-dong-titanium-mess-kit-keith-ti3060","status":"publish","type":"product","link":"https:\/\/hibucenter.com\/index.php\/bo-bi-dong-titanium-mess-kit-keith-ti3060\/","title":{"rendered":"B\u1ed9 Bi \u0110\u00f4ng Titanium Mess Kit Keith Ti3060"},"content":{"rendered":"<p>TH\u00d4NG TIN S\u1ea2N PH\u1ea8M:<br \/>\n&#8211; Th\u01b0\u01a1ng hi\u1ec7u: Titanium Keith<br \/>\n&#8211; Xu\u1ea5t x\u1ee9: Trung Qu\u1ed1c<br \/>\n&#8211; K\u00edch th\u01b0\u1edbc: 12.5 x 16 cm<br \/>\n&#8211; Tr\u1ecdng l\u01b0\u1ee3ng: 318 g<br \/>\n&#8211; Ch\u1ea5t li\u1ec7u: Titanium si\u00eau b\u1ec1n<br \/>\nB\u1ebfp C\u1ee7i C\u1eafm Tr\u1ea1i Titanium Keith Ti2201 di \u0111\u1ed9ng, thi\u1ebft k\u1ebf c\u00f3 l\u1ed7 \u0111\u1eb7t que xi\u00ean n\u01b0\u1edbng, b\u1ec1 m\u1eb7t ph\u1eb3ng \u0111\u1ec3 \u0111\u1eb7t khay ch\u1ed1ng th\u1ef1c ph\u1ea9m b\u1ecb ch\u00e1y kh\u00e9t.<br \/>\nThi\u1ebft k\u1ebf 7 m\u1ea3nh r\u1eddi c\u00f3 th\u1ec3 x\u1ebfp ch\u1ed3ng l\u00ean nhau. Th\u00e1o l\u1eafp d\u1ec5 d\u00e0ng.<br \/>\nCh\u1ea5t li\u1ec7u Titanium si\u00eau b\u1ec1n, nh\u1eb9 nh\u01b0 nh\u00f4m, c\u1ee9ng nh\u01b0 th\u00e9p.<br \/>\nThi\u1ebft k\u1ebf t\u1ed1i gi\u1ea3n, tinh t\u1ebf.<br \/>\nGia c\u00f4ng CNC ch\u00ednh x\u00e1c t\u1eebng chi ti\u1ebft.<br \/>\nCh\u1ed1ng r\u1ec9 s\u00e9t tuy\u1ec7t \u0111\u1ed1i. Kh\u00f4ng b\u1ecb \u0103n m\u00f2n, m\u00e0i m\u00f2n.<br \/>\nD\u1ec5 d\u00e0ng v\u1ec7 sinh sau khi s\u1eed d\u1ee5ng.<\/p>\n","protected":false},"excerpt":{"rendered":"<p>TH\u00d4NG TIN S\u1ea2N PH\u1ea8M: &#8211; Th\u01b0\u01a1ng hi\u1ec7u: Titanium Keith &#8211; Xu\u1ea5t x\u1ee9: Trung Qu\u1ed1c &#8211; K\u00edch th\u01b0\u1edbc: 12.5 x 16 cm &#8211; Tr\u1ecdng l\u01b0\u1ee3ng: 318 g &#8211; Ch\u1ea5t li\u1ec7u: Titanium si\u00eau b\u1ec1n B\u1ebfp C\u1ee7i C\u1eafm Tr\u1ea1i Titanium Keith Ti2201 di \u0111\u1ed9ng, thi\u1ebft k\u1ebf c\u00f3 l\u1ed7 \u0111\u1eb7t que xi\u00ean n\u01b0\u1edbng, b\u1ec1 m\u1eb7t ph\u1eb3ng \u0111\u1ec3 \u0111\u1eb7t khay&hellip;<\/p>\n","protected":false},"featured_media":11073,"comment_status":"closed","ping_status":"open","template":"","meta":[],"product_cat":[15],"product_tag":[],"class_list":{"0":"post-11071","1":"product","2":"type-product","3":"status-publish","4":"has-post-thumbnail","6":"product_cat-uncategorized","8":"first","9":"instock","10":"purchasable","11":"product-type-simple","12":"col-xs-6 col-sm-4","13":"col-md-3 col-lg-3","14":"un-4-cols"},"_links":{"self":[{"href":"https:\/\/hibucenter.com\/index.php\/wp-json\/wp\/v2\/product\/11071","targetHints":{"allow":["GET"]}}],"collection":[{"href":"https:\/\/hibucenter.com\/index.php\/wp-json\/wp\/v2\/product"}],"about":[{"href":"https:\/\/hibucenter.com\/index.php\/wp-json\/wp\/v2\/types\/product"}],"replies":[{"embeddable":true,"href":"https:\/\/hibucenter.com\/index.php\/wp-json\/wp\/v2\/comments?post=11071"}],"version-history":[{"count":1,"href":"https:\/\/hibucenter.com\/index.php\/wp-json\/wp\/v2\/product\/11071\/revisions"}],"predecessor-version":[{"id":11072,"href":"https:\/\/hibucenter.com\/index.php\/wp-json\/wp\/v2\/product\/11071\/revisions\/11072"}],"wp:featuredmedia":[{"embeddable":true,"href":"https:\/\/hibucenter.com\/index.php\/wp-json\/wp\/v2\/media\/11073"}],"wp:attachment":[{"href":"https:\/\/hibucenter.com\/index.php\/wp-json\/wp\/v2\/media?parent=11071"}],"wp:term":[{"taxonomy":"product_cat","embeddable":true,"href":"https:\/\/hibucenter.com\/index.php\/wp-json\/wp\/v2\/product_cat?post=11071"},{"taxonomy":"product_tag","embeddable":true,"href":"https:\/\/hibucenter.com\/index.php\/wp-json\/wp\/v2\/product_tag?post=11071"}],"curies":[{"name":"wp","href":"https:\/\/api.w.org\/{rel}","templated":true}]}}