{"id":10801,"date":"2025-12-16T10:46:35","date_gmt":"2025-12-16T03:46:35","guid":{"rendered":"https:\/\/hibucenter.com\/index.php\/noi-sieu-nhe-titanium-keith-ti8301-6000ml\/"},"modified":"2025-12-16T10:46:49","modified_gmt":"2025-12-16T03:46:49","slug":"noi-sieu-nhe-titanium-keith-ti8301-6000ml","status":"publish","type":"product","link":"https:\/\/hibucenter.com\/index.php\/noi-sieu-nhe-titanium-keith-ti8301-6000ml\/","title":{"rendered":"N\u1ed3i si\u00eau nh\u1eb9 titanium KEITH Ti8301 &#8211; 6000ml"},"content":{"rendered":"<p>TH\u00d4NG TIN S\u1ea2N PH\u1ea8M:<br \/>\n&#8211; Th\u01b0\u01a1ng hi\u1ec7u: Keith Titanium<br \/>\n&#8211; Xu\u1ea5t x\u1ee9: Trung Qu\u1ed1c<br \/>\n&#8211; Ch\u1ea5t li\u1ec7u: Titanium, silicone<br \/>\n&#8211; K\u00edch th\u01b0\u1edbc: \u00d8240&#215;160 mm<br \/>\n&#8211; Tr\u1ecdng l\u01b0\u1ee3ng: 870g<br \/>\n&#8211; Dung t\u00edch: 6.0L\/203 Oz<br \/>\nN\u1ed3i titanium KEITH Ti8301 6000ml l\u00e0 l\u1ef1a ch\u1ecdn ph\u00f9 h\u1ee3p cho nh\u1eefng ng\u01b0\u1eddi \u0111am m\u00ea ho\u1ea1t \u0111\u1ed9ng ngo\u00e0i tr\u1eddi \u0111ang t\u00ecm ki\u1ebfm d\u1ee5ng c\u1ee5 n\u1ea5u \u0103n ch\u1ea5t l\u01b0\u1ee3ng cao. Chi\u1ebfc n\u1ed3i titan nguy\u00ean ch\u1ea5t nh\u1eb9 n\u00e0y r\u1ea5t l\u00fd t\u01b0\u1edfng \u0111\u1ec3 n\u1ea5u \u0103n khi c\u1eafm tr\u1ea1i, \u0111i b\u1ed9 \u0111\u01b0\u1eddng d\u00e0i ho\u1eb7c \u0111i ch\u01a1i c\u00f9ng gia \u0111\u00ecnh.<br \/>\nM\u1ed7i chi\u1ebfc n\u1ed3i \u0111\u01b0\u1ee3c l\u00e0m t\u1eeb titan nguy\u00ean ch\u1ea5t, \u0111\u1ea3m b\u1ea3o kh\u00f4ng c\u00f3 kim lo\u1ea1i n\u1eb7ng v\u00e0 gi\u1ea3i ph\u00f3ng c\u00e1c ch\u1ea5t c\u00f3 h\u1ea1i ngay c\u1ea3 \u1edf nhi\u1ec7t \u0111\u1ed9 cao. Tay c\u1ea7m \u0111\u01b0\u1ee3c b\u1ecdc silicone ch\u1ecbu nhi\u1ec7t cho c\u1ea3m gi\u00e1c c\u1ea7m n\u1eafm ch\u1eafc ch\u1eafn, n\u1eafp c\u00f3 l\u1ed7 m\u1edf gi\u00fap ch\u1ed1ng tr\u00e0n khi n\u1ea5u.<br \/>\nN\u1ed3i c\u00f3 th\u1ec3 \u0111\u01b0\u1ee3c l\u00e0m n\u00f3ng tr\u1ef1c ti\u1ebfp tr\u00ean l\u1eeda, b\u1ebfp t\u1eeb ho\u1eb7c b\u1ebfp gas, khi\u1ebfn ch\u00fang tr\u1edf n\u00ean linh ho\u1ea1t cho c\u00e1c ph\u01b0\u01a1ng ph\u00e1p n\u1ea5u \u0103n kh\u00e1c nhau. Ch\u00fang th\u00edch h\u1ee3p \u0111\u1ec3 n\u1ea5u s\u00fap, ch\u00e1o v\u00e0 n\u1ea5u c\u01a1m.<\/p>\n","protected":false},"excerpt":{"rendered":"<p>TH\u00d4NG TIN S\u1ea2N PH\u1ea8M: &#8211; Th\u01b0\u01a1ng hi\u1ec7u: Keith Titanium &#8211; Xu\u1ea5t x\u1ee9: Trung Qu\u1ed1c &#8211; Ch\u1ea5t li\u1ec7u: Titanium, silicone &#8211; K\u00edch th\u01b0\u1edbc: \u00d8240&#215;160 mm &#8211; Tr\u1ecdng l\u01b0\u1ee3ng: 870g &#8211; Dung t\u00edch: 6.0L\/203 Oz N\u1ed3i titanium KEITH Ti8301 6000ml l\u00e0 l\u1ef1a ch\u1ecdn ph\u00f9 h\u1ee3p cho nh\u1eefng ng\u01b0\u1eddi \u0111am m\u00ea ho\u1ea1t \u0111\u1ed9ng ngo\u00e0i tr\u1eddi \u0111ang t\u00ecm ki\u1ebfm&hellip;<\/p>\n","protected":false},"featured_media":10803,"comment_status":"closed","ping_status":"open","template":"","meta":[],"product_cat":[15],"product_tag":[],"class_list":{"0":"post-10801","1":"product","2":"type-product","3":"status-publish","4":"has-post-thumbnail","6":"product_cat-uncategorized","8":"first","9":"instock","10":"purchasable","11":"product-type-simple","12":"col-xs-6 col-sm-4","13":"col-md-3 col-lg-3","14":"un-4-cols"},"_links":{"self":[{"href":"https:\/\/hibucenter.com\/index.php\/wp-json\/wp\/v2\/product\/10801","targetHints":{"allow":["GET"]}}],"collection":[{"href":"https:\/\/hibucenter.com\/index.php\/wp-json\/wp\/v2\/product"}],"about":[{"href":"https:\/\/hibucenter.com\/index.php\/wp-json\/wp\/v2\/types\/product"}],"replies":[{"embeddable":true,"href":"https:\/\/hibucenter.com\/index.php\/wp-json\/wp\/v2\/comments?post=10801"}],"version-history":[{"count":1,"href":"https:\/\/hibucenter.com\/index.php\/wp-json\/wp\/v2\/product\/10801\/revisions"}],"predecessor-version":[{"id":10802,"href":"https:\/\/hibucenter.com\/index.php\/wp-json\/wp\/v2\/product\/10801\/revisions\/10802"}],"wp:featuredmedia":[{"embeddable":true,"href":"https:\/\/hibucenter.com\/index.php\/wp-json\/wp\/v2\/media\/10803"}],"wp:attachment":[{"href":"https:\/\/hibucenter.com\/index.php\/wp-json\/wp\/v2\/media?parent=10801"}],"wp:term":[{"taxonomy":"product_cat","embeddable":true,"href":"https:\/\/hibucenter.com\/index.php\/wp-json\/wp\/v2\/product_cat?post=10801"},{"taxonomy":"product_tag","embeddable":true,"href":"https:\/\/hibucenter.com\/index.php\/wp-json\/wp\/v2\/product_tag?post=10801"}],"curies":[{"name":"wp","href":"https:\/\/api.w.org\/{rel}","templated":true}]}}