{"id":10764,"date":"2025-12-16T10:45:40","date_gmt":"2025-12-16T03:45:40","guid":{"rendered":"https:\/\/hibucenter.com\/index.php\/bep-nuong-sieu-nhe-titanium-frying-oven-keith-ti2205\/"},"modified":"2025-12-16T10:46:15","modified_gmt":"2025-12-16T03:46:15","slug":"bep-nuong-sieu-nhe-titanium-frying-oven-keith-ti2205","status":"publish","type":"product","link":"https:\/\/hibucenter.com\/index.php\/bep-nuong-sieu-nhe-titanium-frying-oven-keith-ti2205\/","title":{"rendered":"B\u1ebfp n\u01b0\u1edbng si\u00eau nh\u1eb9 Titanium Frying Oven Keith Ti2205"},"content":{"rendered":"<p>TH\u00d4NG TIN S\u1ea2N PH\u1ea8M:<br \/>\n&#8211; Th\u01b0\u01a1ng hi\u1ec7u: Keith Titanium<br \/>\n&#8211; Xu\u1ea5t x\u1ee9: Trung Qu\u1ed1c<br \/>\n&#8211; Ch\u1ea5t li\u1ec7u: Titanium<br \/>\n&#8211; K\u00edch th\u01b0\u1edbc: 201 \u00d7 101 mm<br \/>\n&#8211; Tr\u1ecdng l\u01b0\u1ee3ng: 901 g \u00b1 5%<br \/>\nC\u1ea5u tr\u00fac Titan cao c\u1ea5p: Th\u00e2n titan nguy\u00ean ch\u1ea5t v\u00e0 t\u1ea5m n\u01b0\u1edbng h\u1ee3p kim titan ch\u1ea5t l\u01b0\u1ee3ng cao mang l\u1ea1i \u0111\u1ed9 b\u1ec1n v\u00e0 ph\u00e2n b\u1ed5 nhi\u1ec7t t\u1ed1i \u01b0u.<br \/>\nB\u1ec1 m\u1eb7t kh\u00f4ng tr\u00e1ng ph\u1ee7: \u0110\u1ea3m b\u1ea3o kh\u00f4ng c\u00f3 ch\u1ea5t \u0111\u1ed9c h\u1ea1i n\u00e0o \u0111\u01b0\u1ee3c th\u1ea3i ra trong qu\u00e1 tr\u00ecnh n\u1ea5u.<br \/>\nThi\u1ebft k\u1ebf nh\u1ecf g\u1ecdn v\u00e0 nh\u1eb9: Bao g\u1ed3m m\u1ed9t t\u00fai \u0111\u1ef1ng t\u00f9y ch\u1ec9nh \u0111\u1ec3 d\u1ec5 d\u00e0ng c\u1ea5t gi\u1eef v\u00e0 v\u1eadn chuy\u1ec3n.<br \/>\nTh\u00f4ng gi\u00f3 hi\u1ec7u qu\u1ea3: Nhi\u1ec1u l\u1ed7 th\u00f4ng gi\u00f3 \u1edf ph\u00eda d\u01b0\u1edbi gi\u00fap lu\u1ed3ng kh\u00f4ng kh\u00ed hi\u1ec7u qu\u1ea3 v\u00e0 \u0111\u1ed1t ch\u00e1y l\u00e2u d\u00e0i.<br \/>\n\u1ed4n \u0111\u1ecbnh &#038; An to\u00e0n: C\u00e1c khe \u1edf c\u1ea1nh \u0111\u1ec3 c\u1ed1 \u0111\u1ecbnh t\u1ea5m n\u01b0\u1edbng v\u00e0o \u0111\u00fang v\u1ecb tr\u00ed, ng\u0103n kh\u00f4ng cho n\u00f3 tr\u01b0\u1ee3t ra trong qu\u00e1 tr\u00ecnh s\u1eed d\u1ee5ng.<br \/>\nCh\u1ed1ng \u0103n m\u00f2n &#038; oxy h\u00f3a: D\u1ec5 d\u00e0ng l\u00e0m s\u1ea1ch v\u00e0 b\u1ea3o tr\u00ec, \u0111\u01b0\u1ee3c thi\u1ebft k\u1ebf \u0111\u1ec3 ch\u1ed1ng l\u1ea1i v\u1ebft d\u1ea7u.<br \/>\nTr\u1ea3i nghi\u1ec7m n\u01b0\u1edbng n\u00e2ng cao: T\u01b0\u01a1ng th\u00edch v\u1edbi K\u1eb9p n\u01b0\u1edbng Keith Titanium Ti2206.<br \/>\nL\u00fd t\u01b0\u1edfng cho c\u00e1c ho\u1ea1t \u0111\u1ed9ng ngo\u00e0i tr\u1eddi: Ho\u00e0n h\u1ea3o cho c\u1eafm tr\u1ea1i, \u0111i b\u1ed9 \u0111\u01b0\u1eddng d\u00e0i v\u00e0 c\u00e1c cu\u1ed9c phi\u00eau l\u01b0u ngo\u00e0i tr\u1eddi kh\u00e1c.<\/p>\n","protected":false},"excerpt":{"rendered":"<p>TH\u00d4NG TIN S\u1ea2N PH\u1ea8M: &#8211; Th\u01b0\u01a1ng hi\u1ec7u: Keith Titanium &#8211; Xu\u1ea5t x\u1ee9: Trung Qu\u1ed1c &#8211; Ch\u1ea5t li\u1ec7u: Titanium &#8211; K\u00edch th\u01b0\u1edbc: 201 \u00d7 101 mm &#8211; Tr\u1ecdng l\u01b0\u1ee3ng: 901 g \u00b1 5% C\u1ea5u tr\u00fac Titan cao c\u1ea5p: Th\u00e2n titan nguy\u00ean ch\u1ea5t v\u00e0 t\u1ea5m n\u01b0\u1edbng h\u1ee3p kim titan ch\u1ea5t l\u01b0\u1ee3ng cao mang l\u1ea1i \u0111\u1ed9 b\u1ec1n v\u00e0&hellip;<\/p>\n","protected":false},"featured_media":10766,"comment_status":"closed","ping_status":"open","template":"","meta":[],"product_cat":[15],"product_tag":[],"class_list":{"0":"post-10764","1":"product","2":"type-product","3":"status-publish","4":"has-post-thumbnail","6":"product_cat-uncategorized","8":"first","9":"instock","10":"purchasable","11":"product-type-simple","12":"col-xs-6 col-sm-4","13":"col-md-3 col-lg-3","14":"un-4-cols"},"_links":{"self":[{"href":"https:\/\/hibucenter.com\/index.php\/wp-json\/wp\/v2\/product\/10764","targetHints":{"allow":["GET"]}}],"collection":[{"href":"https:\/\/hibucenter.com\/index.php\/wp-json\/wp\/v2\/product"}],"about":[{"href":"https:\/\/hibucenter.com\/index.php\/wp-json\/wp\/v2\/types\/product"}],"replies":[{"embeddable":true,"href":"https:\/\/hibucenter.com\/index.php\/wp-json\/wp\/v2\/comments?post=10764"}],"version-history":[{"count":1,"href":"https:\/\/hibucenter.com\/index.php\/wp-json\/wp\/v2\/product\/10764\/revisions"}],"predecessor-version":[{"id":10765,"href":"https:\/\/hibucenter.com\/index.php\/wp-json\/wp\/v2\/product\/10764\/revisions\/10765"}],"wp:featuredmedia":[{"embeddable":true,"href":"https:\/\/hibucenter.com\/index.php\/wp-json\/wp\/v2\/media\/10766"}],"wp:attachment":[{"href":"https:\/\/hibucenter.com\/index.php\/wp-json\/wp\/v2\/media?parent=10764"}],"wp:term":[{"taxonomy":"product_cat","embeddable":true,"href":"https:\/\/hibucenter.com\/index.php\/wp-json\/wp\/v2\/product_cat?post=10764"},{"taxonomy":"product_tag","embeddable":true,"href":"https:\/\/hibucenter.com\/index.php\/wp-json\/wp\/v2\/product_tag?post=10764"}],"curies":[{"name":"wp","href":"https:\/\/api.w.org\/{rel}","templated":true}]}}