{"id":10642,"date":"2025-12-16T10:44:14","date_gmt":"2025-12-16T03:44:14","guid":{"rendered":"https:\/\/hibucenter.com\/index.php\/noi-sieu-nhe-titanium-keith-ti8302-7500ml\/"},"modified":"2025-12-16T10:45:09","modified_gmt":"2025-12-16T03:45:09","slug":"noi-sieu-nhe-titanium-keith-ti8302-7500ml","status":"publish","type":"product","link":"https:\/\/hibucenter.com\/index.php\/noi-sieu-nhe-titanium-keith-ti8302-7500ml\/","title":{"rendered":"N\u1ed3i si\u00eau nh\u1eb9 Titanium Keith Ti8302 &#8211; 7500ml"},"content":{"rendered":"<p>TH\u00d4NG TIN S\u1ea2N PH\u1ea8M:<br \/>\n&#8211; Th\u01b0\u01a1ng hi\u1ec7u: KEITH Titanium<br \/>\n&#8211; Xu\u1ea5t x\u1ee9: Trung Qu\u1ed1c<br \/>\n&#8211; K\u00edch th\u01b0\u1edbc s\u1eed d\u1ee5ng: 232 \u00d7 262 (c\u00f3 quai 328.5) mm<br \/>\n&#8211; Tr\u1ecdng l\u01b0\u1ee3ng: 508 g<br \/>\n&#8211; Th\u1ec3 t\u00edch:\u00a07.5 L<br \/>\n&#8211; Ch\u1ea5t li\u1ec7u: Titanium, th\u1ee7y tinh, th\u00e9p kh\u00f4ng g\u1ec9<br \/>\nN\u1ed3i si\u00eau nh\u1eb9 Titanium Keith Ti8302 l\u00e0m t\u1eeb titan nguy\u00ean ch\u1ea5t m\u1ed9t l\u1edbp nh\u1eb9 n\u00e0y kh\u00f4ng ch\u1ee9a b\u1ea5t k\u1ef3 kim lo\u1ea1i n\u1eb7ng n\u00e0o v\u00e0 s\u1ebd kh\u00f4ng t\u1ea1o ra c\u00e1c ch\u1ea5t c\u00f3 h\u1ea1i trong \u0111i\u1ec1u ki\u1ec7n nhi\u1ec7t \u0111\u1ed9 cao. <\/p>\n<p>Chi\u1ebfc n\u1ed3i c\u00f3 k\u00edch c\u1ee1 mi\u1ec7ng r\u1ed9ng, gi\u00fap d\u1ec5 d\u00e0ng l\u00e0m s\u1ea1ch v\u00e0 h\u1ea1n ch\u1ebf s\u1ef1 ph\u00e1t tri\u1ec3n c\u1ee7a vi khu\u1ea9n. N\u1eafp \u0111\u01b0\u1ee3c thi\u1ebft k\u1ebf b\u1eb1ng th\u1ee7y tinh ch\u1ecbu nhi\u1ec7t c\u00f3 l\u1ed7 th\u00f4ng h\u01a1i gi\u00fap ch\u1ed1ng tr\u00e0n. N\u1ed3i c\u00f3 th\u1ec3 \u0111\u01b0\u1ee3c l\u00e0m n\u00f3ng tr\u1ef1c ti\u1ebfp b\u1eb1ng b\u1ebfp l\u1eeda, b\u1ebfp t\u1eeb ho\u1eb7c b\u1ebfp \u0111i\u1ec7n. N\u1ed3i th\u00edch h\u1ee3p \u0111\u1ec3 n\u1ea5u s\u00fap, ch\u00e1o v\u00e0 h\u1ea5p c\u01a1m, l\u00e0 s\u1ef1 l\u1ef1a ch\u1ecdn ho\u00e0n h\u1ea3o cho nh\u1eefng chuy\u1ebfn \u0111i ch\u01a1i c\u1ee7a gia \u0111\u00ecnh.<\/p>\n<p>N\u1ed3i Ti8302 &#8211; 7.5L  ph\u00f9 h\u1ee3p cho kho\u1ea3ng 7 &#8211; 8 ng\u01b0\u1eddi.<\/p>\n","protected":false},"excerpt":{"rendered":"<p>TH\u00d4NG TIN S\u1ea2N PH\u1ea8M: &#8211; Th\u01b0\u01a1ng hi\u1ec7u: KEITH Titanium &#8211; Xu\u1ea5t x\u1ee9: Trung Qu\u1ed1c &#8211; K\u00edch th\u01b0\u1edbc s\u1eed d\u1ee5ng: 232 \u00d7 262 (c\u00f3 quai 328.5) mm &#8211; Tr\u1ecdng l\u01b0\u1ee3ng: 508 g &#8211; Th\u1ec3 t\u00edch:\u00a07.5 L &#8211; Ch\u1ea5t li\u1ec7u: Titanium, th\u1ee7y tinh, th\u00e9p kh\u00f4ng g\u1ec9 N\u1ed3i si\u00eau nh\u1eb9 Titanium Keith Ti8302 l\u00e0m t\u1eeb titan nguy\u00ean ch\u1ea5t&hellip;<\/p>\n","protected":false},"featured_media":10644,"comment_status":"closed","ping_status":"open","template":"","meta":[],"product_cat":[15],"product_tag":[],"class_list":{"0":"post-10642","1":"product","2":"type-product","3":"status-publish","4":"has-post-thumbnail","6":"product_cat-uncategorized","8":"first","9":"instock","10":"purchasable","11":"product-type-simple","12":"col-xs-6 col-sm-4","13":"col-md-3 col-lg-3","14":"un-4-cols"},"_links":{"self":[{"href":"https:\/\/hibucenter.com\/index.php\/wp-json\/wp\/v2\/product\/10642","targetHints":{"allow":["GET"]}}],"collection":[{"href":"https:\/\/hibucenter.com\/index.php\/wp-json\/wp\/v2\/product"}],"about":[{"href":"https:\/\/hibucenter.com\/index.php\/wp-json\/wp\/v2\/types\/product"}],"replies":[{"embeddable":true,"href":"https:\/\/hibucenter.com\/index.php\/wp-json\/wp\/v2\/comments?post=10642"}],"version-history":[{"count":1,"href":"https:\/\/hibucenter.com\/index.php\/wp-json\/wp\/v2\/product\/10642\/revisions"}],"predecessor-version":[{"id":10643,"href":"https:\/\/hibucenter.com\/index.php\/wp-json\/wp\/v2\/product\/10642\/revisions\/10643"}],"wp:featuredmedia":[{"embeddable":true,"href":"https:\/\/hibucenter.com\/index.php\/wp-json\/wp\/v2\/media\/10644"}],"wp:attachment":[{"href":"https:\/\/hibucenter.com\/index.php\/wp-json\/wp\/v2\/media?parent=10642"}],"wp:term":[{"taxonomy":"product_cat","embeddable":true,"href":"https:\/\/hibucenter.com\/index.php\/wp-json\/wp\/v2\/product_cat?post=10642"},{"taxonomy":"product_tag","embeddable":true,"href":"https:\/\/hibucenter.com\/index.php\/wp-json\/wp\/v2\/product_tag?post=10642"}],"curies":[{"name":"wp","href":"https:\/\/api.w.org\/{rel}","templated":true}]}}