{"id":10511,"date":"2025-12-16T10:43:18","date_gmt":"2025-12-16T03:43:18","guid":{"rendered":"https:\/\/hibucenter.com\/index.php\/coc-ca-phe-2-lop-keith-titanium-ti3311-220ml\/"},"modified":"2025-12-16T10:44:01","modified_gmt":"2025-12-16T03:44:01","slug":"coc-ca-phe-2-lop-keith-titanium-ti3311-220ml","status":"publish","type":"product","link":"https:\/\/hibucenter.com\/index.php\/coc-ca-phe-2-lop-keith-titanium-ti3311-220ml\/","title":{"rendered":"C\u1ed1c c\u00e0 ph\u00ea 2 l\u1edbp Keith Titanium Ti3311 220ml"},"content":{"rendered":"<p>TH\u00d4NG TIN S\u1ea2N PH\u1ea8M:<br \/>\n&#8211; Th\u01b0\u01a1ng hi\u1ec7u: Keith Titanium<br \/>\n&#8211; Xu\u1ea5t x\u1ee9: Trung Qu\u1ed1c<br \/>\n&#8211; Ch\u1ea5t li\u1ec7u: Titanium<br \/>\n&#8211; K\u00edch th\u01b0\u1edbc: 100 \u00d7 80.5 mm<br \/>\n&#8211; Tr\u1ecdng l\u01b0\u1ee3ng: 120 g<br \/>\n&#8211; Dung t\u00edch: 220 ml\u00a0<br \/>\nC\u1ed1c c\u00e0 ph\u00ea 2 l\u1edbp Keith Titanium Ti3311 220ml \u0111\u01b0\u1ee3c ch\u1ebf t\u00e1c t\u1eeb titan nguy\u00ean ch\u1ea5t cao c\u1ea5p, k\u1ebft h\u1ee3p gi\u1eefa s\u1ef1 thanh l\u1ecbch v\u00e0 hi\u1ec7u su\u1ea5t. Nh\u1eefng chi\u1ebfc c\u1ed1c gi\u1eef nhi\u1ec7t hai l\u1edbp n\u00e0y gi\u1eef \u0111\u1ed3 u\u1ed1ng \u1edf nhi\u1ec7t \u0111\u1ed9 ho\u00e0n h\u1ea3o \u0111\u1ed3ng th\u1eddi \u0111\u1ea3m b\u1ea3o tr\u1ea3i nghi\u1ec7m kh\u00f4ng m\u00f9i, kh\u00f4ng v\u1ecb. V\u1edbi thi\u1ebft k\u1ebf hi\u1ec7n \u0111\u1ea1i, ki\u1ec3u d\u00e1ng \u0111\u1eb9p m\u1eaft v\u00e0 k\u1ebft c\u1ea5u b\u1ec1n b\u1ec9, ch\u00fang l\u00fd t\u01b0\u1edfng cho c\u1ea3 s\u1eed d\u1ee5ng trong nh\u00e0 v\u00e0 ngo\u00e0i tr\u1eddi. M\u1ed7i c\u1ed1c \u0111\u1ec1u c\u00f3 n\u1eafp \u0111\u01b0\u1ee3c thi\u1ebft k\u1ebf ch\u00ednh x\u00e1c \u0111\u1ec3 ng\u0103n tr\u00e0n v\u00e0 duy tr\u00ec kh\u1ea3 n\u0103ng gi\u1eef nhi\u1ec7t. H\u00e3y t\u1eadn h\u01b0\u1edfng ch\u1ea5t l\u01b0\u1ee3ng v\u00e0 phong c\u00e1ch v\u01b0\u1ee3t tr\u1ed9i v\u1edbi d\u00f2ng s\u1ea3n ph\u1ea9m Galaxy Series c\u1ee7a Keith Titanium.<br \/>\nCh\u1ea5t li\u1ec7u cao c\u1ea5p: \u0110\u01b0\u1ee3c l\u00e0m t\u1eeb titan nguy\u00ean ch\u1ea5t c\u1ea5p 1 cho tr\u1ea3i nghi\u1ec7m u\u1ed1ng kh\u00f4ng m\u00f9i, kh\u00f4ng v\u1ecb.<br \/>\nC\u00e1ch nhi\u1ec7t hai l\u1edbp: Gi\u1eef \u0111\u1ed3 u\u1ed1ng n\u00f3ng ho\u1eb7c l\u1ea1nh trong th\u1eddi gian d\u00e0i, ho\u00e0n h\u1ea3o cho c\u1ea3 s\u1eed d\u1ee5ng trong nh\u00e0 v\u00e0 ngo\u00e0i tr\u1eddi.<br \/>\nThi\u1ebft k\u1ebf \u0111\u1eb9p m\u1eaft: Thi\u1ebft k\u1ebf hi\u1ec7n \u0111\u1ea1i, thanh l\u1ecbch v\u1edbi l\u1edbp ho\u00e0n thi\u1ec7n m\u1ecbn m\u00e0ng, v\u1eeba th\u1eddi trang v\u1eeba ti\u1ec7n d\u1ee5ng.<br \/>\nK\u1ebft c\u1ea5u b\u1ec1n b\u1ec9: Nh\u1eb9 nh\u01b0ng c\u1ef1c k\u1ef3 ch\u1eafc ch\u1eafn, \u0111\u01b0\u1ee3c ch\u1ebf t\u1ea1o \u0111\u1ec3 ch\u1ecbu \u0111\u01b0\u1ee3c s\u1ef1 kh\u1eafc nghi\u1ec7t c\u1ee7a b\u1ea5t k\u1ef3 cu\u1ed9c phi\u00eau l\u01b0u n\u00e0o.<\/p>\n","protected":false},"excerpt":{"rendered":"<p>TH\u00d4NG TIN S\u1ea2N PH\u1ea8M: &#8211; Th\u01b0\u01a1ng hi\u1ec7u: Keith Titanium &#8211; Xu\u1ea5t x\u1ee9: Trung Qu\u1ed1c &#8211; Ch\u1ea5t li\u1ec7u: Titanium &#8211; K\u00edch th\u01b0\u1edbc: 100 \u00d7 80.5 mm &#8211; Tr\u1ecdng l\u01b0\u1ee3ng: 120 g &#8211; Dung t\u00edch: 220 ml\u00a0 C\u1ed1c c\u00e0 ph\u00ea 2 l\u1edbp Keith Titanium Ti3311 220ml \u0111\u01b0\u1ee3c ch\u1ebf t\u00e1c t\u1eeb titan nguy\u00ean ch\u1ea5t cao c\u1ea5p, k\u1ebft h\u1ee3p&hellip;<\/p>\n","protected":false},"featured_media":10513,"comment_status":"closed","ping_status":"open","template":"","meta":[],"product_cat":[15],"product_tag":[],"class_list":{"0":"post-10511","1":"product","2":"type-product","3":"status-publish","4":"has-post-thumbnail","6":"product_cat-uncategorized","8":"first","9":"instock","10":"purchasable","11":"product-type-simple","12":"col-xs-6 col-sm-4","13":"col-md-3 col-lg-3","14":"un-4-cols"},"_links":{"self":[{"href":"https:\/\/hibucenter.com\/index.php\/wp-json\/wp\/v2\/product\/10511","targetHints":{"allow":["GET"]}}],"collection":[{"href":"https:\/\/hibucenter.com\/index.php\/wp-json\/wp\/v2\/product"}],"about":[{"href":"https:\/\/hibucenter.com\/index.php\/wp-json\/wp\/v2\/types\/product"}],"replies":[{"embeddable":true,"href":"https:\/\/hibucenter.com\/index.php\/wp-json\/wp\/v2\/comments?post=10511"}],"version-history":[{"count":1,"href":"https:\/\/hibucenter.com\/index.php\/wp-json\/wp\/v2\/product\/10511\/revisions"}],"predecessor-version":[{"id":10512,"href":"https:\/\/hibucenter.com\/index.php\/wp-json\/wp\/v2\/product\/10511\/revisions\/10512"}],"wp:featuredmedia":[{"embeddable":true,"href":"https:\/\/hibucenter.com\/index.php\/wp-json\/wp\/v2\/media\/10513"}],"wp:attachment":[{"href":"https:\/\/hibucenter.com\/index.php\/wp-json\/wp\/v2\/media?parent=10511"}],"wp:term":[{"taxonomy":"product_cat","embeddable":true,"href":"https:\/\/hibucenter.com\/index.php\/wp-json\/wp\/v2\/product_cat?post=10511"},{"taxonomy":"product_tag","embeddable":true,"href":"https:\/\/hibucenter.com\/index.php\/wp-json\/wp\/v2\/product_tag?post=10511"}],"curies":[{"name":"wp","href":"https:\/\/api.w.org\/{rel}","templated":true}]}}