{"id":10360,"date":"2025-10-21T15:14:35","date_gmt":"2025-10-21T08:14:35","guid":{"rendered":"https:\/\/hibucenter.com\/index.php\/dieu-hoa-mini-wave-ecoflow\/"},"modified":"2025-10-21T15:15:42","modified_gmt":"2025-10-21T08:15:42","slug":"dieu-hoa-mini-wave-ecoflow","status":"publish","type":"product","link":"https:\/\/hibucenter.com\/index.php\/dieu-hoa-mini-wave-ecoflow\/","title":{"rendered":"\u0110i\u1ec1u h\u00f2a mini Wave Ecoflow"},"content":{"rendered":"<h1 style=\"text-align: center;\">\u0110i\u1ec1u h\u00f2a mini Wave Ecoflow<\/h1>\n<p>n\u0110i\u1ec1u h\u00f2a mini Wave Ecoflow s\u1eed d\u1ee5ng pin, d\u1ec5 d\u00e0ng di chuy\u1ec3n v\u00e0 kh\u00f4ng v\u01b0\u1edbng v\u00edu d\u00e2y c\u1eafm<br \/>\nn<\/p>\n<h2>\u0110\u00e1nh bay c\u00e1i n\u00f3ng<\/h2>\n<p>n<div id=\"attachment_2461\" style=\"width: 670px\" class=\"wp-caption aligncenter\"><img fetchpriority=\"high\" decoding=\"async\" aria-describedby=\"caption-attachment-2461\" class=\"size-full wp-image-2461\" src=\"https:\/\/smartconnection.com.vn\/wp-content\/uploads\/2022\/08\/EcoFlow-Wave-is-a-convenient-portable-air-conditioner.png\" alt=\"\" width=\"660\" height=\"440\" \/><p id=\"caption-attachment-2461\" class=\"wp-caption-text\">l\u00e0m m\u00e1t kh\u00f4ng gian ph\u00f2ng kh\u00e1ch<\/p><\/div><br \/>\nn<br \/>\nn<em><strong>M\u00e1y \u0111i\u1ec1u h\u00f2a min<\/strong><\/em><em><strong>i<\/strong><\/em>\u00a0Wave Ecoflow l\u00e0 nhanh nh\u1ea5t so v\u1edbi c\u00e1c s\u1ea3n ph\u1ea9m c\u00f9ng k\u00edch c\u1ee1.<br \/>\nn<br \/>\nnV\u1edbi C\u00f4ng su\u1ea5t 1200W( 4000BTUs), Wave c\u00f3 th\u1ec3 l\u00e0m m\u00e1t nhi\u1ec1u kh\u00f4ng gian kh\u00e1c nhau.<br \/>\nn<br \/>\nn\u0110\u00fang 8 ph\u00fat \u0111\u1ec3 l\u00e0m m\u00e1t l\u1ec1u, nh\u00e0 xe hay kh\u00f4ng gian nh\u1ecf \u0111\u1ebfn kh\u00f4ng gian v\u1eeba.<br \/>\nn<\/p>\n<h2>M\u1ea1nh m\u1ebd su\u1ed1t \u0111\u00eam d\u00e0i<\/h2>\n<p>n<div id=\"attachment_2462\" style=\"width: 1010px\" class=\"wp-caption aligncenter\"><img decoding=\"async\" aria-describedby=\"caption-attachment-2462\" class=\"size-full wp-image-2462\" src=\"https:\/\/smartconnection.com.vn\/wp-content\/uploads\/2022\/08\/EcoFlow-Wave-\u30dd\u30fc\u30bf\u30d6\u30eb\u30af\u30fc\u30e9\u30fc-\u30ec\u30d3\u30e5\u30fc\u3068QA\u307e\u3068\u3081\u307e\u3057\u305f.png\" alt=\"\" width=\"1000\" height=\"750\" \/><p id=\"caption-attachment-2462\" class=\"wp-caption-text\">v\u00f4 c\u00f9ng b\u1ec1n b\u1ec9<\/p><\/div><br \/>\nn<br \/>\nn<em><strong>Air conditioner<\/strong><\/em> Wave EcoFlow c\u00f3 th\u1ec3 x\u00e0i t\u1eeb 3 \u0111\u1ebfn 12 ti\u1ebfng d\u1ef1a v\u00e0o vi\u00ean pin\u00a0 b\u1ea1n d\u00f9ng.<br \/>\nn<br \/>\nn3 gi\u1edd s\u1eed d\u1ee5ng khi d\u00f9ng pin ph\u1ee5. 12 ti\u1ebfng khi k\u1ebft n\u1ed1i v\u1edbi tr\u1ea1m s\u1ea1c Delta Pro.<br \/>\nn<br \/>\nnTh\u00f4ng minh khi k\u1ebft h\u1ee3p chuy\u1ec3n \u0111\u1ed5i ch\u1ebf \u0111\u1ed9 qu\u1ea1t v\u00e0 l\u00e0m m\u00e1t gi\u00fap b\u1ea1n m\u00e1t m\u1ebb c\u1ea3 \u0111\u00eam.<br \/>\nn<\/p>\n<h2>L\u00e0m m\u00e1t theo c\u00e1ch c\u1ee7a b\u1ea1n:<\/h2>\n<p>n<div id=\"attachment_2463\" style=\"width: 980px\" class=\"wp-caption aligncenter\"><img decoding=\"async\" aria-describedby=\"caption-attachment-2463\" class=\"size-full wp-image-2463\" src=\"https:\/\/smartconnection.com.vn\/wp-content\/uploads\/2022\/08\/EcoFlow-Wave-is-a-convenient-portable-air-conditioner-1.png\" alt=\"\" width=\"970\" height=\"647\" \/><p id=\"caption-attachment-2463\" class=\"wp-caption-text\">S\u1eed d\u1ee5ng theo c\u00e1ch c\u1ee7a b\u1ea1n<\/p><\/div><br \/>\nn<br \/>\nnS\u1eed d\u1ee5ng Pin ph\u1ee5 1008Wh, DELTA Max ho\u1eb7c DELTA Pro \u0111\u1ec3 ho\u1ea1t \u0111\u1ed9ng \u0111\u1ebfn 12 gi\u1edd m\u00e0 kh\u00f4ng c\u1ea7n c\u1eafm v\u00e0o \u1ed5 \u00a0AC.<br \/>\nn<br \/>\nnK\u1ebft n\u1ed1i m\u00e1y \u0111i\u1ec1u h\u00f2a mini Wave EcoFlow v\u1edbi \u1ed5 c\u1eafm AC \u0111\u1ec3 l\u00e0m m\u00e1t m\u00e0 kh\u00f4ng c\u1ea7n pin.<br \/>\nn<\/p>\n<h2>S\u1ea1c pin ti\u1ec7n l\u1ee3i \u1edf b\u1ea5t c\u1ee9 \u0111\u00e2u<\/h2>\n<p>n<div id=\"attachment_2464\" style=\"width: 730px\" class=\"wp-caption aligncenter\"><img loading=\"lazy\" decoding=\"async\" aria-describedby=\"caption-attachment-2464\" class=\"wp-image-2464 size-full\" src=\"https:\/\/smartconnection.com.vn\/wp-content\/uploads\/2022\/08\/EcoFlows-Wave-portable-AC-arrives-just-in-time-for-summer-_-Digital-Trends.png\" alt=\"\" width=\"720\" height=\"540\" \/><p id=\"caption-attachment-2464\" class=\"wp-caption-text\">D\u00f9 l\u00e0 ngo\u00e0i tr\u1eddi<\/p><\/div><br \/>\nn<br \/>\nnAir conditioner Wave Ecoflow c\u00f3 th\u1ec3 s\u1ea1c b\u1eb1ng <a href=\"https:\/\/smartconnection.com.vn\/san-pham\/pin-nang-luong-mat-troi-ecoflow-220w\/\" target=\"_blank\" rel=\"noopener\">t\u1ea5m n\u0103ng l\u01b0\u1ee3ng m\u1eb7t tr\u1eddi 200W<\/a><br \/>\nn<br \/>\nnB\u1ea1n ch\u1ec9 c\u1ea7n 5 gi\u1edd \u0111\u1ec3 s\u1ea1c \u0111\u1ea7y pin ph\u1ee5 c\u1ee7a chi\u1ebfc m\u00e1y b\u1eb1ng t\u1ea5m pin 200W.<br \/>\nn<br \/>\nn\u0110\u00e2y l\u00e0 c\u00e1ch s\u1ea1c ti\u1ec7n l\u1eddi khi b\u1ea1n \u0111ang \u1edf nh\u1eefng n\u01a1i kh\u00f4ng c\u00f3 m\u1ea1ng l\u01b0\u1edbi \u0111i\u1ec7n.<br \/>\nn<br \/>\nn<div id=\"attachment_2465\" style=\"width: 670px\" class=\"wp-caption aligncenter\"><img loading=\"lazy\" decoding=\"async\" aria-describedby=\"caption-attachment-2465\" class=\"size-full wp-image-2465\" src=\"https:\/\/smartconnection.com.vn\/wp-content\/uploads\/2022\/08\/EcoFlow-Wave-is-a-convenient-portable-air-conditioner-2.png\" alt=\"\" width=\"660\" height=\"440\" \/><p id=\"caption-attachment-2465\" class=\"wp-caption-text\">Hay s\u1ea1c \u1edf nh\u00e0<\/p><\/div><br \/>\nn<br \/>\nnV\u1edbi s\u1ea1c ti\u00eau chu\u1ea9n 600W, chi\u1ebfc m\u00e1y n\u00e0y ch\u1ec9 m\u1ea5t 2 ti\u1ebfng \u0111\u1ec3 s\u1ea1c khi c\u1eafm ngu\u1ed3n \u0111i\u1ec7n \u1edf nh\u00e0.<br \/>\nn<br \/>\nnNgo\u00e0i ra, Air conditionner Wave Ecoflow c\u00f3 th\u1ec3 s\u1ea1c pin b\u1eb1ng ngu\u1ed3n \u0111i\u1ec7n t\u1eeb \u00f4 t\u00f4 trong 5 gi\u1edd.<br \/>\nn<\/p>\n<h2>\u0110i\u1ec1u khi\u1ec3n v\u00e0 t\u00f9y ch\u1ec9nh b\u1eb1ng \u1ee9ng d\u1ee5ng<\/h2>\n<p>n<div id=\"attachment_2466\" style=\"width: 795px\" class=\"wp-caption aligncenter\"><img loading=\"lazy\" decoding=\"async\" aria-describedby=\"caption-attachment-2466\" class=\"wp-image-2466 size-full\" src=\"https:\/\/smartconnection.com.vn\/wp-content\/uploads\/2022\/08\/Untitled-43.png\" alt=\"\" width=\"785\" height=\"731\" \/><p id=\"caption-attachment-2466\" class=\"wp-caption-text\">\u0110i\u1ec1u khi\u1ec3n Air Condition Wave b\u1eb1ng \u1ee9ng d\u1ee5ng EcoFlow<\/p><\/div><br \/>\nn<br \/>\nn\u1ee8ng d\u1ee5ng <a href=\"https:\/\/us.ecoflow.com\/\" target=\"_blank\" rel=\"noopener\">Ecoflow<\/a> cho ph\u00e9p b\u1ea1n c\u00f3 th\u1ec3 t\u00f9y ch\u1ec9nh m\u00e1y \u0111i\u1ec1u h\u00f2a mini n\u00e0y theo c\u00e1ch b\u1ea1n d\u00f9ng.<br \/>\nn<br \/>\nnB\u1ea1n c\u00f3 th\u1ec3 s\u1eed d\u1ee5ng m\u1ee9c c\u00e2n b\u1eb1ng trong 8 ti\u1ebfng ho\u1eb7c t\u1ed1n \u0111i\u1ec7n h\u01a1n \u0111\u1ec3 l\u00e0m m\u00e1t h\u01a1n<br \/>\nn<br \/>\nn<strong>Th\u00f4ng s\u1ed1 k\u1ef9 thu\u1eadt<\/strong><br \/>\nn<br \/>\nn[row ]<br \/>\nn<br \/>\nn[col span=&#8221;1\/2&#8243; ]<br \/>\nnKh\u1ed1i l\u01b0\u1ee3ng t\u1ecbnh<br \/>\nn<br \/>\nn17.5KG<br \/>\nn<br \/>\nnWifi<br \/>\nn<br \/>\nnH\u1ed7 tr\u1ee3<br \/>\nn<br \/>\nn\u0110i\u1ec7n \u00e1p\/T\u1ea7n s\u1ed1 \u0111\u1ea7u v\u00e0o AC<br \/>\nn<br \/>\nn115V 60Hz<br \/>\nn<br \/>\nnPin b\u1ed5 sung\/Pin ph\u1ee5<br \/>\nn<br \/>\nnT\u1ed1i \u0111a 600W<br \/>\nn<br \/>\nn\u0110\u1ea7u v\u00e0o s\u1ea1c \u00f4 t\u00f4<br \/>\nn<br \/>\nn12V\/24V t\u1ed1i \u0111a 8A, t\u1ed1i \u0111a 200W.<br \/>\nn<br \/>\nnC\u00e0i \u0111\u1eb7t nhi\u1ec7t \u0111\u1ed9 l\u00e0m m\u00e1t<br \/>\nn<br \/>\nn16\u00b0C ~ 30\u00b0C<br \/>\nn<br \/>\nnL\u01b0u l\u01b0\u1ee3ng kh\u00f4ng kh\u00ed<br \/>\nn<br \/>\nn290m&#8221;3&#8243;\/h<br \/>\nn<br \/>\nnC\u00f4ng su\u1ea5t l\u00e0m m\u00e1t \u0111\u1ecbnh m\u1ee9c (AC \/ DC)<br \/>\nn<br \/>\nn460W \/ 410W<br \/>\nn<br \/>\nnTi\u1ebfng \u1ed3n<br \/>\nn<br \/>\nn&lt;55dB<br \/>\nn<br \/>\nnT\u1eaft khi khi \u0111\u1ee7 pin<br \/>\nn<br \/>\nnH\u1ed7 tr\u1ee3<br \/>\nn<br \/>\nn[\/col]<br \/>\nn[col span=&#8221;1\/2&#8243; ]<br \/>\nnK\u00edch th\u01b0\u1edbc<br \/>\nn<br \/>\nn51.8*30.9*41.6cm<br \/>\nn<br \/>\nnBluetooth<br \/>\nn<br \/>\nnH\u1ed7 tr\u1ee3<br \/>\nn<br \/>\nnNgu\u1ed3n \u0111i\u1ec7n \u0111\u1ea7u v\u00e0o AC<br \/>\nn<br \/>\nnT\u1ed1i \u0111a 700W<br \/>\nn<br \/>\nn\u0110\u1ea7u v\u00e0o s\u1ea1c n\u0103ng l\u01b0\u1ee3ng m\u1eb7t tr\u1eddi<br \/>\nn<br \/>\nn11-35V t\u1ed1i \u0111a 12A t\u1ed1i \u0111a 200W<br \/>\nn<br \/>\nnNhi\u1ec7t \u0111\u1ed9 xung quanh<br \/>\nn<br \/>\nn5\u00b0C~50\u00b0C<br \/>\nn<br \/>\nnC\u00f4ng su\u1ea5t l\u00e0m m\u00e1t<br \/>\nn<br \/>\nn1200W<br \/>\nn<br \/>\nnCh\u1ea5t l\u00e0m l\u1ea1nh\/l\u01b0\u1ee3ng<br \/>\nn<br \/>\nnR134a\/14.1oz<br \/>\nn<br \/>\nnT\u1ed1i \u0111a s\u1ee9c m\u1ea1nh l\u00e0m m\u00e1t<br \/>\nn<br \/>\nn600W<br \/>\nn<br \/>\nnCh\u1ee9c n\u0103ng No-Drain<br \/>\nn<br \/>\nnH\u1ed7 tr\u1ee3<br \/>\nn<br \/>\nn[\/col]<br \/>\nn<br \/>\nn[\/row]<\/p>\n","protected":false},"excerpt":{"rendered":"<p>V\u1edbi chi\u1ebfc \u0111i\u1ec1u h\u00f2a mini c\u00f4ng su\u1ea5t 1200W s\u1ebd gi\u00fap t\u1ea1m bi\u1ec7t c\u00e1i n\u00f3ng, gi\u00fap \u0111i\u1ec1u h\u00f3a kh\u00f4ng kh\u00ed. L\u00e0m m\u00e1t ch\u1ec9 m\u1ea5t 8 ph\u00fat v\u00e0 g\u1ecdn nh\u1eb9 \u0111\u1ec3 c\u00f9ng b\u1ea1n \u0111i chuy\u1ec1n \u0111\u1ebfn ph\u00f2ng gi\u1eb7t hay ph\u00f2ng ng\u1ee7.<br \/>\nn<br \/>\nnB\u1ea3o h\u00e0nh 12 th\u00e1ng<br \/>\nn<br \/>\nnSM Connection b\u00e1n h\u00e0ng uy t\u00edn &#8211; gi\u00e1 t\u1ed1t<\/p>\n","protected":false},"featured_media":10362,"comment_status":"closed","ping_status":"open","template":"","meta":[],"product_cat":[15],"product_tag":[],"class_list":{"0":"post-10360","1":"product","2":"type-product","3":"status-publish","4":"has-post-thumbnail","6":"product_cat-uncategorized","8":"first","9":"instock","10":"purchasable","11":"product-type-simple","12":"col-xs-6 col-sm-4","13":"col-md-3 col-lg-3","14":"un-4-cols"},"_links":{"self":[{"href":"https:\/\/hibucenter.com\/index.php\/wp-json\/wp\/v2\/product\/10360","targetHints":{"allow":["GET"]}}],"collection":[{"href":"https:\/\/hibucenter.com\/index.php\/wp-json\/wp\/v2\/product"}],"about":[{"href":"https:\/\/hibucenter.com\/index.php\/wp-json\/wp\/v2\/types\/product"}],"replies":[{"embeddable":true,"href":"https:\/\/hibucenter.com\/index.php\/wp-json\/wp\/v2\/comments?post=10360"}],"version-history":[{"count":1,"href":"https:\/\/hibucenter.com\/index.php\/wp-json\/wp\/v2\/product\/10360\/revisions"}],"predecessor-version":[{"id":10361,"href":"https:\/\/hibucenter.com\/index.php\/wp-json\/wp\/v2\/product\/10360\/revisions\/10361"}],"wp:featuredmedia":[{"embeddable":true,"href":"https:\/\/hibucenter.com\/index.php\/wp-json\/wp\/v2\/media\/10362"}],"wp:attachment":[{"href":"https:\/\/hibucenter.com\/index.php\/wp-json\/wp\/v2\/media?parent=10360"}],"wp:term":[{"taxonomy":"product_cat","embeddable":true,"href":"https:\/\/hibucenter.com\/index.php\/wp-json\/wp\/v2\/product_cat?post=10360"},{"taxonomy":"product_tag","embeddable":true,"href":"https:\/\/hibucenter.com\/index.php\/wp-json\/wp\/v2\/product_tag?post=10360"}],"curies":[{"name":"wp","href":"https:\/\/api.w.org\/{rel}","templated":true}]}}