{"id":10341,"date":"2025-10-21T15:14:35","date_gmt":"2025-10-21T08:14:35","guid":{"rendered":"https:\/\/hibucenter.com\/index.php\/tam-quang-dien-ecoflow-160w\/"},"modified":"2025-10-21T15:15:30","modified_gmt":"2025-10-21T08:15:30","slug":"tam-quang-dien-ecoflow-160w","status":"publish","type":"product","link":"https:\/\/hibucenter.com\/index.php\/tam-quang-dien-ecoflow-160w\/","title":{"rendered":"T\u1ea4M QUANG \u0110I\u1ec6N ECOFLOW 160W"},"content":{"rendered":"<h1 style=\"text-align: center;\"><strong>T\u1ea4M QUANG \u0110I\u1ec6N ECOFLOW 160W<\/strong><\/h1>\n<p>n<\/p>\n<h2>C\u00f3 th\u1ec3 g\u1ea5p v\u00e0 x\u00e1ch mang theo<\/h2>\n<p>n<img fetchpriority=\"high\" decoding=\"async\" class=\"aligncenter size-full wp-image-2412\" src=\"https:\/\/smartconnection.com.vn\/wp-content\/uploads\/2022\/08\/Untitled-10.png\" alt=\"\" width=\"1120\" height=\"933\" \/><br \/>\nn<br \/>\nnT\u1ea5m quang \u0111i\u1ec7n<a href=\"https:\/\/www.ecoflow.com\/us\" target=\"_blank\" rel=\"noopener\"> EcoFlow<\/a> 160W c\u00f3 th\u1ec3 g\u1eafp l\u1ea1i v\u00e0 x\u00e1ch mang theo v\u00ec nh\u1ecf g\u1ecdn.<br \/>\nn<br \/>\nnS\u1ea3n ph\u1ea9m ch\u1ec9 n\u1eb7ng 7kg v\u00e0 chi\u1ebfm v\u1ecb tr\u00ed r\u1ea5t nh\u1ecf trong c\u1ed1p xe c\u1ee7a b\u1ea1n n\u1ebfu g\u1ea5p l\u1ea1i.<br \/>\nn<br \/>\nn\u0110i c\u1eafm tr\u1ea1i v\u00e0 c\u00e1c ho\u1ea1t \u0111\u1ed9ng ngo\u00e0i tr\u1eddi, ch\u1ec9 c\u1ea7n bung t\u1ea5m pin ra v\u00e0 n\u0103ng l\u01b0\u1ee3ng \u0111\u00e3 b\u1eaft \u0111\u1ea7u \u0111\u01b0\u1ee3c thu trong v\u00e0i gi\u00e2y<br \/>\nn<\/p>\n<h2>T\u1ea5m pin th\u00f4ng minh<\/h2>\n<p>n<div id=\"attachment_2413\" style=\"width: 1130px\" class=\"wp-caption aligncenter\"><img decoding=\"async\" aria-describedby=\"caption-attachment-2413\" class=\"size-full wp-image-2413\" src=\"https:\/\/smartconnection.com.vn\/wp-content\/uploads\/2022\/08\/Untitled-11.png\" alt=\"\" width=\"1120\" height=\"933\" \/><p id=\"caption-attachment-2413\" class=\"wp-caption-text\">H\u1ea5p thu nhi\u1ec1u \u00e1nh s\u00e1ng h\u01a1n- cho nhi\u1ec1u \u0111i\u1ec7n h\u01a1n<\/p><\/div><br \/>\nn<br \/>\nnT\u1ea5m \u0111i\u1ec7n m\u1eb7t tr\u1eddi EcoFlow 160W \u0111\u01b0\u1ee3c thi\u1ebft k\u1ebf \u0111\u1ec3 t\u1ea1o ra c\u00f4ng su\u1ea5t t\u1ed1i \u0111a v\u00e0o b\u1ea5t k\u1ef3 th\u1eddi \u0111i\u1ec3m n\u00e0o trong ng\u00e0y khi k\u1ebft h\u1ee3p v\u1edbi tr\u1ea1m \u0111i\u1ec7n EcoFlow.<br \/>\nn<br \/>\nnT\u1ea5m quang \u0111i\u1ec7n c\u00f3 hi\u1ec7u su\u1ea5t chuy\u1ec3n \u0111\u1ed5i cao t\u1eeb 21-22%<br \/>\nn<br \/>\nnThu\u1eadt to\u00e1n tr\u1ea1m \u0111i\u1ec7n EcoFlow MPPT n\u00e2ng cao hi\u1ec7u su\u1ea5t d\u00f9 trong th\u1eddi ti\u1ebft l\u1ea1nh \u00edt n\u1eafng hay nhi\u1ec1u m\u00e2y t\u1ea1i m\u00f4i tr\u01b0\u1eddng ho\u1ea1t \u0111\u1ed9ng.<br \/>\nn<\/p>\n<h2>B\u1ec1n, ch\u1ed1ng b\u1ee5i v\u00e0 n\u01b0\u1edbc<\/h2>\n<p>n<div id=\"attachment_2404\" style=\"width: 1574px\" class=\"wp-caption aligncenter\"><img decoding=\"async\" aria-describedby=\"caption-attachment-2404\" class=\"size-full wp-image-2404\" src=\"https:\/\/smartconnection.com.vn\/wp-content\/uploads\/2022\/08\/Untitled-6.png\" alt=\"\" width=\"1564\" height=\"782\" \/><p id=\"caption-attachment-2404\" class=\"wp-caption-text\">C\u00f3 kh\u00e1ng n\u01b0\u1edbc chu\u1ea9n IP68<\/p><\/div><br \/>\nn<br \/>\nnT\u1ea5m pin m\u1eb7t tr\u1eddi di \u0111\u1ed9ng EcoFlow 160W c\u00f3 kh\u1ea3 n\u0103ng ch\u1ed1ng b\u1ee5i v\u00e0 n\u01b0\u1edbc chu\u1ea9n IP68, nh\u1edd thi\u1ebft k\u1ebf li\u1ec1n m\u1ea1ch, m\u1ed9t m\u1ea3nh.<br \/>\nn<br \/>\nnL\u00e0 l\u1ef1a ch\u1ecdn l\u00fd t\u01b0\u1edfng cho c\u00e1c ho\u1ea1t \u0111\u1ed9ng ngo\u00e0i tr\u1eddi\u00a0 nh\u01b0 c\u0103m tr\u1ea1i, leo n\u00fai.<br \/>\nn<br \/>\nnM\u00e0ng ETFE t\u0103ng th\u00eam nhi\u1ec1u l\u1edbp b\u1ea3o v\u1ec7\u00a0 ch\u1ed1ng l\u1ea1i tia c\u1ef1c t\u00edm, k\u00e9o d\u00e0i tu\u1ed5i th\u1ecd c\u1ee7a s\u1ea3n ph\u1ea9m.<br \/>\nn<\/p>\n<h2>T\u00fai Kickstand<\/h2>\n<p>n<div id=\"attachment_2411\" style=\"width: 1713px\" class=\"wp-caption aligncenter\"><img loading=\"lazy\" decoding=\"async\" aria-describedby=\"caption-attachment-2411\" class=\"size-full wp-image-2411\" src=\"https:\/\/smartconnection.com.vn\/wp-content\/uploads\/2022\/08\/Untitled-13.png\" alt=\"\" width=\"1703\" height=\"852\" \/><p id=\"caption-attachment-2411\" class=\"wp-caption-text\">t\u1ea5m quang \u0111i\u1ec7n EcoFlow 160W<\/p><\/div><br \/>\nn<br \/>\nnCung c\u1ea5p kh\u1ea3 n\u0103ng b\u1ea3o v\u1ec7 cho t\u1ea5m quang \u0111i\u1ec7n trong qu\u00e1 tr\u00ecnh v\u1eadn chuy\u1ec3n.<br \/>\nn<br \/>\nnH\u1ed9p \u0111\u1ef1ng t\u0103ng g\u1ea5p \u0111\u00f4i nh\u01b0 m\u1ed9t ch\u00e2n \u0111\u1ebf, cho ph\u00e9p b\u1ea1n \u0111\u1ecbnh v\u1ecb n\u0103ng l\u01b0\u1ee3ng m\u1eb7t tr\u1eddi theo b\u1ea5t k\u1ef3 h\u01b0\u1edbng\u00a0 n\u00e0o.<br \/>\nn<br \/>\nnH\u1ed7 tr\u1ee3 k\u1ebft n\u1ed1i nhi\u1ec1u t\u1ea5m pin m\u1eb7t tr\u1eddi v\u1edbi nhau m\u00e0 kh\u00f4ng c\u00f3 kh\u00f3 kh\u0103n trong vi\u1ec7c g\u1eafn n\u1ed1i.<br \/>\nn<br \/>\nnTh\u00f4ng s\u1ed1 k\u1ef9 thu\u1eadt<br \/>\nn<\/p>\n<table>\nn<\/p>\n<tbody>\nn<\/p>\n<tr>\nn<\/p>\n<td width=\"319\">K\u00edch th\u01b0\u1edbc m\u1edf r\u1ed9ng<\/td>\n<p>n<\/p>\n<td width=\"319\">68*152*2,4<\/td>\n<p>n<\/tr>\n<p>n<\/p>\n<tr>\nn<\/p>\n<td width=\"319\">K\u00edch th\u01b0\u1edbc g\u1ea5p l\u1ea1i<\/td>\n<p>n<\/p>\n<td width=\"319\">68*4,2*2,4<\/td>\n<p>n<\/tr>\n<p>n<\/p>\n<tr>\nn<\/p>\n<td width=\"319\">Kh\u1ed1i l\u01b0\u1ee3ng<\/td>\n<p>n<\/p>\n<td width=\"319\">7,2KG ( Pin n\u0103ng l\u01b0\u01a1ng m\u1eb7t tr\u1eddi 4,9KG)<\/td>\n<p>n<\/tr>\n<p>n<\/p>\n<tr>\nn<\/p>\n<td width=\"319\">B\u1ea3o h\u00e0nh<\/td>\n<p>n<\/p>\n<td width=\"319\">12 th\u00e1ng<\/td>\n<p>n<\/tr>\n<p>n<\/p>\n<tr>\nn<\/p>\n<td width=\"319\">Hi\u1ec7u n\u0103ng<\/td>\n<p>n<\/p>\n<td width=\"319\">21% &#8211; 22%<\/td>\n<p>n<\/tr>\n<p>n<\/p>\n<tr>\nn<\/p>\n<td width=\"319\">C\u00f4ng su\u1ea5t t\u1ed1i \u0111a<\/td>\n<p>n<\/p>\n<td width=\"319\">160W(5W\u00b1)<\/td>\n<p>n<\/tr>\n<p>n<\/p>\n<tr>\nn<\/p>\n<td width=\"319\">K\u1ebft n\u1ed1i<\/td>\n<p>n<\/p>\n<td width=\"319\">\u0110\u1ea7u k\u1ebft n\u1ed1i n\u0103ng l\u01b0\u1ee3ng m\u1eb7t tr\u1eddi<\/td>\n<p>n<\/tr>\n<p>n<\/p>\n<tr>\nn<\/p>\n<td width=\"319\">\u0110i\u1ec7n \u00e1p m\u1ea1ch m\u1edf<\/td>\n<p>n<\/p>\n<td width=\"319\">21,4V ( Vmp 18,2V)<\/td>\n<p>n<\/tr>\n<p>n<\/p>\n<tr>\nn<\/p>\n<td width=\"319\">D\u00f2ng \u0111i\u1ec7n ng\u1eafn m\u1ea1ch<\/td>\n<p>n<\/p>\n<td width=\"319\">9.6A (Imp 8.8A)<\/td>\n<p>n<\/tr>\n<p>n<\/p>\n<tr>\nn<\/p>\n<td width=\"319\">Pin<\/td>\n<p>n<\/p>\n<td width=\"319\">Monocrystalline Silicon<\/td>\n<p>n<\/tr>\n<p>n<\/p>\n<tr>\nn<\/p>\n<td width=\"319\">Nhi\u1ec7t \u0111\u1ed9 v\u00e2n h\u00e0nh v\u00e0 l\u01b0u tr\u1eef<\/td>\n<p>n<\/p>\n<td width=\"319\">T\u1eeb 20\u2218C \u0111\u1ebfn 85\u2218C<\/td>\n<p>n<\/tr>\n<p>n<\/tbody>\n<p>n<\/table>\n<p>nT\u00ecm ki\u1ebfm th\u00eam s\u1ea3n ph\u1ea9m kh\u00e1c &gt;&gt;&gt;&gt;&gt;&gt;&gt;&gt;&gt;&gt;&gt;&gt;&gt;&gt;&gt;&gt;&gt;&gt;&gt;&gt;&gt; <a href=\"https:\/\/smartconnection.com.vn\/san-pham\/tam-pin-nang-luong-mat-troi-xach-tay-ecoflow-110w\/\" target=\"_blank\" rel=\"noopener\">t\u1ea1i \u0111\u00e2y<\/a><\/p>\n","protected":false},"excerpt":{"rendered":"<p><span style=\"color: #ed1c24; background-color: #ffff00; font-size: 150%;\">B\u1ea3o h\u00e0nh 12 th\u00e1ng\u00a0<\/span><br \/>\nn<br \/>\nnMua h\u00e0ng <strong>Uy t\u00edn &#8211; Ch\u1ea5t L\u01b0\u1ee3ng &#8211; Gi\u00e1 t\u1ed1<\/strong>t t\u1ea1i SM Connection<br \/>\nn<br \/>\nnHotline <strong><em>093.886.9759<\/em><\/strong><\/p>\n","protected":false},"featured_media":10343,"comment_status":"closed","ping_status":"open","template":"","meta":[],"product_cat":[15],"product_tag":[],"class_list":{"0":"post-10341","1":"product","2":"type-product","3":"status-publish","4":"has-post-thumbnail","6":"product_cat-uncategorized","8":"first","9":"instock","10":"purchasable","11":"product-type-simple","12":"col-xs-6 col-sm-4","13":"col-md-3 col-lg-3","14":"un-4-cols"},"_links":{"self":[{"href":"https:\/\/hibucenter.com\/index.php\/wp-json\/wp\/v2\/product\/10341","targetHints":{"allow":["GET"]}}],"collection":[{"href":"https:\/\/hibucenter.com\/index.php\/wp-json\/wp\/v2\/product"}],"about":[{"href":"https:\/\/hibucenter.com\/index.php\/wp-json\/wp\/v2\/types\/product"}],"replies":[{"embeddable":true,"href":"https:\/\/hibucenter.com\/index.php\/wp-json\/wp\/v2\/comments?post=10341"}],"version-history":[{"count":1,"href":"https:\/\/hibucenter.com\/index.php\/wp-json\/wp\/v2\/product\/10341\/revisions"}],"predecessor-version":[{"id":10342,"href":"https:\/\/hibucenter.com\/index.php\/wp-json\/wp\/v2\/product\/10341\/revisions\/10342"}],"wp:featuredmedia":[{"embeddable":true,"href":"https:\/\/hibucenter.com\/index.php\/wp-json\/wp\/v2\/media\/10343"}],"wp:attachment":[{"href":"https:\/\/hibucenter.com\/index.php\/wp-json\/wp\/v2\/media?parent=10341"}],"wp:term":[{"taxonomy":"product_cat","embeddable":true,"href":"https:\/\/hibucenter.com\/index.php\/wp-json\/wp\/v2\/product_cat?post=10341"},{"taxonomy":"product_tag","embeddable":true,"href":"https:\/\/hibucenter.com\/index.php\/wp-json\/wp\/v2\/product_tag?post=10341"}],"curies":[{"name":"wp","href":"https:\/\/api.w.org\/{rel}","templated":true}]}}