{"id":10310,"date":"2025-10-21T15:14:35","date_gmt":"2025-10-21T08:14:35","guid":{"rendered":"https:\/\/hibucenter.com\/index.php\/tram-sac-di-dong-ecoflow-delta-mini\/"},"modified":"2025-10-21T15:15:03","modified_gmt":"2025-10-21T08:15:03","slug":"tram-sac-di-dong-ecoflow-delta-mini","status":"publish","type":"product","link":"https:\/\/hibucenter.com\/index.php\/tram-sac-di-dong-ecoflow-delta-mini\/","title":{"rendered":"Tr\u1ea1m s\u1ea1c di \u0111\u1ed9ng EcoFlow Delta Mini"},"content":{"rendered":"<h1 style=\"text-align: center;\"><img fetchpriority=\"high\" decoding=\"async\" class=\"alignnone wp-image-2158\" src=\"https:\/\/smartconnection.com.vn\/wp-content\/uploads\/2022\/07\/eco-delta-mini-2-300x169.jpg\" alt=\"\" width=\"1100\" height=\"620\" \/><\/h1>\n<p>n<\/p>\n<h2 style=\"text-align: center;\"><a href=\"https:\/\/smartconnection.com.vn\/san-pham\/tram-sac-di-dong-ecoflow-delta-mini\/\" target=\"_blank\" rel=\"noopener\"><span style=\"font-size: 120%;\">TR\u1ea0M S\u1ea0C D\u1ef0 PH\u00d2NG DI \u0110\u1ed8NG ECOFLOW DELTA MINI<\/span><\/a><\/h2>\n<p>n<\/p>\n<p style=\"text-align: center;\"><em>Tr\u1ea1m s\u1ea1c d\u1ef1 ph\u00f2ng di \u0111\u1ed9ng EcoFlow Delta Mini: S\u1ee9c m\u1ea1nh c\u1ee7a Delta trong th\u00e2n h\u00ecnh mini.<\/em><\/p>\n<p>n<\/p>\n<p style=\"text-align: center;\"><iframe title=\"YouTube video player\" src=\"https:\/\/www.youtube.com\/embed\/NnRN4le9X1g\" width=\"560\" height=\"315\" frameborder=\"0\" allowfullscreen=\"allowfullscreen\"><\/iframe><\/p>\n<p>n<\/p>\n<p style=\"text-align: center;\"><img decoding=\"async\" class=\"alignnone wp-image-2144\" src=\"https:\/\/smartconnection.com.vn\/wp-content\/uploads\/2022\/07\/eco-delta-mini-spec-300x159.png\" alt=\"tram sac du phong di dong ecoflow delta mini\" width=\"688\" height=\"365\" \/><\/p>\n<p>n<br \/>\nn<\/p>\n<h2>TR\u1ea0M S\u1ea0C D\u1ef0 PH\u00d2NG DELTA NH\u1eb8 NH\u1ea4T<\/h2>\n<p>nTr\u1ea1m s\u1ea1c d\u1ef1 ph\u00f2ng di \u0111\u1ed9ng EcoFlow Delta Mini v\u1edbi tr\u1ecdng l\u01b0\u1ee3ng ch\u1ec9 10.7kg r\u1ea5t l\u00fd t\u01b0\u1edfng \u0111\u1ec3 mang \u0111i trong nh\u1eefng chuy\u1ebfn \u0111i d\u00e0i.<br \/>\nn<br \/>\nn<img decoding=\"async\" class=\"aligncenter wp-image-2145\" src=\"https:\/\/smartconnection.com.vn\/wp-content\/uploads\/2022\/07\/eco-delta-mini-lightweight-300x169.jpg\" alt=\"tram sac du phong di dong ecoflow delta mini\" width=\"541\" height=\"305\" \/><br \/>\nn<\/p>\n<h2>TR\u1ea0M S\u1ea0C DI \u0110\u1ed8NG HI\u1ec6U N\u0102NG KH\u1ee6NG CHO NHU C\u1ea6U C\u1ee6A B\u1ea0N<\/h2>\n<p>nHi\u1ec7u n\u0103ng 1400W (n\u00e2ng l\u00ean 1800W v\u1edbi ch\u1ebf \u0111\u1ed9 X-boost) c\u00f3 th\u1ec3 c\u1ea5p \u0111i\u1ec7n cho 90% c\u00e1c thi\u1ebft b\u1ecb c\u1ea7n thi\u1ebft xung quanh b\u1ea1n, 12 thi\u1ebft b\u1ecb c\u00f9ng l\u00fac. Th\u1eed t\u01b0\u1edfng t\u01b0\u1ee3ng l\u00f2 n\u01b0\u1edbng b\u00e1nh m\u00ec, m\u00e1y s\u1ea5y ho\u1eb7c c\u00e1i c\u01b0a m\u00e1y nh\u01b0 th\u1ec3 c\u00f3 l\u1eafp pin v\u1eady.<br \/>\nn<\/p>\n<p style=\"text-align: center;\"><img loading=\"lazy\" decoding=\"async\" class=\"alignnone wp-image-2146\" src=\"https:\/\/smartconnection.com.vn\/wp-content\/uploads\/2022\/07\/delta-mini-power-300x150.webp\" alt=\"tram sac du phong di dong ecoflow delta mini\" width=\"536\" height=\"268\" \/><\/p>\n<p>n<br \/>\nn<\/p>\n<h2>TR\u1ea0M S\u1ea0C DI \u0110\u1ed8NG C\u00d4NG SU\u1ea4T KH\u1ee6NG, N\u1ea0P L\u1ea0I C\u0168NG KH\u1ee6NG<\/h2>\n<p>nV\u1edbi ch\u1ebf \u0111\u1ed9 s\u1ea1c l\u1ea1i X-Stream, tr\u1ea1m s\u1ea1c d\u1ef1 ph\u00f2ng EcoFlow Delta Mini c\u00f3 th\u1ec3 s\u1ea1c l\u1ea1i t\u1eeb 0-100% ch\u1ec9 trong 96 ph\u00fat, nhanh h\u01a1n 3-4 l\u1ea7n c\u00e1c lo\u1ea1i tr\u1ea1m s\u1ea1c kh\u00e1c. S\u1ea1c nhanh h\u01a1n \u0111\u1ed3ng ngh\u0129a t\u1ed1n \u00edt th\u1eddi gian h\u01a1n v\u00e0 s\u1eed d\u1ee5ng \u0111\u01b0\u1ee3c nhi\u1ec1u h\u01a1n.<br \/>\nn<\/p>\n<p style=\"text-align: center;\"><img loading=\"lazy\" decoding=\"async\" class=\"alignnone wp-image-2147\" src=\"https:\/\/smartconnection.com.vn\/wp-content\/uploads\/2022\/07\/delta-mini-recharge-300x150.webp\" alt=\"tram sac du phong di dong ecoflow delta mini\" width=\"534\" height=\"267\" \/><\/p>\n<p>n<br \/>\nn<\/p>\n<h2>S\u1ea0C L\u1ea0I B\u1eb0NG N\u0102NG L\u01af\u1ee2NG M\u1eb6T TR\u1edcI<\/h2>\n<p>nG\u1eafn EcoFlow Delta Mini v\u1edbi hai t\u1ea5m pin n\u0103ng l\u01b0\u1ee3ng m\u1eb7t tr\u1eddi 160W \u0111\u1ec3 s\u1ea1c \u0111\u1ea7y l\u1ea1i trong v\u00f2ng 4-8 gi\u1edd.<br \/>\nn<\/p>\n<h2 style=\"text-align: center;\"><img loading=\"lazy\" decoding=\"async\" class=\"alignnone wp-image-2148\" src=\"https:\/\/smartconnection.com.vn\/wp-content\/uploads\/2022\/07\/delta-mini-recharge-solar-300x150.webp\" alt=\"\" width=\"534\" height=\"267\" \/><\/h2>\n<p>n<\/p>\n<h2>S\u1ea0C QUA XE H\u01a0I<\/h2>\n<p>nTr\u1ea1m s\u1ea1c d\u1ef1 ph\u00f2ng di \u0111\u1ed9ng EcoFlow Delta Mini c\u00f3 th\u1ec3 \u0111\u01b0\u1ee3c s\u1ea1c l\u1ea1i th\u00f4ng qua xe h\u01a1i.<br \/>\nn<\/p>\n<p style=\"text-align: center;\"><img loading=\"lazy\" decoding=\"async\" class=\"alignnone wp-image-2149\" src=\"https:\/\/smartconnection.com.vn\/wp-content\/uploads\/2022\/07\/delta-mini-recharge-car-300x150.webp\" alt=\"\" width=\"540\" height=\"270\" \/><\/p>\n<p>n<br \/>\nn<\/p>\n<h2>H\u1ec6 TH\u1ed0NG QU\u1ea2N L\u00dd PIN TH\u00d4NG MINH<\/h2>\n<p>nT\u1ef1 tin s\u1eed d\u1ee5ng khi v\u1edbi h\u1ec7 th\u1ed1ng qu\u1ea3n l\u00fd pin th\u00f4ng minh c\u1ee7a tr\u1ea1m s\u1ea1c d\u1ef1 ph\u00f2ng di \u0111\u1ed9ng EcoFlow Delta Mini. Tr\u1ea1m s\u1ea1c c\u1ee7a b\u1ea1n t\u1ef1 gi\u1eef cho n\u00f3 ho\u1ea1t \u0111\u1ed9ng t\u1ed1t nh\u1ea5t trong nh\u1eefng \u0111i\u1ec1u ki\u1ec7n kh\u00f4ng l\u00fd t\u01b0\u1edfng.<br \/>\nn<\/p>\n<p style=\"text-align: center;\"><img loading=\"lazy\" decoding=\"async\" class=\"alignnone wp-image-2150\" src=\"https:\/\/smartconnection.com.vn\/wp-content\/uploads\/2022\/07\/eco-delta-mini-bms-300x193.png\" alt=\"\" width=\"542\" height=\"349\" \/><\/p>\n<p>n<br \/>\nn<\/p>\n<h2>TR\u1ea0M S\u1ea0C DI \u0110\u1ed8NG TH\u00d4NG MINH C\u1ee6A B\u1ea0N<\/h2>\n<p>n\u1ee8ng d\u1ee5ng EcoFlow s\u1ebd cho b\u1ea1n bi\u1ebft c\u00f4ng su\u1ea5t \u0111ang c\u00f3 c\u0169ng nh\u01b0 hi\u1ec7u n\u0103ng<br \/>\nn<br \/>\nn<img loading=\"lazy\" decoding=\"async\" class=\"wp-image-2152 alignright\" style=\"text-align: center;\" src=\"https:\/\/smartconnection.com.vn\/wp-content\/uploads\/2022\/07\/delta-mini-app-300x150.webp\" alt=\"\" width=\"540\" height=\"270\" \/>ti\u00eau th\u1ee5 l\u00e0 bao nhi\u00eau. Nh\u1eefng g\u00ec b\u1ea1n c\u1ea7n ch\u1ec9 l\u00e0 m\u1ed9t chi\u1ebfc \u0111i\u1ec7n tho\u1ea1i th\u00f4ng minh v\u00e0 internet, ngu\u1ed3n n\u0103ng l\u01b0\u1ee3ng di \u0111\u1ed9ng n\u00e0y n\u1eb1m trong tay b\u1ea1n.<br \/>\nn<\/p>\n<h2><a href=\"https:\/\/apps.apple.com\/us\/app\/ecoflow-power-a-new-world\/id1506693140#?platform=iphone\" target=\"_blank\" rel=\"noopener\"><img loading=\"lazy\" decoding=\"async\" class=\"alignnone size-full wp-image-2009\" src=\"https:\/\/smartconnection.com.vn\/wp-content\/uploads\/2022\/07\/app-store.webp\" alt=\"\" width=\"201\" height=\"60\" \/><\/a> <a href=\"https:\/\/play.google.com\/store\/apps\/details?id=com.ecoflow&amp;hl=en_US&amp;gl=US\" target=\"_blank\" rel=\"noopener\"><img loading=\"lazy\" decoding=\"async\" class=\"alignnone size-full wp-image-2008\" src=\"https:\/\/smartconnection.com.vn\/wp-content\/uploads\/2022\/07\/play-store.webp\" alt=\"\" width=\"201\" height=\"60\" \/><\/a><\/h2>\n<p>n<\/p>\n<h2><\/h2>\n<p>n<\/p>\n<h2><\/h2>\n<p>n<\/p>\n<h2><\/h2>\n<p>n<\/p>\n<h2 style=\"text-align: center;\"><strong>TH\u1edcI GIAN S\u1ea0C THI\u1ebeT B\u1eca<\/strong><\/h2>\n<p>n<\/p>\n<p style=\"text-align: center;\">[twenty20 img1=&#8221;2154&#8243; img2=&#8221;2153&#8243; offset=&#8221;0.5&#8243;]<\/p>\n<p>n<br \/>\nn<\/p>\n<h2 style=\"text-align: center;\"><strong>TH\u00d4NG S\u1ed0 K\u1ef8 THU\u1eacT<\/strong><\/h2>\n<p>n[row ]<br \/>\nn<br \/>\nn[col span=&#8221;1\/2&#8243; ]<br \/>\nn<strong>Kh\u1ed1i l\u01b0\u1ee3ng t\u1ecbnh<\/strong><br \/>\nn23.6 lb (10.7 kg)<br \/>\nn<strong>K\u00edch th\u01b0\u1edbc<\/strong><br \/>\nn14.9 \u00d7 7.2 \u00d7 9.4 in (37.8 \u00d718.4 \u00d7 24 cm)<br \/>\nn<strong>Ph\u01b0\u01a1ng th\u1ee9c s\u1ea1c<\/strong><br \/>\nn\u0110\u1ea7u ra g\u1eafn t\u01b0\u1eddng AC, 12V s\u1ea1c qua xe h\u01a1i, T\u1ea5m n\u0103ng l\u01b0\u1ee3ng m\u1eb7t tr\u1eddi<br \/>\nn<strong>Th\u1eddi gian s\u1ea1c \u0111\u1ea7y l\u1ea1i<\/strong><br \/>\nn1.6 gi\u1edd (AC)<br \/>\nn9\u00bd gi\u1edd (12\/24V \u0111\u1ea7u ra xe h\u01a1i)<br \/>\nn3\u00be\u20137\u00bd gi\u1edd (d\u00f9ng 2x 160W t\u1ea5m n\u0103ng l\u01b0\u1ee3ng m\u1eb7t tr\u1eddi)<br \/>\nn3\u20136 gi\u1edd (d\u00f9ng 1x 400W t\u1ea5m n\u0103ng l\u01b0\u1ee3ng m\u1eb7t tr\u1eddi)<br \/>\nn<strong>C\u00f4ng su\u1ea5t<\/strong><br \/>\nn882Wh<br \/>\nn<strong>H\u00f3a t\u00ednh c\u1ee7a cell pin<\/strong><br \/>\nnNCM Li-ion<br \/>\nn<strong>V\u00f2ng \u0111\u1eddi<\/strong><br \/>\nn800 chu k\u1ef3 \u0111\u1ebfn 80% c\u00f4ng su\u1ea5t<br \/>\nn<strong>H\u1ec7 th\u1ed1ng qu\u1ea3n l\u00fd pin<\/strong><br \/>\nnB\u1ed9 b\u1ea3o v\u1ec7 qu\u00e1 th\u1ebf, B\u1ed9 b\u1ea3o v\u1ec7 qu\u00e1 t\u1ea3i, B\u1ed9 b\u1ea3o v\u1ec7 qu\u00e1 nhi\u1ec7t, B\u1ed9 b\u1ea3o v\u1ec7 ng\u1eafn d\u00f2ng, B\u1ed9 b\u1ea3o v\u1ec7 nhi\u1ec7t \u0111\u1ed9 th\u1ea5p, B\u1ed9 b\u1ea3o v\u1ec7 h\u1ea1 th\u1ebf, B\u1ed9 b\u1ea3o v\u1ec7 qu\u00e1 d\u00f2ng<br \/>\nn<br \/>\nn[\/col]<br \/>\nn[col span=&#8221;1\/2&#8243; ]<br \/>\nn<strong>Ngu\u1ed3n s\u1ea1c \u0111\u1ea7u v\u00e0o AC<\/strong><br \/>\nnS\u1ea1c nhanh X-Stream 900W t\u1ed1i \u0111a<br \/>\nn<strong>S\u1ea1c \u0111\u1ea7u v\u00e0o n\u0103ng l\u01b0\u1ee3ng m\u1eb7t tr\u1eddi<\/strong><br \/>\nn300W 11\u201375V DC 10A t\u1ed1i \u0111a<br \/>\nn<strong>S\u1ea1c qua xe h\u01a1i<\/strong><br \/>\nn12V\/24V DC 8A m\u1eb7c \u0111\u1ecbnh<br \/>\nn<strong>\u0110\u1ea7u ra AC (\u00d75)<\/strong><br \/>\nnS\u00f3ng sin thu\u1ea7n, 1400W t\u1ed5ng (surge 2100W), 120V~ (50Hz\/60Hz)<br \/>\nn<strong>\u0110\u1ea7u ra USB-A (\u00d72)<\/strong><br \/>\nn5V DC, 2.4A, 12W t\u1ed1i \u0111a, m\u1ed7i c\u1ed5ng<br \/>\nn<strong>S\u1ea1c nhanh USB-A (\u00d71)<\/strong><br \/>\nn5V, 2.4A \/ 9V, 2A \/ 12V, 1.5A, 18W t\u1ed1i \u0111a<br \/>\nn<strong>\u0110\u1ea7u ra USB-C<\/strong><br \/>\nn5\/9\/12\/15\/20V, 5A, 100W t\u1ed1i \u0111a<br \/>\nn<strong>\u0110\u1ea7u ra ngu\u1ed3n xe h\u01a1i<\/strong><br \/>\nn12.6V, 10A, 126W t\u1ed1i \u0111a<br \/>\nn<br \/>\nn[\/col]<br \/>\nn<br \/>\nn[\/row]<\/p>\n","protected":false},"excerpt":{"rendered":"<p><span style=\"color: #ed1c24;\"><strong>B\u1ea2O H\u00c0NH 24 TH\u00c1NG CH\u00cdNH H\u00c3NG<\/strong><\/span><\/p>\n","protected":false},"featured_media":10312,"comment_status":"closed","ping_status":"open","template":"","meta":[],"product_cat":[15],"product_tag":[],"class_list":{"0":"post-10310","1":"product","2":"type-product","3":"status-publish","4":"has-post-thumbnail","6":"product_cat-uncategorized","8":"first","9":"instock","10":"purchasable","11":"product-type-simple","12":"col-xs-6 col-sm-4","13":"col-md-3 col-lg-3","14":"un-4-cols"},"_links":{"self":[{"href":"https:\/\/hibucenter.com\/index.php\/wp-json\/wp\/v2\/product\/10310","targetHints":{"allow":["GET"]}}],"collection":[{"href":"https:\/\/hibucenter.com\/index.php\/wp-json\/wp\/v2\/product"}],"about":[{"href":"https:\/\/hibucenter.com\/index.php\/wp-json\/wp\/v2\/types\/product"}],"replies":[{"embeddable":true,"href":"https:\/\/hibucenter.com\/index.php\/wp-json\/wp\/v2\/comments?post=10310"}],"version-history":[{"count":1,"href":"https:\/\/hibucenter.com\/index.php\/wp-json\/wp\/v2\/product\/10310\/revisions"}],"predecessor-version":[{"id":10311,"href":"https:\/\/hibucenter.com\/index.php\/wp-json\/wp\/v2\/product\/10310\/revisions\/10311"}],"wp:featuredmedia":[{"embeddable":true,"href":"https:\/\/hibucenter.com\/index.php\/wp-json\/wp\/v2\/media\/10312"}],"wp:attachment":[{"href":"https:\/\/hibucenter.com\/index.php\/wp-json\/wp\/v2\/media?parent=10310"}],"wp:term":[{"taxonomy":"product_cat","embeddable":true,"href":"https:\/\/hibucenter.com\/index.php\/wp-json\/wp\/v2\/product_cat?post=10310"},{"taxonomy":"product_tag","embeddable":true,"href":"https:\/\/hibucenter.com\/index.php\/wp-json\/wp\/v2\/product_tag?post=10310"}],"curies":[{"name":"wp","href":"https:\/\/api.w.org\/{rel}","templated":true}]}}