{"id":10296,"date":"2025-10-21T15:14:35","date_gmt":"2025-10-21T08:14:35","guid":{"rendered":"https:\/\/hibucenter.com\/index.php\/tam-pin-nang-luong-mat-troi-ecoflow-110w\/"},"modified":"2025-10-21T15:14:46","modified_gmt":"2025-10-21T08:14:46","slug":"tam-pin-nang-luong-mat-troi-ecoflow-110w","status":"publish","type":"product","link":"https:\/\/hibucenter.com\/index.php\/tam-pin-nang-luong-mat-troi-ecoflow-110w\/","title":{"rendered":"T\u1ea5m pin n\u0103ng l\u01b0\u1ee3ng m\u1eb7t tr\u1eddi EcoFlow 110W"},"content":{"rendered":"<p>&nbsp;<br \/>\nn<\/p>\n<h1 style=\"text-align: center;\"><img fetchpriority=\"high\" decoding=\"async\" class=\"alignnone wp-image-2087\" src=\"https:\/\/smartconnection.com.vn\/wp-content\/uploads\/2022\/07\/eco-solar-1-300x169.jpg\" alt=\"tam pin nang luong mat troi ecoflow\" width=\"1086\" height=\"612\" \/><\/h1>\n<p>n<\/p>\n<h2 style=\"text-align: center;\"><a href=\"https:\/\/smartconnection.com.vn\/san-pham\/tam-pin-nang-luong-mat-troi-ecoflow-110w\/\" target=\"_blank\" rel=\"noopener\">T\u1ea4M PIN N\u0102NG L\u01af\u1ee2NG M\u1eb6T TR\u1edcI ECOFLOW 110W<\/a><\/h2>\n<p>n<\/p>\n<p style=\"text-align: center;\"><em>T\u1ea5m pin n\u0103ng l\u01b0\u1ee3ng m\u1eb7t tr\u1eddi si\u00eau g\u1ecdn d\u00e0nh cho tr\u1ea1m s\u1ea1c di \u0111\u1ed9ng c\u1ee7a b\u1ea1n<\/em><\/p>\n<p>n<img decoding=\"async\" class=\"aligncenter wp-image-2076\" src=\"https:\/\/smartconnection.com.vn\/wp-content\/uploads\/2022\/07\/eco-solar-spec-300x175.png\" alt=\"tam pin nang luong mat troi ecoflow\" width=\"677\" height=\"395\" \/><br \/>\nn<\/p>\n<h2>T\u1ea4M PIN T\u01af\u01a0NG TH\u00cdCH V\u1edaI H\u1ea6U H\u1ebeT TR\u1ea0M PH\u00c1T \u0110I\u1ec6N<\/h2>\n<p>nV\u1edbi d\u00e2y c\u00e1p s\u1ea1c XT60, b\u1ea1n c\u00f3 th\u1ec3 s\u1ea1c c\u00e1c lo\u1ea1i tr\u1ea1m s\u1ea1c di \u0111\u1ed9ng thu\u1ed9c d\u00f2ng DELTA ho\u1eb7c RIVER. V\u1edbi hi\u1ec7u qu\u1ea3 chuy\u1ec3n \u0111\u1ed5i l\u00ean \u0111\u1ebfn 23%, n\u00f3 nh\u1eb9 nh\u00e0ng h\u01a1n v\u00e0 nh\u1ecf g\u1ecdn h\u01a1n b\u1ea5t c\u1ee9 t\u1ea5m pin n\u0103ng l\u01b0\u1ee3ng m\u1eb7t tr\u1eddi n\u00e0o tr\u00ean th\u1ecb tr\u01b0\u1eddng.<br \/>\nn<br \/>\nn<img decoding=\"async\" class=\"aligncenter wp-image-2077\" src=\"https:\/\/smartconnection.com.vn\/wp-content\/uploads\/2022\/07\/eco-solar-power-300x107.png\" alt=\"tam pin nang luong mat troi ecoflow\" width=\"589\" height=\"210\" \/><br \/>\nn<\/p>\n<h2>N\u00c2NG C\u1ea4P HI\u1ec6U SU\u1ea4T CAO<\/h2>\n<p>nSo s\u00e1nh v\u1edbi c\u00e1c t\u1ea5m n\u0103ng l\u01b0\u1ee3ng kh\u00e1c, t\u00ednh n\u0103ng &#8220;K\u1ebft h\u1ee3p chu\u1ed7i&#8221; cho ph\u00e9p b\u1ea1n li\u00ean k\u1ebft ch\u00fang v\u1edbi nhau. C\u00f9ng v\u1edbi d\u00e2y c\u00e1p song song d\u00f9ng \u0111\u1ec3 khu\u1ebfch t\u00e1n n\u0103ng l\u01b0\u1ee3ng \u0111\u1ebfn tr\u1ea1m s\u1ea1c c\u1ee7a b\u1ea1n.<br \/>\nn<\/p>\n<p style=\"text-align: center;\"><img loading=\"lazy\" decoding=\"async\" class=\"alignnone wp-image-2081\" src=\"https:\/\/smartconnection.com.vn\/wp-content\/uploads\/2022\/07\/solar-panel-efficiency-3-300x200.webp\" alt=\"tam pin nang luong mat troi ecoflow\" width=\"583\" height=\"389\" \/><\/p>\n<p>n<br \/>\nn<\/p>\n<h2>T\u1ea4M PIN LINH \u0110\u1ed8NG V\u1edaI CH\u00c2N \u0110\u1ebe G\u1eacP L\u1ea0I \u0110\u01af\u1ee2C<\/h2>\n<p>n\u0110\u01b0\u1ee3c thi\u1ebft k\u1ebf v\u1edbi quai cao su v\u00e0 ch\u00e2n \u0111\u1ebf linh ho\u1ea1t, b\u1ea1n c\u00f3 th\u1ec3 \u0111i\u1ec1u ch\u1ec9nh t\u1ea5m n\u0103ng l\u01b0\u1ee3ng g\u00f3c \u1edf kho\u1ea3ng 0-45 \u0111\u1ed9. L\u00fac c\u1ea7n s\u1ea1c cho tr\u1ea1m s\u1ea1c di \u0111\u1ed9ng <a href=\"https:\/\/www.ecoflow.com\/us\" target=\"_blank\" rel=\"noopener\">EcoFlow<\/a>, b\u1ea1n m\u1edf n\u00f3 ra. L\u00fac c\u1ea7n c\u1ea5t \u0111i, b\u1ea1n g\u1eadp l\u1ea1i. R\u1ea5t linh \u0111\u1ed9ng!<br \/>\nn<\/p>\n<p style=\"text-align: center;\"><img loading=\"lazy\" decoding=\"async\" class=\"alignnone wp-image-2095\" src=\"https:\/\/smartconnection.com.vn\/wp-content\/uploads\/2022\/07\/solar-kickstand-2-300x200.webp\" alt=\"\" width=\"583\" height=\"389\" \/><\/p>\n<p>n<br \/>\nn<\/p>\n<h2>CH\u1ed0NG N\u01af\u1edaC V\u00c0 B\u1ec0N B\u1ec8<\/h2>\n<p>nKh\u1ea3 n\u0103ng ch\u1ed1ng n\u01b0\u1edbc chu\u1ea9n IP68 gi\u00fap t\u1ea5m n\u0103ng l\u01b0\u1ee3ng c\u00f3 th\u1ec3 s\u1eed d\u1ee5ng d\u01b0\u1edbi nh\u1eefng th\u1eddi ti\u1ebft kh\u1eafc nghi\u1ec7t. R\u1ea5t l\u00fd t\u01b0\u1edfng cho c\u00e1c ho\u1ea1t \u0111\u1ed9ng ngo\u00e0i tr\u1eddi.<br \/>\nn<\/p>\n<p style=\"text-align: center;\"><img loading=\"lazy\" decoding=\"async\" class=\"alignnone wp-image-2085\" src=\"https:\/\/smartconnection.com.vn\/wp-content\/uploads\/2022\/07\/solar-waterproof-300x169.jpg\" alt=\"tam pin nang luong mat troi ecoflow\" width=\"574\" height=\"324\" \/><\/p>\n<p>n<br \/>\nn<\/p>\n<h2>T\u00daI \u0110\u1ef0NG K\u00c8M THEO &#8211; AN T\u00c2M MANG \u0110I M\u1eccI N\u01a0I<\/h2>\n<p>n\u0110ang trong chuy\u1ebfn \u0111i? G\u1eadp l\u1ea1i b\u1ecf v\u00e0o t\u00fai \u0111\u1ef1ng v\u00e0 t\u1ef1 tin x\u00e1ch \u0111i b\u1ea5t c\u1ee9 \u0111\u00e2u. \u0110\u1ebfn n\u01a1i ch\u1ec9 vi\u1ec7c m\u1edf ra, \u0111\u1ec3 d\u01b0\u1edbi \u00e1nh n\u1eafng v\u00e0 nh\u1eadn v\u1ec1 ngu\u1ed3n n\u0103ng l\u01b0\u1ee3ng xanh v\u00e0 s\u1ea1ch.<br \/>\nn<\/p>\n<p style=\"text-align: center;\"><img loading=\"lazy\" decoding=\"async\" class=\"alignnone wp-image-2088\" src=\"https:\/\/smartconnection.com.vn\/wp-content\/uploads\/2022\/07\/solar-case-300x169.jpg\" alt=\"\" width=\"564\" height=\"318\" \/><\/p>\n<p>n<br \/>\nn<\/p>\n<h2 style=\"text-align: center;\"><strong>TH\u1edcI GIAN S\u1ea0C<\/strong><\/h2>\n<p>n<\/p>\n<p style=\"text-align: center;\"><img loading=\"lazy\" decoding=\"async\" class=\"alignnone wp-image-2086\" src=\"https:\/\/smartconnection.com.vn\/wp-content\/uploads\/2022\/07\/SOLAR-CHARGE-257x300.png\" alt=\"\" width=\"589\" height=\"688\" \/><\/p>\n<p>n<br \/>\nn<\/p>\n<h2 style=\"text-align: center;\"><strong>TH\u00d4NG S\u1ed0 K\u1ef8 THU\u1eacT<\/strong><\/h2>\n<p>n[row ]<br \/>\nn<br \/>\nn[col span=&#8221;1\/2&#8243; ]<br \/>\nn<br \/>\nn<strong>K\u00edch th\u01b0\u1edbc khi kh\u00f4ng g\u1eadp<\/strong><br \/>\nn<br \/>\nn20.2*62.5*0.8 in \/178.5*42.0*2.5cm<br \/>\nn<br \/>\nn<strong>K\u00edch th\u01b0\u1edbc khi g\u1eadp<\/strong><br \/>\nn<br \/>\nn20.2*16.5*0.8 in\/42.0\u00a0x\u00a048.0\u00a0x\u00a02.5cm<br \/>\nn<br \/>\nn<strong>Tr\u1ecdng l\u01b0\u1ee3ng<\/strong><br \/>\nn<br \/>\nn8.8lb (4kg)<br \/>\nn<br \/>\nn<strong>B\u1ea3o h\u00e0nh<\/strong><br \/>\nn<br \/>\nn12 th\u00e1ng<br \/>\nn<br \/>\nn<strong>C\u00f4ng su\u1ea5t \u0111\u1ecbnh m\u1ee9c<\/strong><br \/>\nn<br \/>\nn110W (\u00b15W)<br \/>\nn<br \/>\nn<strong>Hi\u1ec7u su\u1ea5t<\/strong><br \/>\nn<br \/>\nn22%\u201323%<br \/>\nn<br \/>\nn[\/col]<br \/>\nn[col span=&#8221;1\/2&#8243; ]<br \/>\nn<br \/>\nn<strong>Ki\u1ec3u k\u1ebft n\u1ed1i<\/strong><br \/>\nn<br \/>\nnC\u1ed5ng k\u1ebft n\u1ed1i n\u0103ng l\u01b0\u1ee3ng m\u1eb7t tr\u1eddi<br \/>\nn<br \/>\nn<strong>Hi\u1ec7u \u0111i\u1ec7n th\u1ebf d\u00f2ng m\u1edf<\/strong><br \/>\nn<br \/>\nn21.8V (Vmp 18.4V)<br \/>\nn<br \/>\nn<strong>C\u01b0\u1eddng \u0111\u1ed9 ng\u1eafn d\u00f2ng<\/strong><br \/>\nn<br \/>\nn6.5A (Imp 6.0A)<br \/>\nn<br \/>\nn<strong>Lo\u1ea1i Cell<\/strong><br \/>\nn<br \/>\nnMonocrystalline Silicon<br \/>\nn<br \/>\nn<strong>Nhi\u1ec7t \u0111\u1ed9 v\u1eadn h\u00e0nh v\u00e0 t\u00edch tr\u1eef<\/strong><br \/>\nn<br \/>\nn\u22124\u00b0F to 185\u00b0F<br \/>\nn<br \/>\nn[\/col]<br \/>\nn<br \/>\nn[\/row]<\/p>\n","protected":false},"excerpt":{"rendered":"<p><span style=\"color: #ed1c24;\"><strong>B\u1ea2O H\u00c0NH 12 TH\u00c1NG CH\u00cdNH H\u00c3NG<\/strong><\/span><\/p>\n","protected":false},"featured_media":10298,"comment_status":"closed","ping_status":"open","template":"","meta":[],"product_cat":[15],"product_tag":[],"class_list":{"0":"post-10296","1":"product","2":"type-product","3":"status-publish","4":"has-post-thumbnail","6":"product_cat-uncategorized","8":"first","9":"instock","10":"purchasable","11":"product-type-simple","12":"col-xs-6 col-sm-4","13":"col-md-3 col-lg-3","14":"un-4-cols"},"_links":{"self":[{"href":"https:\/\/hibucenter.com\/index.php\/wp-json\/wp\/v2\/product\/10296","targetHints":{"allow":["GET"]}}],"collection":[{"href":"https:\/\/hibucenter.com\/index.php\/wp-json\/wp\/v2\/product"}],"about":[{"href":"https:\/\/hibucenter.com\/index.php\/wp-json\/wp\/v2\/types\/product"}],"replies":[{"embeddable":true,"href":"https:\/\/hibucenter.com\/index.php\/wp-json\/wp\/v2\/comments?post=10296"}],"version-history":[{"count":1,"href":"https:\/\/hibucenter.com\/index.php\/wp-json\/wp\/v2\/product\/10296\/revisions"}],"predecessor-version":[{"id":10297,"href":"https:\/\/hibucenter.com\/index.php\/wp-json\/wp\/v2\/product\/10296\/revisions\/10297"}],"wp:featuredmedia":[{"embeddable":true,"href":"https:\/\/hibucenter.com\/index.php\/wp-json\/wp\/v2\/media\/10298"}],"wp:attachment":[{"href":"https:\/\/hibucenter.com\/index.php\/wp-json\/wp\/v2\/media?parent=10296"}],"wp:term":[{"taxonomy":"product_cat","embeddable":true,"href":"https:\/\/hibucenter.com\/index.php\/wp-json\/wp\/v2\/product_cat?post=10296"},{"taxonomy":"product_tag","embeddable":true,"href":"https:\/\/hibucenter.com\/index.php\/wp-json\/wp\/v2\/product_tag?post=10296"}],"curies":[{"name":"wp","href":"https:\/\/api.w.org\/{rel}","templated":true}]}}