{"id":10058,"date":"2025-07-09T10:52:54","date_gmt":"2025-07-09T03:52:54","guid":{"rendered":"https:\/\/hibucenter.com\/?post_type=product&#038;p=10058"},"modified":"2025-07-09T10:52:54","modified_gmt":"2025-07-09T03:52:54","slug":"ghe-xep-helinox-tac-sunset-chair-v2-multicam","status":"publish","type":"product","link":"https:\/\/hibucenter.com\/index.php\/ghe-xep-helinox-tac-sunset-chair-v2-multicam\/","title":{"rendered":"Gh\u1ebf x\u1ebfp HELINOX Tac. Sunset Chair V2 -Multicam"},"content":{"rendered":"<div class=\"title_chir\">\n<h2>Gh\u1ebf x\u1ebfp HELINOX Tac. Sunset Chair V2 -Multicam<\/h2>\n<h2 class=\"\">Chi ti\u1ebft s\u1ea3n ph\u1ea9m<\/h2>\n<\/div>\n<div class=\"content-text bg_w desDetails\">\n<p>B\u1ed9 s\u01b0u t\u1eadp Tactical t\u1ed1i gi\u1ea3n, ch\u1eafc ch\u1eafn \u0111\u01b0\u1ee3c thi\u1ebft k\u1ebf \u0111\u1ec3 \u0111\u00e1p \u1ee9ng nhu c\u1ea7u c\u1ee7a nh\u1eefng ng\u01b0\u1eddi \u0111am m\u00ea ho\u1ea1t \u0111\u1ed9ng ngo\u00e0i tr\u1eddi, nh\u1eefng ng\u01b0\u1eddi mong mu\u1ed1n thi\u1ebft b\u1ecb c\u1ee7a h\u1ecd ho\u1ea1t \u0111\u1ed9ng trong nh\u1eefng m\u00f4i tr\u01b0\u1eddng kh\u1eafc nghi\u1ec7t nh\u1ea5t. S\u1ef1 tho\u1ea3i m\u00e1i, h\u1ed7 tr\u1ee3, l\u01b0ng gh\u1ebf cao h\u01a1n c\u1ee7a Sunset Chair \u0111\u01b0\u1ee3c t\u00edch h\u1ee3p v\u1edbi \u0111\u1ed9 b\u1ec1n \u0111\u01b0\u1ee3c ch\u1ebf t\u1ea1o cho m\u1ecdi th\u1ee9 c\u1ee7a d\u00f2ng s\u1ea3n ph\u1ea9m l\u1ea5y c\u1ea3m h\u1ee9ng t\u1eeb qu\u00e2n \u0111\u1ed9i n\u00e0y.<\/p>\n<p>&nbsp;<\/p>\n<h2>\u0110\u1eb7c tr\u01b0ng<\/h2>\n<div id=\"collapse-2376c586-5b61-41f8-bb3e-24af7696f4e4\" class=\"accordion-collapse collapse show\">\n<div class=\"accordion-body features\">\n<div class=\"metafield-rich_text_field\">\n<ul>\n<li><strong>C\u1ea3i ti\u1ebfn ti\u1ec7n d\u1ee5ng.\u00a0<\/strong>\u00a0B\u1ed9 s\u01b0u t\u1eadp Tactical c\u00f3 \u0111\u01b0\u1eddng may t\u1ed1i gi\u1ea3n v\u00e0 th\u00eam t\u00fai \u0111\u1ec3 b\u1ea3o v\u1ec7 \u0111\u1ed3 v\u1eadt c\u00f3 gi\u00e1 tr\u1ecb v\u00e0 thi\u1ebft b\u1ecb.<\/li>\n<li><strong>Tho\u1ea3i m\u00e1i.<\/strong><i><strong>\u00a0<\/strong><\/i>\u00a0G\u1eady d\u00e0i h\u01a1n gi\u00fap b\u1ea1n d\u1ec5 d\u00e0ng ra v\u00e0o gh\u1ebf, ph\u1ea7n l\u01b0ng gh\u1ebf cao gi\u00fap n\u00e2ng \u0111\u1ee1 c\u1ed5 v\u00e0 vai t\u1ed1t h\u01a1n.<\/li>\n<li><strong>Di \u0111\u1ed9ng.\u00a0<\/strong>\u00a0Khung nh\u1ecf g\u1ecdn, c\u00f3 th\u1ec3 thu g\u1ecdn. \u0110\u00f3ng g\u00f3i trong h\u1ed9p \u0111\u1ef1ng c\u00f3 kh\u00f3a k\u00e9o 50cm x 13cm x 12cm c\u00f3 d\u00e2y \u0111ai MOLLE \u1edf ph\u00eda d\u01b0\u1edbi.<\/li>\n<li><strong>Nh\u1eb9 nh\u01b0ng ch\u1eafc ch\u1eafn.<\/strong><i>\u00a0<\/i>\u00a0N\u1eb7ng 1,6kg khi \u0111\u00f3ng g\u00f3i v\u00e0 c\u00f3 th\u1ec3 ch\u1ecbu \u0111\u01b0\u1ee3c tr\u1ecdng l\u01b0\u1ee3ng l\u00ean t\u1edbi 145kg khi l\u1eafp r\u00e1p.<\/li>\n<li><strong>K\u1ef9 thu\u1eadt ti\u00ean ti\u1ebfn.<\/strong><i>\u00a0<\/i>\u00a0Khung m\u00e0u \u0111en k\u1ebft h\u1ee3p s\u1ee9c m\u1ea1nh v\u1edbi \u0111\u1ed9 b\u1ec1n b\u1eb1ng c\u00e1ch s\u1eed d\u1ee5ng h\u1ee3p kim nh\u00f4m DAC anodised xanh v\u00e0 tr\u1ee5c nh\u1ef1a nylon \u0111\u1ed9c quy\u1ec1n.<\/li>\n<li><strong>D\u1ec5 d\u00e0ng l\u1eafp \u0111\u1eb7t.<\/strong><i>\u00a0<\/i>\u00a0C\u1ed9t c\u00f3 d\u00e2y ch\u1ed1ng s\u1ed1c gi\u00fap c\u1ed1 \u0111\u1ecbnh khung v\u00e0o \u0111\u00fang v\u1ecb tr\u00ed.<\/li>\n<li><strong>\u0110\u01b0\u1ee3c thi\u1ebft k\u1ebf \u0111\u1ec3 s\u1eed d\u1ee5ng nghi\u00eam t\u00fac.\u00a0<\/strong>\u00a0V\u1ea3i polyester 600D t\u00e1i ch\u1ebf v\u00e0 \u0111\u01b0\u1ee3c ch\u1ee9ng nh\u1eadn bluesign\u00ae \u0111\u1ee7 b\u1ec1n \u0111\u1ec3 \u0111\u00e1p \u1ee9ng nh\u1eefng cu\u1ed9c phi\u00eau l\u01b0u kh\u00f3 kh\u0103n nh\u1ea5t c\u1ee7a b\u1ea1n.<\/li>\n<li><img decoding=\"async\" src=\"https:\/\/pos.nvncdn.com\/498d20-79593\/ps\/20250514_37rfwk8i8O.jpeg\" \/><\/li>\n<\/ul>\n<h2>Nguy\u00ean v\u1eadt li\u1ec7u<\/h2>\n<div id=\"collapse-b6ff7b5d-a662-433c-92f3-c17bffa067c8\" class=\"accordion-collapse collapse show\">\n<div class=\"accordion-body materials\">\n<div class=\"metafield-rich_text_field\">\n<p><strong>Khung<\/strong><\/p>\n<ul>\n<li>H\u1ee3p kim nh\u00f4m DAC \u0111\u1ed9c quy\u1ec1n<\/li>\n<li>D\u00e2y ch\u1ed1ng s\u1ed1c b\u1eb1ng silicon<\/li>\n<li>Hub nh\u1ef1a \u0111\u1ed9c quy\u1ec1n<\/li>\n<li>Ch\u00e2n cao su<\/li>\n<\/ul>\n<p><strong>Gh\u1ebf<\/strong><\/p>\n<ul>\n<li>polyester 600D \u0111\u01b0\u1ee3c ch\u1ee9ng nh\u1eadn bluesign\u00ae v\u00e0 t\u00e1i ch\u1ebf<\/li>\n<\/ul>\n<p><strong>H\u1ed9p \u0111\u1ef1ng<\/strong><\/p>\n<ul>\n<li>polyester 600D \u0111\u01b0\u1ee3c ch\u1ee9ng nh\u1eadn bluesign\u00ae v\u00e0 t\u00e1i ch\u1ebf<\/li>\n<\/ul>\n<\/div>\n<\/div>\n<\/div>\n<\/div>\n<\/div>\n<\/div>\n<p><img decoding=\"async\" src=\"https:\/\/pos.nvncdn.com\/498d20-79593\/ps\/20250514_MzDDqpmzaW.jpeg\" \/><br \/>\nTh\u00f4ng s\u1ed1 k\u1ef9 thu\u1eadt<\/p>\n<div id=\"collapse-17460b2a-0550-4f65-9797-c840da025345\" class=\"accordion-collapse collapse show\">\n<div class=\"accordion-body specifications\">\n<table class=\"table specifications ck-table-resized\">\n<colgroup>\n<col \/>\n<col \/>\n<col \/><\/colgroup>\n<thead>\n<tr>\n<th scope=\"col\"><\/th>\n<th scope=\"col\"><strong>\u0110\u00e3 l\u1eafp r\u00e1p<\/strong><\/th>\n<th scope=\"col\"><strong>\u0110\u00f3ng g\u00f3i<\/strong><\/th>\n<\/tr>\n<\/thead>\n<tbody>\n<tr class=\"height\">\n<th scope=\"row\">Chi\u1ec1u cao<\/th>\n<td class=\"assembled\">97 cm 38 trong<\/td>\n<td class=\"packed\">12 cm 4,5 trong<\/td>\n<\/tr>\n<tr class=\"length\">\n<th scope=\"row\">Chi\u1ec1u d\u00e0i<\/th>\n<td class=\"assembled\">\u2014<\/td>\n<td class=\"packed\">50 cm 20 trong<\/td>\n<\/tr>\n<tr class=\"width\">\n<th scope=\"row\">Chi\u1ec1u r\u1ed9ng<\/th>\n<td class=\"assembled\">59 cm 23 trong<\/td>\n<td class=\"packed\">13 cm 5 trong<\/td>\n<\/tr>\n<tr class=\"depth\">\n<th scope=\"row\">\u0110\u1ed9 s\u00e2u<\/th>\n<td class=\"assembled\">71 cm 28 trong<\/td>\n<td class=\"packed\">\u2014<\/td>\n<\/tr>\n<tr class=\"weight\">\n<th scope=\"row\">C\u00e2n n\u1eb7ng<\/th>\n<td class=\"assembled\">1440 g 3,2 pound<\/td>\n<td class=\"packed\">1595 g 3,5 pound<\/td>\n<\/tr>\n<tr class=\"capacity\">\n<th scope=\"row\">Dung t\u00edch<\/th>\n<td class=\"assembled\">145 kg 320 pound<\/td>\n<td class=\"packed\">\u2014<\/td>\n<\/tr>\n<\/tbody>\n<\/table>\n<\/div>\n<\/div>\n<\/div>\n","protected":false},"excerpt":{"rendered":"<p>Gh\u1ebf x\u1ebfp HELINOX Tac. Sunset Chair V2 -Multicam<\/p>\n<ul>\n<li><strong>C\u1ea3i ti\u1ebfn ti\u1ec7n d\u1ee5ng.\u00a0<\/strong>\u00a0B\u1ed9 s\u01b0u t\u1eadp Tactical c\u00f3 \u0111\u01b0\u1eddng may t\u1ed1i gi\u1ea3n v\u00e0 th\u00eam t\u00fai \u0111\u1ec3 b\u1ea3o v\u1ec7 \u0111\u1ed3 v\u1eadt c\u00f3 gi\u00e1 tr\u1ecb v\u00e0 thi\u1ebft b\u1ecb.<\/li>\n<li><strong>Tho\u1ea3i m\u00e1i.<\/strong><i><strong>\u00a0<\/strong><\/i>\u00a0G\u1eady d\u00e0i h\u01a1n gi\u00fap b\u1ea1n d\u1ec5 d\u00e0ng ra v\u00e0o gh\u1ebf, ph\u1ea7n l\u01b0ng gh\u1ebf cao gi\u00fap n\u00e2ng \u0111\u1ee1 c\u1ed5 v\u00e0 vai t\u1ed1t h\u01a1n.<\/li>\n<li><strong>Di \u0111\u1ed9ng.\u00a0<\/strong>\u00a0Khung nh\u1ecf g\u1ecdn, c\u00f3 th\u1ec3 thu g\u1ecdn. \u0110\u00f3ng g\u00f3i trong h\u1ed9p \u0111\u1ef1ng c\u00f3 kh\u00f3a k\u00e9o 50cm x 13cm x 12cm c\u00f3 d\u00e2y \u0111ai MOLLE \u1edf ph\u00eda d\u01b0\u1edbi.<\/li>\n<li><strong>Nh\u1eb9 nh\u01b0ng ch\u1eafc ch\u1eafn.<\/strong><i>\u00a0<\/i>\u00a0N\u1eb7ng 1,6kg khi \u0111\u00f3ng g\u00f3i v\u00e0 c\u00f3 th\u1ec3 ch\u1ecbu \u0111\u01b0\u1ee3c tr\u1ecdng l\u01b0\u1ee3ng l\u00ean t\u1edbi 145kg khi l\u1eafp r\u00e1p.<\/li>\n<li><strong>K\u1ef9 thu\u1eadt ti\u00ean ti\u1ebfn.<\/strong><i>\u00a0<\/i>\u00a0Khung m\u00e0u \u0111en k\u1ebft h\u1ee3p s\u1ee9c m\u1ea1nh v\u1edbi \u0111\u1ed9 b\u1ec1n b\u1eb1ng c\u00e1ch s\u1eed d\u1ee5ng h\u1ee3p kim nh\u00f4m DAC anodised xanh v\u00e0 tr\u1ee5c nh\u1ef1a nylon \u0111\u1ed9c quy\u1ec1n.<\/li>\n<li><strong>D\u1ec5 d\u00e0ng l\u1eafp \u0111\u1eb7t.<\/strong><i>\u00a0<\/i>\u00a0C\u1ed9t c\u00f3 d\u00e2y ch\u1ed1ng s\u1ed1c gi\u00fap c\u1ed1 \u0111\u1ecbnh khung v\u00e0o \u0111\u00fang v\u1ecb tr\u00ed.<\/li>\n<li><strong>\u0110\u01b0\u1ee3c thi\u1ebft k\u1ebf \u0111\u1ec3 s\u1eed d\u1ee5ng nghi\u00eam t\u00fac.\u00a0<\/strong>\u00a0V\u1ea3i polyester 600D t\u00e1i ch\u1ebf v\u00e0 \u0111\u01b0\u1ee3c ch\u1ee9ng nh\u1eadn bluesign\u00ae \u0111\u1ee7 b\u1ec1n \u0111\u1ec3 \u0111\u00e1p \u1ee9ng nh\u1eefng cu\u1ed9c phi\u00eau l\u01b0u kh\u00f3 kh\u0103n nh\u1ea5t c\u1ee7a b\u1ea1n.<\/li>\n<\/ul>\n","protected":false},"featured_media":10062,"comment_status":"open","ping_status":"closed","template":"","meta":[],"product_cat":[161],"product_tag":[],"class_list":{"0":"post-10058","1":"product","2":"type-product","3":"status-publish","4":"has-post-thumbnail","6":"product_brand-helinox","7":"product_cat-do-outdoor-camping","9":"first","10":"instock","11":"shipping-taxable","12":"purchasable","13":"product-type-simple","14":"col-xs-6 col-sm-4","15":"col-md-3 col-lg-3","16":"un-4-cols"},"_links":{"self":[{"href":"https:\/\/hibucenter.com\/index.php\/wp-json\/wp\/v2\/product\/10058","targetHints":{"allow":["GET"]}}],"collection":[{"href":"https:\/\/hibucenter.com\/index.php\/wp-json\/wp\/v2\/product"}],"about":[{"href":"https:\/\/hibucenter.com\/index.php\/wp-json\/wp\/v2\/types\/product"}],"replies":[{"embeddable":true,"href":"https:\/\/hibucenter.com\/index.php\/wp-json\/wp\/v2\/comments?post=10058"}],"version-history":[{"count":2,"href":"https:\/\/hibucenter.com\/index.php\/wp-json\/wp\/v2\/product\/10058\/revisions"}],"predecessor-version":[{"id":10064,"href":"https:\/\/hibucenter.com\/index.php\/wp-json\/wp\/v2\/product\/10058\/revisions\/10064"}],"wp:featuredmedia":[{"embeddable":true,"href":"https:\/\/hibucenter.com\/index.php\/wp-json\/wp\/v2\/media\/10062"}],"wp:attachment":[{"href":"https:\/\/hibucenter.com\/index.php\/wp-json\/wp\/v2\/media?parent=10058"}],"wp:term":[{"taxonomy":"product_cat","embeddable":true,"href":"https:\/\/hibucenter.com\/index.php\/wp-json\/wp\/v2\/product_cat?post=10058"},{"taxonomy":"product_tag","embeddable":true,"href":"https:\/\/hibucenter.com\/index.php\/wp-json\/wp\/v2\/product_tag?post=10058"}],"curies":[{"name":"wp","href":"https:\/\/api.w.org\/{rel}","templated":true}]}}